{"id":10908,"date":"2026-04-14T00:46:15","date_gmt":"2026-04-14T00:46:15","guid":{"rendered":"https:\/\/vitashop.info\/ro\/produs\/qprotect-90-tablete-antioxidant-cu-ginkgo-biloba\/"},"modified":"2026-04-14T00:48:10","modified_gmt":"2026-04-14T00:48:10","slug":"qprotect-90-tablete-antioxidant-cu-ginkgo-biloba","status":"publish","type":"product","link":"https:\/\/vitashop.info\/ro\/produs\/qprotect-90-tablete-antioxidant-cu-ginkgo-biloba\/","title":{"rendered":"qProtect 90 tablete &#8211; Antioxidant cu ginkgo biloba"},"content":{"rendered":"<p>Dozare: 1-3 tablete zilnic<\/p>\n<p>&nbsp;<\/p>\n<p>Descriere:<\/p>\n<p style=\"text-align: justify\">Extractul din ginkgo biloba din produsul qProtect are un <strong>puternic efect antioxidant<\/strong> \u015fi <strong>ac\u0163ioneaz\u0103 bene\ufb01c asupra pere\u0163ilor vasculari<\/strong>, &icirc;mbun\u0103\u0163ind circula\u0163ia s&acirc;ngelui, &icirc;n special la nivelul vaselor mici. Al\u0103turi de cei patru antioxidan\u0163i extrem de eficien\u0163i (vitamina C, beta caroten, vitamina E \u015fi seleniu),&nbsp; qProtect asigur\u0103 celulelor aportul necesar de oxigen \u015fi nutrien\u0163i.<\/p>\n<p>&nbsp;<\/p>\n<p>Pe cine recomandam:<\/p>\n<ul style=\"list-style-type: disc\">&#013;<\/p>\n<li style=\"text-align: justify\">&Icirc;mbun\u0103t\u0103\u0163e\u015fte activitatea cerebral\u0103 \u015fi ajut\u0103 la cre\u015fterea randamentului intelectual<\/li>\n<p>&#013;<\/p>\n<li style=\"text-align: justify\">Are efecte benefice asupra st\u0103rii generale de spirit<\/li>\n<p>&#013;<\/p>\n<li style=\"text-align: justify\">&Icirc;mbun\u0103t\u0103\u021be\u0219te circula\u021bia \u015fi ofer\u0103 protec\u0163ie pentru sistemul cardiovascular<\/li>\n<p>&#013;<\/p>\n<li style=\"text-align: justify\">Amelioreaz\u0103 senza\u021bia de m&acirc;ini \u0219i picioare reci<\/li>\n<p>&#013;<\/p>\n<li style=\"text-align: justify\">Are efect antiinflamator datorit\u0103 antioxidan\u0163ilor din compozi\u0163ia sa<\/li>\n<p>&#013;<\/p>\n<li style=\"text-align: justify\">&Icirc;mbun\u0103t\u0103\u0163e\u015fte microcircula\u0163ia la nivelul urechii, pentru ameliorarea simptomelor cauzate de tinitus (\u0163iuitul urechilor)<\/li>\n<p>&#013;\n<\/ul>\n<p>&#013;<\/p>\n<p>&nbsp;<\/p>\n<p>&#013;<\/p>\n<p>&nbsp;<\/p>\n<p>&nbsp;<\/p>\n<p>Ingrediente:<\/p>\n<p>Vitamina C 60 mg<\/p>\n<p>Frunze de Ginkgo Biloba 50 mg<\/p>\n<p>Beta-caroten 3000 UI<\/p>\n<p>Vitamina E 10 UI<\/p>\n<p>Seleniu<br \/>(seleniumetionin\u0103) 20 mcg<\/p>\n<p>&nbsp;<\/p>\n<p>De ce s\u0103 alege\u021bi produsele Calivita:<\/p>\n<ul>\n<li>Background profesional deosebit &#8211; Calivita \u00ee\u0163i ofer\u0103 o gam\u0103 de produse care satisface cele mai stricte condi\u0163ii de calitate, de mai mult de 30 de ani.<\/li>\n<li>Materiale prime naturale ce provin din surse de cea mai \u00eenalt\u0103 calitate.\u00a0Utiliz\u0103m formule cu o absorb\u0163ie deosebit\u0103, de exemplu substan\u0163e sub form\u0103 organic\u0103.<\/li>\n<li>Oferim 100% garan\u0163ia calit\u0103\u0163ii pentru toate produsele noastre.<\/li>\n<li>Produsele sunt fabricate \u00een conformitate cu standardele cGMP (Current Good Manufacturing Practice), fiind supuse unor controale continue \u015fi unor proceduri de examinare regulate de c\u0103tre FDA (Food and Drug Administration). Toate produsele noastre au avizul Ministerului S\u0103n\u0103t\u0103\u0163ii.<\/li>\n<\/ul>\n","protected":false},"excerpt":{"rendered":"<p>Quantity in stock: 216 <\/p>\n","protected":false},"featured_media":12330,"comment_status":"closed","ping_status":"open","template":"","meta":[],"product_brand":[],"product_cat":[429],"product_tag":[],"class_list":{"0":"post-10908","1":"product","2":"type-product","3":"status-publish","4":"has-post-thumbnail","6":"product_cat-suplimente-naturale","8":"first","9":"instock","10":"product-type-external"},"_links":{"self":[{"href":"https:\/\/vitashop.info\/ro\/wp-json\/wp\/v2\/product\/10908","targetHints":{"allow":["GET"]}}],"collection":[{"href":"https:\/\/vitashop.info\/ro\/wp-json\/wp\/v2\/product"}],"about":[{"href":"https:\/\/vitashop.info\/ro\/wp-json\/wp\/v2\/types\/product"}],"replies":[{"embeddable":true,"href":"https:\/\/vitashop.info\/ro\/wp-json\/wp\/v2\/comments?post=10908"}],"wp:featuredmedia":[{"embeddable":true,"href":"https:\/\/vitashop.info\/ro\/wp-json\/wp\/v2\/media\/12330"}],"wp:attachment":[{"href":"https:\/\/vitashop.info\/ro\/wp-json\/wp\/v2\/media?parent=10908"}],"wp:term":[{"taxonomy":"product_brand","embeddable":true,"href":"https:\/\/vitashop.info\/ro\/wp-json\/wp\/v2\/product_brand?post=10908"},{"taxonomy":"product_cat","embeddable":true,"href":"https:\/\/vitashop.info\/ro\/wp-json\/wp\/v2\/product_cat?post=10908"},{"taxonomy":"product_tag","embeddable":true,"href":"https:\/\/vitashop.info\/ro\/wp-json\/wp\/v2\/product_tag?post=10908"}],"curies":[{"name":"wp","href":"https:\/\/api.w.org\/{rel}","templated":true}]}}