{"id":10907,"date":"2026-04-14T00:46:14","date_gmt":"2026-04-14T00:46:14","guid":{"rendered":"https:\/\/vitashop.info\/ro\/produs\/pure-yucca-100-capsule-concentrat-natural-de-yucca\/"},"modified":"2026-04-14T00:48:08","modified_gmt":"2026-04-14T00:48:08","slug":"pure-yucca-100-capsule-concentrat-natural-de-yucca","status":"publish","type":"product","link":"https:\/\/vitashop.info\/ro\/produs\/pure-yucca-100-capsule-concentrat-natural-de-yucca\/","title":{"rendered":"Pure Yucca 100 capsule &#8211; concentrat natural de yucca"},"content":{"rendered":"<p>Dozare: De trei ori pe zi, se iau c\u00e2te 2\u20133 capsule, cu un pahar mare cu ap\u0103.<\/p>\n<p>&nbsp;<\/p>\n<p>Descriere:<\/p>\n<p style=\"text-align: justify\">Produsul Pure Yucca este o surs\u0103 excelent\u0103 de saponine &#8211; ingrediente active naturale asem\u0103n\u0103toare steroizilor &#8211; cu efect diuretic, antiinflamator, antispasmodic \u015fi antioxidant. Extractul de Yucca con\u0163ine enzime digestive, clorofil\u0103, antioxidan\u0163i, vitamine, minerale \u015fi alte ingrediente active valoroase, cu rol &icirc;n sus\u0163inerea proceselor digestive \u015fi st\u0103rii de bine generale.<\/p>\n<p>&nbsp;<\/p>\n<p>Pe cine recomandam:<\/p>\n<ul style=\"list-style-type: disc\">&#013;<\/p>\n<li style=\"text-align: justify\">Este un detoxifiant natural pentru organism, favoriz&acirc;nd eliminarea toxinelor prin diurez\u0103<\/li>\n<p>&#013;<\/p>\n<li style=\"text-align: justify\">Sus\u0163ine procesele metabolice \u015fi pe cele digestive asigur&acirc;nd o absorb\u0163ie optim\u0103 a nutrien\u0163ilor<\/li>\n<p>&#013;<\/p>\n<li style=\"text-align: justify\">Restabile\u015fte echilibrul florei intestinale, &icirc;n special &icirc;n urma unui tratament cu antibiotice<\/li>\n<p>&#013;<\/p>\n<li style=\"text-align: justify\">Asigur\u0103 remineralizarea organismului<\/li>\n<p>&#013;<\/p>\n<li style=\"text-align: justify\">Men\u0163ine colesterolul &icirc;n limite normale<\/li>\n<p>&#013;\n<\/ul>\n<p>&nbsp;<\/p>\n<p>Ingrediente:<\/p>\n<p>Pulbere din tulpin\u0103 de Yucca schidigera 500 mg<\/p>\n<p>&nbsp;<\/p>\n<p>De ce s\u0103 alege\u021bi produsele Calivita:<\/p>\n<ul>\n<li>Background profesional deosebit &#8211; Calivita \u00ee\u0163i ofer\u0103 o gam\u0103 de produse care satisface cele mai stricte condi\u0163ii de calitate, de mai mult de 30 de ani.<\/li>\n<li>Materiale prime naturale ce provin din surse de cea mai \u00eenalt\u0103 calitate.\u00a0Utiliz\u0103m formule cu o absorb\u0163ie deosebit\u0103, de exemplu substan\u0163e sub form\u0103 organic\u0103.<\/li>\n<li>Oferim 100% garan\u0163ia calit\u0103\u0163ii pentru toate produsele noastre.<\/li>\n<li>Produsele sunt fabricate \u00een conformitate cu standardele cGMP (Current Good Manufacturing Practice), fiind supuse unor controale continue \u015fi unor proceduri de examinare regulate de c\u0103tre FDA (Food and Drug Administration). Toate produsele noastre au avizul Ministerului S\u0103n\u0103t\u0103\u0163ii.<\/li>\n<\/ul>\n","protected":false},"excerpt":{"rendered":"<p>Quantity in stock: 169 <\/p>\n","protected":false},"featured_media":12300,"comment_status":"closed","ping_status":"open","template":"","meta":[],"product_brand":[],"product_cat":[429],"product_tag":[],"class_list":{"0":"post-10907","1":"product","2":"type-product","3":"status-publish","4":"has-post-thumbnail","6":"product_cat-suplimente-naturale","8":"first","9":"instock","10":"product-type-external"},"_links":{"self":[{"href":"https:\/\/vitashop.info\/ro\/wp-json\/wp\/v2\/product\/10907","targetHints":{"allow":["GET"]}}],"collection":[{"href":"https:\/\/vitashop.info\/ro\/wp-json\/wp\/v2\/product"}],"about":[{"href":"https:\/\/vitashop.info\/ro\/wp-json\/wp\/v2\/types\/product"}],"replies":[{"embeddable":true,"href":"https:\/\/vitashop.info\/ro\/wp-json\/wp\/v2\/comments?post=10907"}],"wp:featuredmedia":[{"embeddable":true,"href":"https:\/\/vitashop.info\/ro\/wp-json\/wp\/v2\/media\/12300"}],"wp:attachment":[{"href":"https:\/\/vitashop.info\/ro\/wp-json\/wp\/v2\/media?parent=10907"}],"wp:term":[{"taxonomy":"product_brand","embeddable":true,"href":"https:\/\/vitashop.info\/ro\/wp-json\/wp\/v2\/product_brand?post=10907"},{"taxonomy":"product_cat","embeddable":true,"href":"https:\/\/vitashop.info\/ro\/wp-json\/wp\/v2\/product_cat?post=10907"},{"taxonomy":"product_tag","embeddable":true,"href":"https:\/\/vitashop.info\/ro\/wp-json\/wp\/v2\/product_tag?post=10907"}],"curies":[{"name":"wp","href":"https:\/\/api.w.org\/{rel}","templated":true}]}}