{"id":10906,"date":"2026-04-14T00:46:14","date_gmt":"2026-04-14T00:46:14","guid":{"rendered":"https:\/\/vitashop.info\/ro\/produs\/pure-inulin-198-5-g-fibre-naturale-100\/"},"modified":"2026-04-14T00:48:07","modified_gmt":"2026-04-14T00:48:07","slug":"pure-inulin-198-5-g-fibre-naturale-100","status":"publish","type":"product","link":"https:\/\/vitashop.info\/ro\/produs\/pure-inulin-198-5-g-fibre-naturale-100\/","title":{"rendered":"Pure Inulin 198.5 g &#8211; Fibre Naturale 100%"},"content":{"rendered":"<p>Dozare: Amestec\u0103 o linguri\u0163\u0103 de pulbere (5g) \u00een m\u00e2ncare sau b\u0103utur\u0103, de p\u00e2n\u0103 la trei ori pe zi.<\/p>\n<p>&nbsp;<\/p>\n<p>Descriere:<\/p>\n<div style=\"text-align: justify\">&#013;<\/p>\n<p>Pure Inulin con\u0163ine pudr\u0103 de inulin\u0103 100% pur\u0103, extras\u0103 din cicoare, care sprijin\u0103 func\u0163ionarea s\u0103n\u0103toas\u0103 a sistemului digestiv \u015fi a tractului gastrointestinal. Datorit\u0103 con\u0163inutului ridicat de fibre hidrosolubile, pudra de inulin\u0103 faciliteaz\u0103 multiplicarea bacteriilor benefice din colon, inhib&acirc;nd dezvoltarea bacteriilor &bdquo;rele&rdquo;. Fiind sub form\u0103 de pudr\u0103, produsul poate fi u\u015for ad\u0103ugat peste orice tip de m&acirc;ncare sau chiar amestecat cu b\u0103utura preferat\u0103, amelior&acirc;nd senza\u0163ia de balonare, spasmele abdominale sau constipa\u0163ia.<\/p>\n<p>&#013;\n<\/p><\/div>\n<p>&nbsp;<\/p>\n<p>Pe cine recomandam:<\/p>\n<ul style=\"list-style-type: disc\">&#013;<\/p>\n<li style=\"text-align: justify\">Asigur\u0103 suport intestinal prebiotic pentru refacerea florei intestinale \u015fi stimuleaz\u0103 cre\u0219terea bacteriilor benefice<\/li>\n<p>&#013;<\/p>\n<li style=\"text-align: justify\">&Icirc;mbun\u0103t\u0103\u021be\u015fte s\u0103n\u0103tatea digestiv\u0103 \u015fi normalizeaz\u0103 tranzitul intestinal<\/li>\n<p>&#013;<\/p>\n<li style=\"text-align: justify\">Datorit\u0103 con\u0163inutului mare de fibre asigur\u0103 o senza\u0163ie de sa\u0163ietate de lung\u0103 durat\u0103<\/li>\n<p>&#013;<\/p>\n<li style=\"text-align: justify\">Sprijin\u0103 pierderea kilogramelor &icirc;n plus \u015fi eliminarea surplusului de ap\u0103<\/li>\n<p>&#013;<\/p>\n<li style=\"text-align: justify\">Men\u021bine &icirc;n limite normale nivelul glicemiei din s&acirc;nge<\/li>\n<p>&#013;\n<\/ul>\n<p>&nbsp;<\/p>\n<p>Ingrediente:<\/p>\n<p>Pulbere de inulin\u0103 5.8 g<\/p>\n<p>&nbsp;<\/p>\n<p>De ce s\u0103 alege\u021bi produsele Calivita:<\/p>\n<ul>\n<li>Background profesional deosebit &#8211; Calivita \u00ee\u0163i ofer\u0103 o gam\u0103 de produse care satisface cele mai stricte condi\u0163ii de calitate, de mai mult de 30 de ani.<\/li>\n<li>Materiale prime naturale ce provin din surse de cea mai \u00eenalt\u0103 calitate.\u00a0Utiliz\u0103m formule cu o absorb\u0163ie deosebit\u0103, de exemplu substan\u0163e sub form\u0103 organic\u0103.<\/li>\n<li>Oferim 100% garan\u0163ia calit\u0103\u0163ii pentru toate produsele noastre.<\/li>\n<li>Produsele sunt fabricate \u00een conformitate cu standardele cGMP (Current Good Manufacturing Practice), fiind supuse unor controale continue \u015fi unor proceduri de examinare regulate de c\u0103tre FDA (Food and Drug Administration). Toate produsele noastre au avizul Ministerului S\u0103n\u0103t\u0103\u0163ii.<\/li>\n<\/ul>\n","protected":false},"excerpt":{"rendered":"<p>Quantity in stock: 58 <\/p>\n","protected":false},"featured_media":12299,"comment_status":"closed","ping_status":"open","template":"","meta":[],"product_brand":[],"product_cat":[429],"product_tag":[],"class_list":{"0":"post-10906","1":"product","2":"type-product","3":"status-publish","4":"has-post-thumbnail","6":"product_cat-suplimente-naturale","8":"first","9":"instock","10":"product-type-external"},"_links":{"self":[{"href":"https:\/\/vitashop.info\/ro\/wp-json\/wp\/v2\/product\/10906","targetHints":{"allow":["GET"]}}],"collection":[{"href":"https:\/\/vitashop.info\/ro\/wp-json\/wp\/v2\/product"}],"about":[{"href":"https:\/\/vitashop.info\/ro\/wp-json\/wp\/v2\/types\/product"}],"replies":[{"embeddable":true,"href":"https:\/\/vitashop.info\/ro\/wp-json\/wp\/v2\/comments?post=10906"}],"wp:featuredmedia":[{"embeddable":true,"href":"https:\/\/vitashop.info\/ro\/wp-json\/wp\/v2\/media\/12299"}],"wp:attachment":[{"href":"https:\/\/vitashop.info\/ro\/wp-json\/wp\/v2\/media?parent=10906"}],"wp:term":[{"taxonomy":"product_brand","embeddable":true,"href":"https:\/\/vitashop.info\/ro\/wp-json\/wp\/v2\/product_brand?post=10906"},{"taxonomy":"product_cat","embeddable":true,"href":"https:\/\/vitashop.info\/ro\/wp-json\/wp\/v2\/product_cat?post=10906"},{"taxonomy":"product_tag","embeddable":true,"href":"https:\/\/vitashop.info\/ro\/wp-json\/wp\/v2\/product_tag?post=10906"}],"curies":[{"name":"wp","href":"https:\/\/api.w.org\/{rel}","templated":true}]}}