{"id":10905,"date":"2026-04-14T00:46:14","date_gmt":"2026-04-14T00:46:14","guid":{"rendered":"https:\/\/vitashop.info\/ro\/produs\/probiobalance-60-tablete-masticabile-pro-si-prebiotice\/"},"modified":"2026-04-14T00:48:07","modified_gmt":"2026-04-14T00:48:07","slug":"probiobalance-60-tablete-masticabile-pro-si-prebiotice","status":"publish","type":"product","link":"https:\/\/vitashop.info\/ro\/produs\/probiobalance-60-tablete-masticabile-pro-si-prebiotice\/","title":{"rendered":"ProbioBalance 60 tablete masticabile &#8211; Pro \u015fi prebiotice"},"content":{"rendered":"<p>Dozare: 1 tablet\u0103 zilnic<\/p>\n<p>&nbsp;<\/p>\n<p>Descriere:<\/p>\n<div style=\"text-align: justify\">&#013;<\/p>\n<p>ProbioBalance con\u0163ine <strong>4 miliarde UFC<\/strong> (unit\u0103\u0163i formatoare de colonii) de <strong>probiotice<\/strong> &icirc;n fiecare <strong>tablet\u0103 masticabil\u0103<\/strong>, sprijin&acirc;nd astfel<strong> restabilirea echilibrului benefic \u0219i natural al florei intestinale<\/strong> at&acirc;t &icirc;n cazul adul\u0163ilor, c&acirc;t \u015fi &icirc;n cel al copiilor. Combina\u021bia special\u0103 de 3 tulpini probiotice (Lactobacillus rhamnosus, Bifidobacterium longum, Lactobacillus acidophilus) sprijin\u0103 activitatea tractului gastrointestinal \u015fi inhib\u0103 dezvoltarea bacteriilor &bdquo;rele&rdquo;.<\/p>\n<p>&#013;\n<\/p><\/div>\n<p>&nbsp;<\/p>\n<p>Pe cine recomandam:<\/p>\n<ul>&#013;<\/p>\n<li style=\"text-align: justify\">Restabile\u015fte echilibrul florei intestinale, afectat\u0103 &icirc;n caz de tratament cu antiobiotice, alimenta\u0163ie dezechilibrat\u0103, stres.<\/li>\n<p>&#013;<\/p>\n<li style=\"text-align: justify\">Amelioreaz\u0103 disconfortul abdominal (balonare, dureri abdominale, diaree, constipa\u0163ie)<\/li>\n<p>&#013;<\/p>\n<li style=\"text-align: justify\">Ajut\u0103 la fixarea \u015fi dezvoltarea probioticelor, datorit\u0103 prebioticelor prezente &icirc;n con\u0163inutul tabletelor<\/li>\n<p>&#013;<\/p>\n<li style=\"text-align: justify\">Contribuie la cre\u015fterea imunit\u0103\u0163ii organismului prin sus\u0163inerea procesului de proliferare a probioticelor<\/li>\n<p>&#013;\n<\/ul>\n<p>&nbsp;<\/p>\n<p>Ingrediente:<\/p>\n<p>Lactobacillus acidophilus 335 mg<\/p>\n<p>Bifidobacterium longum 17.87 mg<\/p>\n<p>Lactobacillus rhamnosus 6.7 mg<\/p>\n<p>Fructo-oligozaharide (FOS) 25 mg<\/p>\n<p>&nbsp;<\/p>\n<p>De ce s\u0103 alege\u021bi produsele Calivita:<\/p>\n<ul>\n<li>Background profesional deosebit &#8211; Calivita \u00ee\u0163i ofer\u0103 o gam\u0103 de produse care satisface cele mai stricte condi\u0163ii de calitate, de mai mult de 30 de ani.<\/li>\n<li>Materiale prime naturale ce provin din surse de cea mai \u00eenalt\u0103 calitate.\u00a0Utiliz\u0103m formule cu o absorb\u0163ie deosebit\u0103, de exemplu substan\u0163e sub form\u0103 organic\u0103.<\/li>\n<li>Oferim 100% garan\u0163ia calit\u0103\u0163ii pentru toate produsele noastre.<\/li>\n<li>Produsele sunt fabricate \u00een conformitate cu standardele cGMP (Current Good Manufacturing Practice), fiind supuse unor controale continue \u015fi unor proceduri de examinare regulate de c\u0103tre FDA (Food and Drug Administration). Toate produsele noastre au avizul Ministerului S\u0103n\u0103t\u0103\u0163ii.<\/li>\n<\/ul>\n","protected":false},"excerpt":{"rendered":"<p>Quantity in stock: 100 <\/p>\n","protected":false},"featured_media":12392,"comment_status":"closed","ping_status":"open","template":"","meta":[],"product_brand":[],"product_cat":[429],"product_tag":[],"class_list":{"0":"post-10905","1":"product","2":"type-product","3":"status-publish","4":"has-post-thumbnail","6":"product_cat-suplimente-naturale","8":"first","9":"instock","10":"product-type-external"},"_links":{"self":[{"href":"https:\/\/vitashop.info\/ro\/wp-json\/wp\/v2\/product\/10905","targetHints":{"allow":["GET"]}}],"collection":[{"href":"https:\/\/vitashop.info\/ro\/wp-json\/wp\/v2\/product"}],"about":[{"href":"https:\/\/vitashop.info\/ro\/wp-json\/wp\/v2\/types\/product"}],"replies":[{"embeddable":true,"href":"https:\/\/vitashop.info\/ro\/wp-json\/wp\/v2\/comments?post=10905"}],"wp:featuredmedia":[{"embeddable":true,"href":"https:\/\/vitashop.info\/ro\/wp-json\/wp\/v2\/media\/12392"}],"wp:attachment":[{"href":"https:\/\/vitashop.info\/ro\/wp-json\/wp\/v2\/media?parent=10905"}],"wp:term":[{"taxonomy":"product_brand","embeddable":true,"href":"https:\/\/vitashop.info\/ro\/wp-json\/wp\/v2\/product_brand?post=10905"},{"taxonomy":"product_cat","embeddable":true,"href":"https:\/\/vitashop.info\/ro\/wp-json\/wp\/v2\/product_cat?post=10905"},{"taxonomy":"product_tag","embeddable":true,"href":"https:\/\/vitashop.info\/ro\/wp-json\/wp\/v2\/product_tag?post=10905"}],"curies":[{"name":"wp","href":"https:\/\/api.w.org\/{rel}","templated":true}]}}