{"id":10904,"date":"2026-04-14T00:46:14","date_gmt":"2026-04-14T00:46:14","guid":{"rendered":"https:\/\/vitashop.info\/ro\/produs\/pro-stp-60-caps-protectia-prostatei\/"},"modified":"2026-04-14T00:48:07","modified_gmt":"2026-04-14T00:48:07","slug":"pro-stp-60-caps-protectia-prostatei","status":"publish","type":"product","link":"https:\/\/vitashop.info\/ro\/produs\/pro-stp-60-caps-protectia-prostatei\/","title":{"rendered":"Pro-STP 60 caps &#8211; Protec\u0163ia prostatei"},"content":{"rendered":"<p>Dozare: 1 capsul\u0103 zilnic<\/p>\n<p>&nbsp;<\/p>\n<p>Descriere:<\/p>\n<p style=\"text-align: justify\">Pro-STP este un produs natural cu extract de urzic\u0103 \u015fi Saw Palmetto, care prin efectul antiinflamator \u015fi diuretic poate <strong>reduce simptomele cauzate de l\u0103rgirea \u015fi inflamarea prostatei<\/strong>. Zincul \u015fi seleniul din compozi\u0163ia produsului contribuie&nbsp;la <strong>func\u0163ionarea adecvat\u0103 a organelor genitale masculine<\/strong>. Pro-STP ofer\u0103 <strong>suport &icirc;ntregului aparat reproduc\u0103tor masculin.<\/strong><\/p>\n<p>&nbsp;<\/p>\n<p>Pe cine recomandam:<\/p>\n<ul style=\"list-style-type: disc\">&#013;<\/p>\n<li style=\"text-align: justify\">Amelioreaz\u0103 simptomele dureroase cauzate de inflamarea prostatei: urin\u0103ri frecvente \u015fi dificile, senza\u0163ie de arsur\u0103, disconfort<\/li>\n<p>&#013;<\/p>\n<li style=\"text-align: justify\">Contribuie la men\u021binerea s\u0103n\u0103t\u0103\u0163ii prostatei \u015fi tractului urinar<\/li>\n<p>&#013;<\/p>\n<li style=\"text-align: justify\">Contribuie la &icirc;mbun\u0103t\u0103\u0163irea calit\u0103\u0163ii vie\u0163ii sexuale<\/li>\n<p>&#013;\n<\/ul>\n<p>&nbsp;<\/p>\n<p>Ingrediente:<\/p>\n<p>Extract din fructe Saw Palmetto (std. 45% EFA &amp; steroli; 1:1) 300 mg<\/p>\n<p>Concentrat din frunze de urzic\u0103 150 mg<\/p>\n<p>Pulbere din semin\u0163e de in 150 mg<\/p>\n<p>Complex de fitosteroli (40%  -sitosterol) 100 mg<\/p>\n<p>Zinc 15 mg<\/p>\n<p>Licopen 2.5 mg<\/p>\n<p>Extract de piper negru 1 mg<\/p>\n<p>Seleniu 80 mcg<\/p>\n<p>&nbsp;<\/p>\n<p>De ce s\u0103 alege\u021bi produsele Calivita:<\/p>\n<ul>\n<li>Background profesional deosebit &#8211; Calivita \u00ee\u0163i ofer\u0103 o gam\u0103 de produse care satisface cele mai stricte condi\u0163ii de calitate, de mai mult de 30 de ani.<\/li>\n<li>Materiale prime naturale ce provin din surse de cea mai \u00eenalt\u0103 calitate.\u00a0Utiliz\u0103m formule cu o absorb\u0163ie deosebit\u0103, de exemplu substan\u0163e sub form\u0103 organic\u0103.<\/li>\n<li>Oferim 100% garan\u0163ia calit\u0103\u0163ii pentru toate produsele noastre.<\/li>\n<li>Produsele sunt fabricate \u00een conformitate cu standardele cGMP (Current Good Manufacturing Practice), fiind supuse unor controale continue \u015fi unor proceduri de examinare regulate de c\u0103tre FDA (Food and Drug Administration). Toate produsele noastre au avizul Ministerului S\u0103n\u0103t\u0103\u0163ii.<\/li>\n<\/ul>\n","protected":false},"excerpt":{"rendered":"<p>Quantity in stock: 42 <\/p>\n","protected":false},"featured_media":12298,"comment_status":"closed","ping_status":"open","template":"","meta":[],"product_brand":[],"product_cat":[429],"product_tag":[],"class_list":{"0":"post-10904","1":"product","2":"type-product","3":"status-publish","4":"has-post-thumbnail","6":"product_cat-suplimente-naturale","8":"first","9":"instock","10":"product-type-external"},"_links":{"self":[{"href":"https:\/\/vitashop.info\/ro\/wp-json\/wp\/v2\/product\/10904","targetHints":{"allow":["GET"]}}],"collection":[{"href":"https:\/\/vitashop.info\/ro\/wp-json\/wp\/v2\/product"}],"about":[{"href":"https:\/\/vitashop.info\/ro\/wp-json\/wp\/v2\/types\/product"}],"replies":[{"embeddable":true,"href":"https:\/\/vitashop.info\/ro\/wp-json\/wp\/v2\/comments?post=10904"}],"wp:featuredmedia":[{"embeddable":true,"href":"https:\/\/vitashop.info\/ro\/wp-json\/wp\/v2\/media\/12298"}],"wp:attachment":[{"href":"https:\/\/vitashop.info\/ro\/wp-json\/wp\/v2\/media?parent=10904"}],"wp:term":[{"taxonomy":"product_brand","embeddable":true,"href":"https:\/\/vitashop.info\/ro\/wp-json\/wp\/v2\/product_brand?post=10904"},{"taxonomy":"product_cat","embeddable":true,"href":"https:\/\/vitashop.info\/ro\/wp-json\/wp\/v2\/product_cat?post=10904"},{"taxonomy":"product_tag","embeddable":true,"href":"https:\/\/vitashop.info\/ro\/wp-json\/wp\/v2\/product_tag?post=10904"}],"curies":[{"name":"wp","href":"https:\/\/api.w.org\/{rel}","templated":true}]}}