{"id":10903,"date":"2026-04-14T00:46:14","date_gmt":"2026-04-14T00:46:14","guid":{"rendered":"https:\/\/vitashop.info\/ro\/produs\/pro-selenium-60-tablete-produs-cu-seleniu\/"},"modified":"2026-04-14T00:48:07","modified_gmt":"2026-04-14T00:48:07","slug":"pro-selenium-60-tablete-produs-cu-seleniu","status":"publish","type":"product","link":"https:\/\/vitashop.info\/ro\/produs\/pro-selenium-60-tablete-produs-cu-seleniu\/","title":{"rendered":"Pro Selenium 60 tablete &#8211; produs cu Seleniu"},"content":{"rendered":"<p>Dozare: 1 tablet\u0103 zilnic<\/p>\n<p>&nbsp;<\/p>\n<p>Descriere:<\/p>\n<p style=\"text-align: justify\">Seleniul este at&acirc;t un antioxidant puternic, c&acirc;t \u015fi un mineral esen\u0163ial implicat &icirc;n numeroase procese vitale din organism. Produsul Pro Selenium este o surs\u0103 optim\u0103 de seleniu, protejeaz\u0103 organismul de efectele radicalilor liberi \u015fi &icirc;ncetine\u015fte procesul de &icirc;mb\u0103tr&acirc;nire a \u0163esuturilor.<\/p>\n<p>&nbsp;<\/p>\n<p>Pe cine recomandam:<\/p>\n<ul style=\"list-style-type: disc\">&#013;<\/p>\n<li style=\"text-align: justify\">Contribuie la func\u021bionarea normal\u0103 a glandei tiroide, mai ales &icirc;n cazul persoanelor cu hipotiroidism.<\/li>\n<p>&#013;<\/p>\n<li style=\"text-align: justify\">Amelioreaz\u0103 simptomele fizice \u015fi emo\u0163ionale asociate menopauzei.<\/li>\n<p>&#013;<\/p>\n<li style=\"text-align: justify\">Sprijin\u0103 spermatogeneza.<\/li>\n<p>&#013;<\/p>\n<li style=\"text-align: justify\">Men\u0163ine un nivel normal al colesterolului, cu implica\u0163ii pozitive asupra s\u0103n\u0103t\u0103\u0163ii sistemului cardiovascular.<\/li>\n<p>&#013;<\/p>\n<li style=\"text-align: justify\">Asigur\u0103 o func\u021bionare normal\u0103 a sistemului imunitar.<\/li>\n<p>&#013;<\/p>\n<li style=\"text-align: justify\">Ofer\u0103 o protec\u0163ie antioxidant\u0103 puternic\u0103.<\/li>\n<p>&#013;<\/p>\n<li style=\"text-align: justify\">Este un antiiflamator puternic, fiind de un real ajutor &icirc;n cazul artritei.<\/li>\n<p>&#013;<\/p>\n<li style=\"text-align: justify\">Sus\u0163ine s\u0103n\u0103tatea pielii \u015fi contribuie la &icirc;nt\u0103rirea unghiilor.<\/li>\n<p>&#013;<\/p>\n<li style=\"text-align: justify\">&Icirc;mbun\u0103t\u0103\u0163e\u015fte aspectul p\u0103rului tern \u015fi uscat \u015fi fortific\u0103 structura acestuia.<\/li>\n<p>&#013;<\/p>\n<li style=\"text-align: justify\">Este recomandat \u015fi pentru persoanele cu un regim alimentar vegan.<\/li>\n<p>&#013;\n<\/ul>\n<p>&nbsp;<\/p>\n<p>Ingrediente:<\/p>\n<p>Seleniu (selenat de sodiu,  L-selenometionin\u0103) 50 mcg<\/p>\n<p>&nbsp;<\/p>\n<p>De ce s\u0103 alege\u021bi produsele Calivita:<\/p>\n<ul>\n<li>Background profesional deosebit &#8211; Calivita \u00ee\u0163i ofer\u0103 o gam\u0103 de produse care satisface cele mai stricte condi\u0163ii de calitate, de mai mult de 30 de ani.<\/li>\n<li>Materiale prime naturale ce provin din surse de cea mai \u00eenalt\u0103 calitate.\u00a0Utiliz\u0103m formule cu o absorb\u0163ie deosebit\u0103, de exemplu substan\u0163e sub form\u0103 organic\u0103.<\/li>\n<li>Oferim 100% garan\u0163ia calit\u0103\u0163ii pentru toate produsele noastre.<\/li>\n<li>Produsele sunt fabricate \u00een conformitate cu standardele cGMP (Current Good Manufacturing Practice), fiind supuse unor controale continue \u015fi unor proceduri de examinare regulate de c\u0103tre FDA (Food and Drug Administration). Toate produsele noastre au avizul Ministerului S\u0103n\u0103t\u0103\u0163ii.<\/li>\n<\/ul>\n","protected":false},"excerpt":{"rendered":"<p>Quantity in stock: 260 <\/p>\n","protected":false},"featured_media":12297,"comment_status":"closed","ping_status":"open","template":"","meta":[],"product_brand":[],"product_cat":[429],"product_tag":[],"class_list":{"0":"post-10903","1":"product","2":"type-product","3":"status-publish","4":"has-post-thumbnail","6":"product_cat-suplimente-naturale","8":"first","9":"instock","10":"product-type-external"},"_links":{"self":[{"href":"https:\/\/vitashop.info\/ro\/wp-json\/wp\/v2\/product\/10903","targetHints":{"allow":["GET"]}}],"collection":[{"href":"https:\/\/vitashop.info\/ro\/wp-json\/wp\/v2\/product"}],"about":[{"href":"https:\/\/vitashop.info\/ro\/wp-json\/wp\/v2\/types\/product"}],"replies":[{"embeddable":true,"href":"https:\/\/vitashop.info\/ro\/wp-json\/wp\/v2\/comments?post=10903"}],"wp:featuredmedia":[{"embeddable":true,"href":"https:\/\/vitashop.info\/ro\/wp-json\/wp\/v2\/media\/12297"}],"wp:attachment":[{"href":"https:\/\/vitashop.info\/ro\/wp-json\/wp\/v2\/media?parent=10903"}],"wp:term":[{"taxonomy":"product_brand","embeddable":true,"href":"https:\/\/vitashop.info\/ro\/wp-json\/wp\/v2\/product_brand?post=10903"},{"taxonomy":"product_cat","embeddable":true,"href":"https:\/\/vitashop.info\/ro\/wp-json\/wp\/v2\/product_cat?post=10903"},{"taxonomy":"product_tag","embeddable":true,"href":"https:\/\/vitashop.info\/ro\/wp-json\/wp\/v2\/product_tag?post=10903"}],"curies":[{"name":"wp","href":"https:\/\/api.w.org\/{rel}","templated":true}]}}