{"id":10902,"date":"2026-04-14T00:46:13","date_gmt":"2026-04-14T00:46:13","guid":{"rendered":"https:\/\/vitashop.info\/ro\/produs\/pre-steps-daily-60-ml-vitamine-lichide-pentru-cei-mici\/"},"modified":"2026-04-14T00:48:07","modified_gmt":"2026-04-14T00:48:07","slug":"pre-steps-daily-60-ml-vitamine-lichide-pentru-cei-mici","status":"publish","type":"product","link":"https:\/\/vitashop.info\/ro\/produs\/pre-steps-daily-60-ml-vitamine-lichide-pentru-cei-mici\/","title":{"rendered":"Pre Steps Daily 60 ml &#8211; Vitamine lichide pentru cei mici"},"content":{"rendered":"<p>Dozare: 1 ml zilnic \u00een timpul meselor<\/p>\n<p>&nbsp;<\/p>\n<p>Descriere:<\/p>\n<p>Pre Steps Daily este un produs complex cu multivitamine, special conceput pentru bebelu\u015fi \u015fi copii de v&acirc;rst\u0103 mic\u0103. Datorit\u0103 formulei sale lichide este u\u015for de administrat, are o arom\u0103 pl\u0103cut\u0103 de portocale \u015fi se absoarbe &icirc;n mod eficient.<\/p>\n<p>&nbsp;<\/p>\n<p>Pe cine recomandam:<\/p>\n<ul>&#013;<\/p>\n<li>&#013;\n<div id=\"_mcePaste\">Bebelu\u015filor \u015fi copiilor de v&acirc;rst\u0103 mic\u0103 pentru consumul zilnic, care le asigur\u0103 vitaminele necesare unei cre\u015fteri s\u0103n\u0103toase, precum \u015fi dezvolt\u0103rii fizice \u015fi psihice.<\/div>\n<p>&#013;<br \/>\nOfer\u0103 organismului celor mici vitaminele necesare unei cre\u015fteri s\u0103n\u0103toase \u015fi a unei dezvolt\u0103ri fizice \u015fi psihice normale.<\/li>\n<p>&#013;<\/p>\n<li>Contribuie la sinteza \u0219i metabolismul adecvat al vitaminei D, esen\u0163ial\u0103 &icirc;n dezvoltarea sistemului osos.<\/li>\n<p>&#013;<\/p>\n<li>Sus\u0163ine capacitatea de ap\u0103rare natural\u0103 a organismului.<\/li>\n<p>&#013;<\/p>\n<li>Ajut\u0103 organismul s\u0103 se recupereze mai repede &icirc;n urma gripei \u015fi r\u0103celii.<\/li>\n<p>&#013;<\/p>\n<li>Contribuie la cre\u015fterea poftei de m&acirc;ncare.&nbsp;<\/li>\n<p>&#013;\n<\/ul>\n<p>&nbsp;<\/p>\n<p>Ingrediente:<\/p>\n<p>Vitamina C 35 mg<\/p>\n<p>Vitamina B3 8 mg<\/p>\n<p>Vitamina E 2.9 mg<\/p>\n<p>Acid pantotenic 3 mg<\/p>\n<p>Vitamina B2 0.6 mg<\/p>\n<p>Vitamina B1 0.5 mg<\/p>\n<p>Vitamina B6 0.4 mg<\/p>\n<p>Vitamina A 400 mcg<\/p>\n<p>Vitamina B12 0.5 mcg<\/p>\n<p>&nbsp;<\/p>\n<p>De ce s\u0103 alege\u021bi produsele Calivita:<\/p>\n<ul>\n<li>Background profesional deosebit &#8211; Calivita \u00ee\u0163i ofer\u0103 o gam\u0103 de produse care satisface cele mai stricte condi\u0163ii de calitate, de mai mult de 30 de ani.<\/li>\n<li>Materiale prime naturale ce provin din surse de cea mai \u00eenalt\u0103 calitate.\u00a0Utiliz\u0103m formule cu o absorb\u0163ie deosebit\u0103, de exemplu substan\u0163e sub form\u0103 organic\u0103.<\/li>\n<li>Oferim 100% garan\u0163ia calit\u0103\u0163ii pentru toate produsele noastre.<\/li>\n<li>Produsele sunt fabricate \u00een conformitate cu standardele cGMP (Current Good Manufacturing Practice), fiind supuse unor controale continue \u015fi unor proceduri de examinare regulate de c\u0103tre FDA (Food and Drug Administration). Toate produsele noastre au avizul Ministerului S\u0103n\u0103t\u0103\u0163ii.<\/li>\n<\/ul>\n","protected":false},"excerpt":{"rendered":"<p>Quantity in stock: 144 <\/p>\n","protected":false},"featured_media":12296,"comment_status":"closed","ping_status":"open","template":"","meta":[],"product_brand":[],"product_cat":[429],"product_tag":[],"class_list":{"0":"post-10902","1":"product","2":"type-product","3":"status-publish","4":"has-post-thumbnail","6":"product_cat-suplimente-naturale","8":"first","9":"instock","10":"product-type-external"},"_links":{"self":[{"href":"https:\/\/vitashop.info\/ro\/wp-json\/wp\/v2\/product\/10902","targetHints":{"allow":["GET"]}}],"collection":[{"href":"https:\/\/vitashop.info\/ro\/wp-json\/wp\/v2\/product"}],"about":[{"href":"https:\/\/vitashop.info\/ro\/wp-json\/wp\/v2\/types\/product"}],"replies":[{"embeddable":true,"href":"https:\/\/vitashop.info\/ro\/wp-json\/wp\/v2\/comments?post=10902"}],"wp:featuredmedia":[{"embeddable":true,"href":"https:\/\/vitashop.info\/ro\/wp-json\/wp\/v2\/media\/12296"}],"wp:attachment":[{"href":"https:\/\/vitashop.info\/ro\/wp-json\/wp\/v2\/media?parent=10902"}],"wp:term":[{"taxonomy":"product_brand","embeddable":true,"href":"https:\/\/vitashop.info\/ro\/wp-json\/wp\/v2\/product_brand?post=10902"},{"taxonomy":"product_cat","embeddable":true,"href":"https:\/\/vitashop.info\/ro\/wp-json\/wp\/v2\/product_cat?post=10902"},{"taxonomy":"product_tag","embeddable":true,"href":"https:\/\/vitashop.info\/ro\/wp-json\/wp\/v2\/product_tag?post=10902"}],"curies":[{"name":"wp","href":"https:\/\/api.w.org\/{rel}","templated":true}]}}