{"id":10901,"date":"2026-04-14T00:46:13","date_gmt":"2026-04-14T00:46:13","guid":{"rendered":"https:\/\/vitashop.info\/ro\/produs\/power-mins-100-tablete-complex-de-minerale\/"},"modified":"2026-04-14T00:48:07","modified_gmt":"2026-04-14T00:48:07","slug":"power-mins-100-tablete-complex-de-minerale","status":"publish","type":"product","link":"https:\/\/vitashop.info\/ro\/produs\/power-mins-100-tablete-complex-de-minerale\/","title":{"rendered":"Power Mins 100 tablete &#8211; Complex de minerale"},"content":{"rendered":"<p>Dozare: 1-2 tablete zilnic<\/p>\n<p>&nbsp;<\/p>\n<p>Descriere:<\/p>\n<p style=\"text-align: justify\">Power Mins <strong>con\u0163ine 10 minerale esen\u0163iale<\/strong> pentru buna func\u0163ionare a proceselor din organismul nostru. Acestea ofer\u0103 suport nutri\u0163ional pentru <strong>func\u0163ionarea normal\u0103 a sistemului osos, a func\u0163iilor mu\u015fchilor<\/strong>, &icirc;mbun\u0103t\u0103\u0163ind metabolismul. Rezultatul este o formul\u0103 avansat\u0103 pentru men\u0163inerea s\u0103n\u0103t\u0103\u0163ii \u015fi a st\u0103rii de bine &icirc;n fiecare zi.<\/p>\n<p>&nbsp;<\/p>\n<p>Pe cine recomandam:<\/p>\n<ul>&#013;<\/p>\n<li style=\"text-align: justify\">Sus\u021bine procesul de producere a energiei<\/li>\n<p>&#013;<\/p>\n<li style=\"text-align: justify\">Contribuie la reducerea oboselii, a senza\u0163iei de epuizare \u015fi cre\u015fte puterea de concentrare<\/li>\n<p>&#013;<\/p>\n<li style=\"text-align: justify\">Cre\u015fte rezisten\u0163a organismului \u015fi &icirc;mbun\u0103t\u0103\u0163e\u015fte capacitatea de efort &icirc;n cazul sportivilor<\/li>\n<p>&#013;<\/p>\n<li style=\"text-align: justify\">Amelioreaz\u0103 crampele musculare, c&acirc;rceii \u015fi reduce acumularea de acid lactic responsabil de febra muscular\u0103.<\/li>\n<p>&#013;<\/p>\n<li style=\"text-align: justify\">&Icirc;nt\u0103re\u015fte structura osoas\u0103, &icirc;mbun\u0103t\u0103\u0163e\u015fte mobilitatea \u015fi protejeaz\u0103 articula\u0163iile solicitate, &icirc;n cazul unui stil de via\u0163\u0103 activ<\/li>\n<p>&#013;<\/p>\n<li style=\"text-align: justify\">Sus\u0163ine echilibrul electrolitic prin refacerea necesarului de minerale consumate &icirc;n timpul exerci\u0163iilor fizice<\/li>\n<p>&#013;<\/p>\n<li style=\"text-align: justify\">Contribuie la protejarea celulelor &icirc;mpotriva stresului oxidativ \u015fi la cre\u015fterea nivelui de oxigen din organism<\/li>\n<p>&#013;\n<\/ul>\n<p>&nbsp;<\/p>\n<p>Ingrediente:<\/p>\n<p>Calciu 250 mg<\/p>\n<p>Magneziu 150 mg<\/p>\n<p>Zinc 7.5 mg<\/p>\n<p>Mangan 4 mg<\/p>\n<p>Fier 4 mg<\/p>\n<p>Cupru 0.5 mg<\/p>\n<p>Molibden 125 mcg<\/p>\n<p>Iod 50 mcg<\/p>\n<p>Crom 50 mcg<\/p>\n<p>Seleniu 20 mcg<\/p>\n<p>&nbsp;<\/p>\n<p>De ce s\u0103 alege\u021bi produsele Calivita:<\/p>\n<ul>\n<li>Background profesional deosebit &#8211; Calivita \u00ee\u0163i ofer\u0103 o gam\u0103 de produse care satisface cele mai stricte condi\u0163ii de calitate, de mai mult de 30 de ani.<\/li>\n<li>Materiale prime naturale ce provin din surse de cea mai \u00eenalt\u0103 calitate.\u00a0Utiliz\u0103m formule cu o absorb\u0163ie deosebit\u0103, de exemplu substan\u0163e sub form\u0103 organic\u0103.<\/li>\n<li>Oferim 100% garan\u0163ia calit\u0103\u0163ii pentru toate produsele noastre.<\/li>\n<li>Produsele sunt fabricate \u00een conformitate cu standardele cGMP (Current Good Manufacturing Practice), fiind supuse unor controale continue \u015fi unor proceduri de examinare regulate de c\u0103tre FDA (Food and Drug Administration). Toate produsele noastre au avizul Ministerului S\u0103n\u0103t\u0103\u0163ii.<\/li>\n<\/ul>\n","protected":false},"excerpt":{"rendered":"<p>Quantity in stock: 80 <\/p>\n","protected":false},"featured_media":12295,"comment_status":"closed","ping_status":"open","template":"","meta":[],"product_brand":[],"product_cat":[429],"product_tag":[],"class_list":{"0":"post-10901","1":"product","2":"type-product","3":"status-publish","4":"has-post-thumbnail","6":"product_cat-suplimente-naturale","8":"first","9":"instock","10":"product-type-external"},"_links":{"self":[{"href":"https:\/\/vitashop.info\/ro\/wp-json\/wp\/v2\/product\/10901","targetHints":{"allow":["GET"]}}],"collection":[{"href":"https:\/\/vitashop.info\/ro\/wp-json\/wp\/v2\/product"}],"about":[{"href":"https:\/\/vitashop.info\/ro\/wp-json\/wp\/v2\/types\/product"}],"replies":[{"embeddable":true,"href":"https:\/\/vitashop.info\/ro\/wp-json\/wp\/v2\/comments?post=10901"}],"wp:featuredmedia":[{"embeddable":true,"href":"https:\/\/vitashop.info\/ro\/wp-json\/wp\/v2\/media\/12295"}],"wp:attachment":[{"href":"https:\/\/vitashop.info\/ro\/wp-json\/wp\/v2\/media?parent=10901"}],"wp:term":[{"taxonomy":"product_brand","embeddable":true,"href":"https:\/\/vitashop.info\/ro\/wp-json\/wp\/v2\/product_brand?post=10901"},{"taxonomy":"product_cat","embeddable":true,"href":"https:\/\/vitashop.info\/ro\/wp-json\/wp\/v2\/product_cat?post=10901"},{"taxonomy":"product_tag","embeddable":true,"href":"https:\/\/vitashop.info\/ro\/wp-json\/wp\/v2\/product_tag?post=10901"}],"curies":[{"name":"wp","href":"https:\/\/api.w.org\/{rel}","templated":true}]}}