{"id":10900,"date":"2026-04-14T00:46:13","date_gmt":"2026-04-14T00:46:13","guid":{"rendered":"https:\/\/vitashop.info\/ro\/produs\/power-booster-90-tablete-stimulant-natural-pentru-crestere\/"},"modified":"2026-04-14T00:48:07","modified_gmt":"2026-04-14T00:48:07","slug":"power-booster-90-tablete-stimulant-natural-pentru-crestere","status":"publish","type":"product","link":"https:\/\/vitashop.info\/ro\/produs\/power-booster-90-tablete-stimulant-natural-pentru-crestere\/","title":{"rendered":"Power Booster 90 tablete &#8211; Stimulant natural pentru cre\u015ftere"},"content":{"rendered":"<p>Dozare: 3 tablete de 2 ori pe zi, 3 tablete fiind administrate cu 1 or\u0103 \u00eenainte de culcare. Tabletele se administreaz\u0103 pe stomacul gol.<\/p>\n<p>&nbsp;<\/p>\n<p>Descriere:<\/p>\n<div style=\"text-align: justify\">&#013;<\/p>\n<p>Datorit\u0103 compozi\u0163iei sale naturale, produsul Power Booster stimuleaz\u0103 secre\u0163ia intern\u0103 a hormonilor de cre\u015ftere. Ace\u015ftia sunt responsabili de func\u0163ionarea sistemului nervos, stimularea proceselor de ardere a gr\u0103similor, asigurarea regener\u0103rii cartilajelor \u015fi a \u0163esutului conjunctiv \u015fi intensificarea sintezei proteice pentru cre\u015fterea masei musculare. Produsul Power Booster NU con\u0163ine hormoni sintetici.<\/p>\n<p>&#013;\n<\/p><\/div>\n<p>&nbsp;<\/p>\n<p>Pe cine recomandam:<\/p>\n<ul style=\"list-style-type: disc\">&#013;<\/p>\n<li>Accelereaz\u0103 procesul de sintez\u0103 proteic\u0103, cre\u015fterea masei musculare \u015fi &icirc;mpiedic\u0103 degradarea acesteia.<\/li>\n<p>&#013;<\/p>\n<li>Ajut\u0103 la arderea gr\u0103similor \u015fi la eliberarea de energie.<\/li>\n<p>&#013;<\/p>\n<li>Sprijin\u0103 rezisten\u0163a la stres, echilibreaz\u0103 starea de spirit \u015fi &icirc;mbun\u0103t\u0103\u0163este somnul.<\/li>\n<p>&#013;\n<\/ul>\n<p>&nbsp;<\/p>\n<p>Ingrediente:<\/p>\n<p>Piroglutamat de L-arginin\u0103 133.33 mg<\/p>\n<p>L-lizin\u0103 HCL 100 mg<\/p>\n<p>Extract de Vicia Faba Major 83.33 mg<\/p>\n<p>L-ornitin\u0103 HCL 66.66 mg<\/p>\n<p>Lecitin\u0103 (soia) 61 mg<\/p>\n<p>Vitamina C 40 mg<\/p>\n<p>L-glicin\u0103 16.66 mg<\/p>\n<p>Vitamina B6 2 mg<\/p>\n<p>Crom 4 mcg<\/p>\n<p>L-glutamin\u0103 100 mg<\/p>\n<p>Acid gama-aminobutiric 33.33 mg<\/p>\n<p>&nbsp;<\/p>\n<p>De ce s\u0103 alege\u021bi produsele Calivita:<\/p>\n<ul>\n<li>Background profesional deosebit &#8211; Calivita \u00ee\u0163i ofer\u0103 o gam\u0103 de produse care satisface cele mai stricte condi\u0163ii de calitate, de mai mult de 30 de ani.<\/li>\n<li>Materiale prime naturale ce provin din surse de cea mai \u00eenalt\u0103 calitate.\u00a0Utiliz\u0103m formule cu o absorb\u0163ie deosebit\u0103, de exemplu substan\u0163e sub form\u0103 organic\u0103.<\/li>\n<li>Oferim 100% garan\u0163ia calit\u0103\u0163ii pentru toate produsele noastre.<\/li>\n<li>Produsele sunt fabricate \u00een conformitate cu standardele cGMP (Current Good Manufacturing Practice), fiind supuse unor controale continue \u015fi unor proceduri de examinare regulate de c\u0103tre FDA (Food and Drug Administration). Toate produsele noastre au avizul Ministerului S\u0103n\u0103t\u0103\u0163ii.<\/li>\n<\/ul>\n","protected":false},"excerpt":{"rendered":"<p>Quantity in stock: 103 <\/p>\n","protected":false},"featured_media":12294,"comment_status":"closed","ping_status":"open","template":"","meta":[],"product_brand":[],"product_cat":[429],"product_tag":[],"class_list":{"0":"post-10900","1":"product","2":"type-product","3":"status-publish","4":"has-post-thumbnail","6":"product_cat-suplimente-naturale","8":"first","9":"instock","10":"product-type-external"},"_links":{"self":[{"href":"https:\/\/vitashop.info\/ro\/wp-json\/wp\/v2\/product\/10900","targetHints":{"allow":["GET"]}}],"collection":[{"href":"https:\/\/vitashop.info\/ro\/wp-json\/wp\/v2\/product"}],"about":[{"href":"https:\/\/vitashop.info\/ro\/wp-json\/wp\/v2\/types\/product"}],"replies":[{"embeddable":true,"href":"https:\/\/vitashop.info\/ro\/wp-json\/wp\/v2\/comments?post=10900"}],"wp:featuredmedia":[{"embeddable":true,"href":"https:\/\/vitashop.info\/ro\/wp-json\/wp\/v2\/media\/12294"}],"wp:attachment":[{"href":"https:\/\/vitashop.info\/ro\/wp-json\/wp\/v2\/media?parent=10900"}],"wp:term":[{"taxonomy":"product_brand","embeddable":true,"href":"https:\/\/vitashop.info\/ro\/wp-json\/wp\/v2\/product_brand?post=10900"},{"taxonomy":"product_cat","embeddable":true,"href":"https:\/\/vitashop.info\/ro\/wp-json\/wp\/v2\/product_cat?post=10900"},{"taxonomy":"product_tag","embeddable":true,"href":"https:\/\/vitashop.info\/ro\/wp-json\/wp\/v2\/product_tag?post=10900"}],"curies":[{"name":"wp","href":"https:\/\/api.w.org\/{rel}","templated":true}]}}