{"id":10898,"date":"2026-04-14T00:46:13","date_gmt":"2026-04-14T00:46:13","guid":{"rendered":"https:\/\/vitashop.info\/ro\/produs\/polinesian-noni-caps-90-capsule-preparat-pe-baza-de-fructe-noni\/"},"modified":"2026-04-14T00:48:15","modified_gmt":"2026-04-14T00:48:15","slug":"polinesian-noni-caps-90-capsule-preparat-pe-baza-de-fructe-noni","status":"publish","type":"product","link":"https:\/\/vitashop.info\/ro\/produs\/polinesian-noni-caps-90-capsule-preparat-pe-baza-de-fructe-noni\/","title":{"rendered":"Polinesian Noni Caps 90 capsule &#8211; Preparat pe baz\u0103 de fructe Noni"},"content":{"rendered":"<p>Dozare: 1 capsul\u0103 pe zi \u00eenainte de mese.<\/p>\n<p>&nbsp;<\/p>\n<p>Descriere:<\/p>\n<p style=\"text-align: justify\">Fructul de noni este o surs\u0103 valoroas\u0103 de antioxidan\u021bi, vitamina C, vitamina B3, vitamina A \u0219i fier, motiv pentru care stimuleaz\u0103 sistemul imunitar, ajut\u0103 la detoxifiere \u015fi reduce procesele inflamatoare din organism. Produsul Polinesian Noni Caps se bucur\u0103 de toate beneficiile pe care le aduce fructul de noni, &icirc;ntr-o cantitate de <strong>400 mg<\/strong> &icirc;n fiecare capsul\u0103.<\/p>\n<p>&nbsp;<\/p>\n<p>Pe cine recomandam:<\/p>\n<ul style=\"list-style-type: disc\">&#013;<\/p>\n<li style=\"text-align: justify\">Cre\u015fte capacitatea de adaptare a organismului la stresul cotidian<\/li>\n<p>&#013;<\/p>\n<li style=\"text-align: justify\">Cre\u0219te nivelul de energie \u0219i &icirc;mbun\u0103t\u0103\u021be\u015fte performan\u021ba fizic\u0103 general\u0103 a corpului<\/li>\n<p>&#013;<\/p>\n<li style=\"text-align: justify\">Este un excelent antiinflamator<\/li>\n<p>&#013;<\/p>\n<li style=\"text-align: justify\">Are propriet\u0103\u021bi antibacteriene \u015fi antivirale<\/li>\n<p>&#013;<\/p>\n<li style=\"text-align: justify\">&Icirc;mbun\u0103t\u0103\u0163e\u015fte rezisten\u0163a organismului \u015fi stimuleaz\u0103 mecanismul imunitar de ap\u0103rare al corpului<\/li>\n<p>&#013;<\/p>\n<li style=\"text-align: justify\">Datorit\u0103 efectului s\u0103u puternic antioxidant, contribuie la protejarea celulelor &icirc;mpotriva stresului oxidativ<\/li>\n<p>&#013;<\/p>\n<li style=\"text-align: justify\">Sus\u021bine s\u0103n\u0103tatea sistemului cardiovascular prin men\u021binerea tensiunii arteriale &icirc;n limite normale<\/li>\n<p>&#013;\n<\/ul>\n<p>&nbsp;<\/p>\n<p>Ingrediente:<\/p>\n<p>Noni (Morinda Citrifolia) 400 mg<\/p>\n<p>&nbsp;<\/p>\n<p>De ce s\u0103 alege\u021bi produsele Calivita:<\/p>\n<ul>\n<li>Background profesional deosebit &#8211; Calivita \u00ee\u0163i ofer\u0103 o gam\u0103 de produse care satisface cele mai stricte condi\u0163ii de calitate, de mai mult de 30 de ani.<\/li>\n<li>Materiale prime naturale ce provin din surse de cea mai \u00eenalt\u0103 calitate.\u00a0Utiliz\u0103m formule cu o absorb\u0163ie deosebit\u0103, de exemplu substan\u0163e sub form\u0103 organic\u0103.<\/li>\n<li>Oferim 100% garan\u0163ia calit\u0103\u0163ii pentru toate produsele noastre.<\/li>\n<li>Produsele sunt fabricate \u00een conformitate cu standardele cGMP (Current Good Manufacturing Practice), fiind supuse unor controale continue \u015fi unor proceduri de examinare regulate de c\u0103tre FDA (Food and Drug Administration). Toate produsele noastre au avizul Ministerului S\u0103n\u0103t\u0103\u0163ii.<\/li>\n<\/ul>\n","protected":false},"excerpt":{"rendered":"<p>Quantity in stock: 123 <\/p>\n","protected":false},"featured_media":11577,"comment_status":"closed","ping_status":"open","template":"","meta":[],"product_brand":[],"product_cat":[429],"product_tag":[],"class_list":{"0":"post-10898","1":"product","2":"type-product","3":"status-publish","4":"has-post-thumbnail","6":"product_cat-suplimente-naturale","8":"first","9":"instock","10":"product-type-external"},"_links":{"self":[{"href":"https:\/\/vitashop.info\/ro\/wp-json\/wp\/v2\/product\/10898","targetHints":{"allow":["GET"]}}],"collection":[{"href":"https:\/\/vitashop.info\/ro\/wp-json\/wp\/v2\/product"}],"about":[{"href":"https:\/\/vitashop.info\/ro\/wp-json\/wp\/v2\/types\/product"}],"replies":[{"embeddable":true,"href":"https:\/\/vitashop.info\/ro\/wp-json\/wp\/v2\/comments?post=10898"}],"wp:featuredmedia":[{"embeddable":true,"href":"https:\/\/vitashop.info\/ro\/wp-json\/wp\/v2\/media\/11577"}],"wp:attachment":[{"href":"https:\/\/vitashop.info\/ro\/wp-json\/wp\/v2\/media?parent=10898"}],"wp:term":[{"taxonomy":"product_brand","embeddable":true,"href":"https:\/\/vitashop.info\/ro\/wp-json\/wp\/v2\/product_brand?post=10898"},{"taxonomy":"product_cat","embeddable":true,"href":"https:\/\/vitashop.info\/ro\/wp-json\/wp\/v2\/product_cat?post=10898"},{"taxonomy":"product_tag","embeddable":true,"href":"https:\/\/vitashop.info\/ro\/wp-json\/wp\/v2\/product_tag?post=10898"}],"curies":[{"name":"wp","href":"https:\/\/api.w.org\/{rel}","templated":true}]}}