{"id":10897,"date":"2026-04-14T00:46:13","date_gmt":"2026-04-14T00:46:13","guid":{"rendered":"https:\/\/vitashop.info\/ro\/produs\/paraprotex-100-tablete-formula-antiparazitara-si-antimicrobiana\/"},"modified":"2026-04-14T00:48:03","modified_gmt":"2026-04-14T00:48:03","slug":"paraprotex-100-tablete-formula-antiparazitara-si-antimicrobiana","status":"publish","type":"product","link":"https:\/\/vitashop.info\/ro\/produs\/paraprotex-100-tablete-formula-antiparazitara-si-antimicrobiana\/","title":{"rendered":"ParaProteX 100 tablete &#8211; Formul\u0103 antiparazitar\u0103 \u015fi antimicrobian\u0103"},"content":{"rendered":"<p>Dozare: 3 \u00d7 1-2 tablete\/ zi, \u00een timpul mic-dejunului sau cinei.<\/p>\n<p>&nbsp;<\/p>\n<p>Descriere:<\/p>\n<p style=\"text-align: justify\">ParaProtex este un produs complex, cu o formul\u0103 natural\u0103 puternic\u0103, <strong>antiparazitar\u0103 \u015fi antimicrobian\u0103, de spectru larg.<\/strong>&nbsp;Datorit\u0103 ingredientelor sale active, printre care se num\u0103r\u0103 Quisqualis indica, cui\u015foarele \u0219i Pau d&rsquo;Arco, acest produs ajut\u0103 la <strong>eliminarea parazi\u021bilor intestinali<\/strong>, sus\u021bine echilibrul florei intestinale \u0219i protejeaz\u0103 organismul <strong>&icirc;mpotriva infec\u021biilor cauzate de viru\u0219i, bacterii \u0219i fungi.<\/strong><\/p>\n<p>&nbsp;<\/p>\n<p>Pe cine recomandam:<\/p>\n<ul style=\"list-style-type: disc\">&#013;<\/p>\n<li style=\"text-align: justify\">Are un efect antiviral, antifungic \u015fi antibacterian puternic \u015fi de spectru larg<\/li>\n<p>&#013;<\/p>\n<li style=\"text-align: justify\">Ofer\u0103 suport organismului prin eliminarea patogenilor \u015fi parazi\u0163ilor intestinali, &icirc;mpiedic&acirc;nd cre\u0219terea \u0219i dezvoltarea acestora<\/li>\n<p>&#013;<\/p>\n<li style=\"text-align: justify\">Men\u0163ine s\u0103n\u0103tatea florei intestinale&nbsp;<\/li>\n<p>&#013;<\/p>\n<li style=\"text-align: justify\">Asigur\u0103 buna func\u0163ionare a sistemului digestiv, fiind folosit ca adjuvant &icirc;n parazitoze digestive<\/li>\n<p>&#013;<\/p>\n<li style=\"text-align: justify\">Poate fi folosit ca adjuvant &icirc;n ameliorarea simptomelor cauzate de candida sau a altor infec\u0163ii fungice<\/li>\n<p>&#013;<\/p>\n<li style=\"text-align: justify\">Fortific\u0103 sistemul imunitar, prin intermediul mucoasei intestinale<\/li>\n<p>&#013;\n<\/ul>\n<p>&nbsp;<\/p>\n<p>Ingrediente:<\/p>\n<p>Quisqualis indica &#8211; fruct 150 mg<\/p>\n<p>Chenopodium &#8211; pulbere<br \/>(l\u0103m\u00e2i\u0163\u0103) 100 mg<\/p>\n<p>Berberis vulgaris &#8211; extract<br \/>(dracila) 50 mg<\/p>\n<p>Commiphora myrrha<br \/>(iarb\u0103 de smirn\u0103) 50 mg<\/p>\n<p>Eugenia caryophyllata &#8211; ulei<br \/>(cui\u015foare) 50 mg<\/p>\n<p>Tabebuia impetiginosa, pulbere (Pau d\u2019Arco) 50 mg<\/p>\n<p>Juglans nigra &#8211; pulbere <br \/>(nuc negru) 37.5 mg<\/p>\n<p>Ulei de Juglans nigra 37.5 mg<\/p>\n<p>Citrus paradisi<br \/>(extract din semin\u0163e de grefrut) 25 mg<\/p>\n<p>Allium sativum &#8211; pulbere <br \/>(usturoi) 12.5 mg<\/p>\n<p>&nbsp;<\/p>\n<p>De ce s\u0103 alege\u021bi produsele Calivita:<\/p>\n<ul>\n<li>Background profesional deosebit &#8211; Calivita \u00ee\u0163i ofer\u0103 o gam\u0103 de produse care satisface cele mai stricte condi\u0163ii de calitate, de mai mult de 30 de ani.<\/li>\n<li>Materiale prime naturale ce provin din surse de cea mai \u00eenalt\u0103 calitate.\u00a0Utiliz\u0103m formule cu o absorb\u0163ie deosebit\u0103, de exemplu substan\u0163e sub form\u0103 organic\u0103.<\/li>\n<li>Oferim 100% garan\u0163ia calit\u0103\u0163ii pentru toate produsele noastre.<\/li>\n<li>Produsele sunt fabricate \u00een conformitate cu standardele cGMP (Current Good Manufacturing Practice), fiind supuse unor controale continue \u015fi unor proceduri de examinare regulate de c\u0103tre FDA (Food and Drug Administration). Toate produsele noastre au avizul Ministerului S\u0103n\u0103t\u0103\u0163ii.<\/li>\n<\/ul>\n","protected":false},"excerpt":{"rendered":"<p>Quantity in stock: 414 <\/p>\n","protected":false},"featured_media":12402,"comment_status":"closed","ping_status":"open","template":"","meta":[],"product_brand":[],"product_cat":[429],"product_tag":[],"class_list":{"0":"post-10897","1":"product","2":"type-product","3":"status-publish","4":"has-post-thumbnail","6":"product_cat-suplimente-naturale","8":"first","9":"instock","10":"product-type-external"},"_links":{"self":[{"href":"https:\/\/vitashop.info\/ro\/wp-json\/wp\/v2\/product\/10897","targetHints":{"allow":["GET"]}}],"collection":[{"href":"https:\/\/vitashop.info\/ro\/wp-json\/wp\/v2\/product"}],"about":[{"href":"https:\/\/vitashop.info\/ro\/wp-json\/wp\/v2\/types\/product"}],"replies":[{"embeddable":true,"href":"https:\/\/vitashop.info\/ro\/wp-json\/wp\/v2\/comments?post=10897"}],"wp:featuredmedia":[{"embeddable":true,"href":"https:\/\/vitashop.info\/ro\/wp-json\/wp\/v2\/media\/12402"}],"wp:attachment":[{"href":"https:\/\/vitashop.info\/ro\/wp-json\/wp\/v2\/media?parent=10897"}],"wp:term":[{"taxonomy":"product_brand","embeddable":true,"href":"https:\/\/vitashop.info\/ro\/wp-json\/wp\/v2\/product_brand?post=10897"},{"taxonomy":"product_cat","embeddable":true,"href":"https:\/\/vitashop.info\/ro\/wp-json\/wp\/v2\/product_cat?post=10897"},{"taxonomy":"product_tag","embeddable":true,"href":"https:\/\/vitashop.info\/ro\/wp-json\/wp\/v2\/product_tag?post=10897"}],"curies":[{"name":"wp","href":"https:\/\/api.w.org\/{rel}","templated":true}]}}