{"id":10896,"date":"2026-04-14T00:46:13","date_gmt":"2026-04-14T00:46:13","guid":{"rendered":"https:\/\/vitashop.info\/ro\/produs\/papaya-plus-90-tablete-masticabile-complex-de-enzime-digestive\/"},"modified":"2026-04-14T00:48:07","modified_gmt":"2026-04-14T00:48:07","slug":"papaya-plus-90-tablete-masticabile-complex-de-enzime-digestive","status":"publish","type":"product","link":"https:\/\/vitashop.info\/ro\/produs\/papaya-plus-90-tablete-masticabile-complex-de-enzime-digestive\/","title":{"rendered":"Papaya PLUS 90 tablete masticabile &#8211; Complex de enzime digestive"},"content":{"rendered":"<p>Dozare: 1 tablet\u0103 pe zi<\/p>\n<p>&nbsp;<\/p>\n<p>Descriere:<\/p>\n<p style=\"text-align: justify\">Papaya PLUS con\u0163ine un complex de enzime digestive sub form\u0103 de tablete masticabile, care sprijin\u0103 digestia, intensific\u0103 secre\u0163ia biliar\u0103 \u015fi ajut\u0103 la descompunerea macronutrien\u0163ilor \u0219i lactozei. Digestie lini\u015ftit\u0103, f\u0103r\u0103 senza\u0163ia de balonare, flatulen\u0163\u0103 sau arsuri la nivelul stomacului. Cu o cantitate adecvat\u0103 de enzime digestive, sistemul t\u0103u digestiv nu trebuie s\u0103 lucreze la fel de mult pentru a transforma alimentele pe care le consumi &icirc;n molecule utilizabile pentru energie \u0219i nutri\u021bie.<\/p>\n<p>&nbsp;<\/p>\n<p>Pe cine recomandam:<\/p>\n<ul style=\"list-style-type: disc\">&#013;<\/p>\n<li>Con\u0163ine o formul\u0103 complex\u0103 pentru sus\u0163inerea enzimatic\u0103 a digestiei<\/li>\n<p>&#013;<\/p>\n<li>Reduce disconfortul abdominal, balonarea \u015fi senza\u0163ia de prea-plin dup\u0103 mas\u0103<\/li>\n<p>&#013;<\/p>\n<li>Previne refluxul gastric<\/li>\n<p>&#013;<\/p>\n<li>Reface necesarul de enzime digestive<\/li>\n<p>&#013;<\/p>\n<li>Sprijin\u0103 descompunerea proteinelor, carbohidra\u0163ilor, gr\u0103similor \u015fi lactozei<\/li>\n<p>&#013;\n<\/ul>\n<p>&nbsp;<\/p>\n<p>Ingrediente:<\/p>\n<p>Pulbere de papaya (Carica papaya) 200 mg<\/p>\n<p>Amilaz\u0103 fungic\u0103 (5000 DU) 30 mg<\/p>\n<p>Lipaz\u0103 fungic\u0103 (5000 FIP) 25 mg<\/p>\n<p>Lactaz\u0103 fungic\u0103 (1000 ALU) 5 mg<\/p>\n<p>Clorofil\u0103 1 mg<\/p>\n<p>&nbsp;<\/p>\n<p>De ce s\u0103 alege\u021bi produsele Calivita:<\/p>\n<ul>\n<li>Background profesional deosebit &#8211; Calivita \u00ee\u0163i ofer\u0103 o gam\u0103 de produse care satisface cele mai stricte condi\u0163ii de calitate, de mai mult de 30 de ani.<\/li>\n<li>Materiale prime naturale ce provin din surse de cea mai \u00eenalt\u0103 calitate.\u00a0Utiliz\u0103m formule cu o absorb\u0163ie deosebit\u0103, de exemplu substan\u0163e sub form\u0103 organic\u0103.<\/li>\n<li>Oferim 100% garan\u0163ia calit\u0103\u0163ii pentru toate produsele noastre.<\/li>\n<li>Produsele sunt fabricate \u00een conformitate cu standardele cGMP (Current Good Manufacturing Practice), fiind supuse unor controale continue \u015fi unor proceduri de examinare regulate de c\u0103tre FDA (Food and Drug Administration). Toate produsele noastre au avizul Ministerului S\u0103n\u0103t\u0103\u0163ii.<\/li>\n<\/ul>\n","protected":false},"excerpt":{"rendered":"<p>Quantity in stock: 83 <\/p>\n","protected":false},"featured_media":12292,"comment_status":"closed","ping_status":"open","template":"","meta":[],"product_brand":[],"product_cat":[429],"product_tag":[],"class_list":{"0":"post-10896","1":"product","2":"type-product","3":"status-publish","4":"has-post-thumbnail","6":"product_cat-suplimente-naturale","8":"first","9":"instock","10":"product-type-external"},"_links":{"self":[{"href":"https:\/\/vitashop.info\/ro\/wp-json\/wp\/v2\/product\/10896","targetHints":{"allow":["GET"]}}],"collection":[{"href":"https:\/\/vitashop.info\/ro\/wp-json\/wp\/v2\/product"}],"about":[{"href":"https:\/\/vitashop.info\/ro\/wp-json\/wp\/v2\/types\/product"}],"replies":[{"embeddable":true,"href":"https:\/\/vitashop.info\/ro\/wp-json\/wp\/v2\/comments?post=10896"}],"wp:featuredmedia":[{"embeddable":true,"href":"https:\/\/vitashop.info\/ro\/wp-json\/wp\/v2\/media\/12292"}],"wp:attachment":[{"href":"https:\/\/vitashop.info\/ro\/wp-json\/wp\/v2\/media?parent=10896"}],"wp:term":[{"taxonomy":"product_brand","embeddable":true,"href":"https:\/\/vitashop.info\/ro\/wp-json\/wp\/v2\/product_brand?post=10896"},{"taxonomy":"product_cat","embeddable":true,"href":"https:\/\/vitashop.info\/ro\/wp-json\/wp\/v2\/product_cat?post=10896"},{"taxonomy":"product_tag","embeddable":true,"href":"https:\/\/vitashop.info\/ro\/wp-json\/wp\/v2\/product_tag?post=10896"}],"curies":[{"name":"wp","href":"https:\/\/api.w.org\/{rel}","templated":true}]}}