{"id":10895,"date":"2026-04-14T00:46:13","date_gmt":"2026-04-14T00:46:13","guid":{"rendered":"https:\/\/vitashop.info\/ro\/produs\/panax-ginseng-100-tablete-contine-ginseng-coreean\/"},"modified":"2026-04-14T00:48:07","modified_gmt":"2026-04-14T00:48:07","slug":"panax-ginseng-100-tablete-contine-ginseng-coreean","status":"publish","type":"product","link":"https:\/\/vitashop.info\/ro\/produs\/panax-ginseng-100-tablete-contine-ginseng-coreean\/","title":{"rendered":"Panax Ginseng 100 tablete &#8211; con\u0163ine ginseng coreean"},"content":{"rendered":"<p>Dozare: 1-2 tablete zilnic<\/p>\n<p>&nbsp;<\/p>\n<p>Descriere:<\/p>\n<p style=\"text-align: justify\">Ginsengul coreean contribuie la &icirc;mbun\u0103t\u0103\u0163irea performan\u0163elor fizice \u015fi mentale, dar \u015fi la reducerea st\u0103rilor de stres \u015fi anxietate. Produsul Panax Ginseng are un efect tonic \u0219i revigorant, cre\u015fte rezisten\u0163a la efort at&acirc;t &icirc;n cazul femeilor, c&acirc;t \u015fi &icirc;n cel al b\u0103rba\u0163ilor \u015fi are un puternic efect antioxidant.<\/p>\n<p>&nbsp;<\/p>\n<p>Pe cine recomandam:<\/p>\n<ul style=\"list-style-type: disc\">&#013;<\/p>\n<li style=\"text-align: justify\">Asigur\u0103 un nivel de energie constant &icirc;ntreaga zi<\/li>\n<p>&#013;<\/p>\n<li style=\"text-align: justify\">Contribuie la reducerea oboselii \u015fi a senza\u0163iei de epuizare<\/li>\n<p>&#013;<\/p>\n<li style=\"text-align: justify\">Amelioreaz\u0103 simptomele de stres \u015fi reduce anxietatea<\/li>\n<p>&#013;<\/p>\n<li style=\"text-align: justify\">&Icirc;mbun\u0103t\u0103\u0163e\u015fte func\u0163iile cognitive precum memoria, concentrarea sau aten\u0163ia<\/li>\n<p>&#013;<\/p>\n<li style=\"text-align: justify\">Cre\u015fte rezisten\u0163a organismului la efortul fizic<\/li>\n<p>&#013;<\/p>\n<li style=\"text-align: justify\">Datorit\u0103 efectului s\u0103u antioxidant, ofer\u0103 suport ap\u0103r\u0103rii naturale a organismului<\/li>\n<p>&#013;\n<\/ul>\n<p>&#013;<\/p>\n<div id=\"_mcePaste\" style=\"position: absolute;left: -10000px;top: 0px;width: 1px;height: 1px;overflow: hidden\">&#8211; Persoanelor care traverseaz\u0103 o perioad\u0103 de efort intens, pentru a reduce oboseala \u015fi extenuarea.<\/div>\n<p>&#013;<\/p>\n<div id=\"_mcePaste\" style=\"position: absolute;left: -10000px;top: 0px;width: 1px;height: 1px;overflow: hidden\">&#8211; Persoanelor aflate &icirc;n situa\u0163ii de stres mintal intens sau &icirc;n perioada examenelor, pentru a cre\u015fte concentrarea mental\u0103.<\/div>\n<p>&#013;<\/p>\n<div id=\"_mcePaste\" style=\"position: absolute;left: -10000px;top: 0px;width: 1px;height: 1px;overflow: hidden\">&#8211; Persoanelor care doresc s\u0103-\u015fi &icirc;mbun\u0103t\u0103\u0163easc\u0103 rezisten\u0163a la stres<\/div>\n<p>&nbsp;<\/p>\n<p>Ingrediente:<\/p>\n<p>Ginseng coreean 500 mg<\/p>\n<p>&nbsp;<\/p>\n<p>De ce s\u0103 alege\u021bi produsele Calivita:<\/p>\n<ul>\n<li>Background profesional deosebit &#8211; Calivita \u00ee\u0163i ofer\u0103 o gam\u0103 de produse care satisface cele mai stricte condi\u0163ii de calitate, de mai mult de 30 de ani.<\/li>\n<li>Materiale prime naturale ce provin din surse de cea mai \u00eenalt\u0103 calitate.\u00a0Utiliz\u0103m formule cu o absorb\u0163ie deosebit\u0103, de exemplu substan\u0163e sub form\u0103 organic\u0103.<\/li>\n<li>Oferim 100% garan\u0163ia calit\u0103\u0163ii pentru toate produsele noastre.<\/li>\n<li>Produsele sunt fabricate \u00een conformitate cu standardele cGMP (Current Good Manufacturing Practice), fiind supuse unor controale continue \u015fi unor proceduri de examinare regulate de c\u0103tre FDA (Food and Drug Administration). Toate produsele noastre au avizul Ministerului S\u0103n\u0103t\u0103\u0163ii.<\/li>\n<\/ul>\n","protected":false},"excerpt":{"rendered":"<p>Quantity in stock: 59 <\/p>\n","protected":false},"featured_media":12290,"comment_status":"closed","ping_status":"open","template":"","meta":[],"product_brand":[],"product_cat":[429],"product_tag":[],"class_list":{"0":"post-10895","1":"product","2":"type-product","3":"status-publish","4":"has-post-thumbnail","6":"product_cat-suplimente-naturale","8":"first","9":"instock","10":"product-type-external"},"_links":{"self":[{"href":"https:\/\/vitashop.info\/ro\/wp-json\/wp\/v2\/product\/10895","targetHints":{"allow":["GET"]}}],"collection":[{"href":"https:\/\/vitashop.info\/ro\/wp-json\/wp\/v2\/product"}],"about":[{"href":"https:\/\/vitashop.info\/ro\/wp-json\/wp\/v2\/types\/product"}],"replies":[{"embeddable":true,"href":"https:\/\/vitashop.info\/ro\/wp-json\/wp\/v2\/comments?post=10895"}],"wp:featuredmedia":[{"embeddable":true,"href":"https:\/\/vitashop.info\/ro\/wp-json\/wp\/v2\/media\/12290"}],"wp:attachment":[{"href":"https:\/\/vitashop.info\/ro\/wp-json\/wp\/v2\/media?parent=10895"}],"wp:term":[{"taxonomy":"product_brand","embeddable":true,"href":"https:\/\/vitashop.info\/ro\/wp-json\/wp\/v2\/product_brand?post=10895"},{"taxonomy":"product_cat","embeddable":true,"href":"https:\/\/vitashop.info\/ro\/wp-json\/wp\/v2\/product_cat?post=10895"},{"taxonomy":"product_tag","embeddable":true,"href":"https:\/\/vitashop.info\/ro\/wp-json\/wp\/v2\/product_tag?post=10895"}],"curies":[{"name":"wp","href":"https:\/\/api.w.org\/{rel}","templated":true}]}}