{"id":10840,"date":"2026-04-14T00:46:06","date_gmt":"2026-04-14T00:46:06","guid":{"rendered":"https:\/\/vitashop.info\/ro\/produs\/full-spectrum-90-tablete-complex-de-vitamine-si-minerale\/"},"modified":"2026-04-14T00:48:05","modified_gmt":"2026-04-14T00:48:05","slug":"full-spectrum-90-tablete-complex-de-vitamine-si-minerale","status":"publish","type":"product","link":"https:\/\/vitashop.info\/ro\/produs\/full-spectrum-90-tablete-complex-de-vitamine-si-minerale\/","title":{"rendered":"Full Spectrum 90 tablete &#8211; Complex de vitamine \u015fi minerale"},"content":{"rendered":"<p>Dozare: 2&#215;1 tablete zilnic,\u00een timpul meselor principale<\/p>\n<p>&nbsp;<\/p>\n<p>Descriere:<\/p>\n<p style=\"text-align: justify\">Full Spectrum con\u0163ine o <strong>gam\u0103 complet\u0103 de vitamine, minerale \u015fi antioxidan\u0163i<\/strong> care ofer\u0103 suport \u015fi protec\u0163ie s\u0103n\u0103t\u0103\u0163ii noastre. Cu un con\u0163inut suplimentar de bioflavonoide, mixul activ de ingrediente asigur\u0103 o formul\u0103 avansat\u0103 pentru men\u0163inerea unui stil de via\u0163\u0103 activ \u015fi a st\u0103rii de bine &icirc;n fiecare zi, prevenind dezechilibrele \u015fi caren\u0163ele nutri\u0163ionale.<\/p>\n<p>&#013;<\/p>\n<p>&nbsp;<\/p>\n<p>&nbsp;<\/p>\n<p>Pe cine recomandam:<\/p>\n<ul style=\"list-style-type: disc\">&#013;<\/p>\n<li style=\"text-align: justify\">Sus\u0163ine energia \u015fi vitalitatea organismului<\/li>\n<p>&#013;<\/p>\n<li style=\"text-align: justify\">Contribuie la reducerea oboselii, a senza\u0163iei de epuizare \u015fi cre\u015fte puterea de concentrare<\/li>\n<p>&#013;<\/p>\n<li style=\"text-align: justify\">Cre\u015fte rezisten\u0163a organismului \u015fi &icirc;mbun\u0103t\u0103\u0163e\u015fte capacitatea de efort &icirc;n cazul sportivilor<\/li>\n<p>&#013;<\/p>\n<li style=\"text-align: justify\">Sus\u0163ine echilibru electrolitic prin refacerea necesarului de vitamine, minerale \u015fi antioxidan\u0163i<\/li>\n<p>&#013;<\/p>\n<li style=\"text-align: justify\">Contribuie la protejarea celulelor &icirc;mpotriva stresului oxidativ \u015fi la cre\u015fterea nivelui de oxigen din organism<\/li>\n<p>&#013;<\/p>\n<li style=\"text-align: justify\">Ingredientele active se elibereaz\u0103 treptat &icirc;n organism, oferindu-i un flux constant de oligoelemente &icirc;ntreaga zi<\/li>\n<p>&#013;\n<\/ul>\n<p>&nbsp;<\/p>\n<p>Ingrediente:<\/p>\n<p>Calciu 187 mg<\/p>\n<p>Vitamina C 60 mg<\/p>\n<p>Magneziu 57 mg<\/p>\n<p>Colin\u0103 20 mg<\/p>\n<p>Inozitol 20 mg<\/p>\n<p>Niacin\u0103 10 mg<\/p>\n<p>Zinc 10 mg<\/p>\n<p>Vitamina E 7 mg<\/p>\n<p>Acid para aminobenzoic 5 mg<\/p>\n<p>Acid pantotenic 5 mg<\/p>\n<p>Rutin\u0103 4 mg<\/p>\n<p>Complex de bioflavonoide din l\u0103m\u00e2ie 4 mg<\/p>\n<p>Fier 4 mg<\/p>\n<p>Mangan 3 mg<\/p>\n<p>Complex hesperidinic 2 mg<\/p>\n<p>Cupru 1.5 mg<\/p>\n<p>Vitamina B6 1.2 mg<\/p>\n<p>Vitamina B2 1.1 mg<\/p>\n<p>Vitamina B1 1 mg<\/p>\n<p>Beta-caroten 900 mcg<\/p>\n<p>Acid folic 200 mcg<\/p>\n<p>Iod 80 mcg<\/p>\n<p>Biotin\u0103 40 mcg<\/p>\n<p>Crom 25 mcg<\/p>\n<p>Seleniu 20 mcg<\/p>\n<p>Molibden 10 mcg<\/p>\n<p>Vitamina B12 1 mcg<\/p>\n<p>&nbsp;<\/p>\n<p>De ce s\u0103 alege\u021bi produsele Calivita:<\/p>\n<ul>\n<li>Background profesional deosebit &#8211; Calivita \u00ee\u0163i ofer\u0103 o gam\u0103 de produse care satisface cele mai stricte condi\u0163ii de calitate, de mai mult de 30 de ani.<\/li>\n<li>Materiale prime naturale ce provin din surse de cea mai \u00eenalt\u0103 calitate.\u00a0Utiliz\u0103m formule cu o absorb\u0163ie deosebit\u0103, de exemplu substan\u0163e sub form\u0103 organic\u0103.<\/li>\n<li>Oferim 100% garan\u0163ia calit\u0103\u0163ii pentru toate produsele noastre.<\/li>\n<li>Produsele sunt fabricate \u00een conformitate cu standardele cGMP (Current Good Manufacturing Practice), fiind supuse unor controale continue \u015fi unor proceduri de examinare regulate de c\u0103tre FDA (Food and Drug Administration). Toate produsele noastre au avizul Ministerului S\u0103n\u0103t\u0103\u0163ii.<\/li>\n<\/ul>\n","protected":false},"excerpt":{"rendered":"<p>Quantity in stock: 226 <\/p>\n","protected":false},"featured_media":12261,"comment_status":"closed","ping_status":"open","template":"","meta":[],"product_brand":[],"product_cat":[429],"product_tag":[],"class_list":{"0":"post-10840","1":"product","2":"type-product","3":"status-publish","4":"has-post-thumbnail","6":"product_cat-suplimente-naturale","8":"first","9":"instock","10":"product-type-external"},"_links":{"self":[{"href":"https:\/\/vitashop.info\/ro\/wp-json\/wp\/v2\/product\/10840","targetHints":{"allow":["GET"]}}],"collection":[{"href":"https:\/\/vitashop.info\/ro\/wp-json\/wp\/v2\/product"}],"about":[{"href":"https:\/\/vitashop.info\/ro\/wp-json\/wp\/v2\/types\/product"}],"replies":[{"embeddable":true,"href":"https:\/\/vitashop.info\/ro\/wp-json\/wp\/v2\/comments?post=10840"}],"wp:featuredmedia":[{"embeddable":true,"href":"https:\/\/vitashop.info\/ro\/wp-json\/wp\/v2\/media\/12261"}],"wp:attachment":[{"href":"https:\/\/vitashop.info\/ro\/wp-json\/wp\/v2\/media?parent=10840"}],"wp:term":[{"taxonomy":"product_brand","embeddable":true,"href":"https:\/\/vitashop.info\/ro\/wp-json\/wp\/v2\/product_brand?post=10840"},{"taxonomy":"product_cat","embeddable":true,"href":"https:\/\/vitashop.info\/ro\/wp-json\/wp\/v2\/product_cat?post=10840"},{"taxonomy":"product_tag","embeddable":true,"href":"https:\/\/vitashop.info\/ro\/wp-json\/wp\/v2\/product_tag?post=10840"}],"curies":[{"name":"wp","href":"https:\/\/api.w.org\/{rel}","templated":true}]}}