{"id":10828,"date":"2026-04-14T00:46:06","date_gmt":"2026-04-14T00:46:06","guid":{"rendered":"https:\/\/vitashop.info\/ro\/produs\/chromium-max-500-100-capsule-efect-de-control-al-apetitului\/"},"modified":"2026-04-14T00:48:04","modified_gmt":"2026-04-14T00:48:04","slug":"chromium-max-500-100-capsule-efect-de-control-al-apetitului","status":"publish","type":"product","link":"https:\/\/vitashop.info\/ro\/produs\/chromium-max-500-100-capsule-efect-de-control-al-apetitului\/","title":{"rendered":"Chromium Max 500 100 capsule &#8211; Efect de control al apetitului"},"content":{"rendered":"<p>Dozare: 1 capsul\u0103 zilnic<\/p>\n<p>&nbsp;<\/p>\n<p>Descriere:<\/p>\n<p style=\"text-align: justify\">Datorit\u0103 ingredientului s\u0103u principal &ndash; cromul &#8211; capsulele Chromium Max 500 contribuie la metabolismul carbohidra\u021bilor, gr\u0103similor \u0219i proteinelor, men\u021bin glicemia &icirc;n limite normale \u0219i ajut\u0103 la men\u021binerea greut\u0103\u021bii corporale.&nbsp;<\/p>\n<p>&#013;<\/p>\n<p>Produsul are un grad de accesibilitate ridicat, fiind u\u015for de absorbit de c\u0103tre organism.<\/p>\n<p>&nbsp;<\/p>\n<p>Pe cine recomandam:<\/p>\n<div>&#013;<\/p>\n<ul style=\"list-style-type: disc\">&#013;<\/p>\n<li style=\"text-align: justify\">Contribuie la men\u021binerea concentra\u021biilor normale ale glucozei din s&acirc;nge \u015fi previne fluctua\u0163iile bru\u015fte ale glicemiei, responsabile de pofta de dulce<\/li>\n<p>&#013;<\/p>\n<li style=\"text-align: justify\">Particip\u0103 la metabolismul normal al macronutrien\u0163ilor \u015fi glicogenului<\/li>\n<p>&#013;<\/p>\n<li style=\"text-align: justify\">Sprijin\u0103 accelerarea metabolismului \u015fi previne formarea depozitelor de gr\u0103sime, sprijinind procesul de sl\u0103bire<\/li>\n<p>&#013;<\/p>\n<li style=\"text-align: justify\">Stimuleaz\u0103 metabolismul \u015fi sus\u0163ine men\u0163inerea greut\u0103\u0163ii corporale ideale pentru o lung\u0103 perioad\u0103 de timp<\/li>\n<p>&#013;<\/p>\n<li style=\"text-align: justify\">Adjuvant &icirc;n tratamentul diabetului zaharat de tip II<\/li>\n<p>&#013;\n<\/ul>\n<p>&#013;\n<\/p><\/div>\n<p>&#013;<\/p>\n<div style=\"text-align: justify\">&nbsp;<\/div>\n<p>&#013;<\/p>\n<div style=\"text-align: justify\">&nbsp;<\/div>\n<p>&nbsp;<\/p>\n<p>Ingrediente:<\/p>\n<p>Crom 60 mcg<\/p>\n<p>&nbsp;<\/p>\n<p>De ce s\u0103 alege\u021bi produsele Calivita:<\/p>\n<ul>\n<li>Background profesional deosebit &#8211; Calivita \u00ee\u0163i ofer\u0103 o gam\u0103 de produse care satisface cele mai stricte condi\u0163ii de calitate, de mai mult de 30 de ani.<\/li>\n<li>Materiale prime naturale ce provin din surse de cea mai \u00eenalt\u0103 calitate.\u00a0Utiliz\u0103m formule cu o absorb\u0163ie deosebit\u0103, de exemplu substan\u0163e sub form\u0103 organic\u0103.<\/li>\n<li>Oferim 100% garan\u0163ia calit\u0103\u0163ii pentru toate produsele noastre.<\/li>\n<li>Produsele sunt fabricate \u00een conformitate cu standardele cGMP (Current Good Manufacturing Practice), fiind supuse unor controale continue \u015fi unor proceduri de examinare regulate de c\u0103tre FDA (Food and Drug Administration). Toate produsele noastre au avizul Ministerului S\u0103n\u0103t\u0103\u0163ii.<\/li>\n<\/ul>\n","protected":false},"excerpt":{"rendered":"<p>Quantity in stock: 62 <\/p>\n","protected":false},"featured_media":12254,"comment_status":"closed","ping_status":"open","template":"","meta":[],"product_brand":[],"product_cat":[429],"product_tag":[],"class_list":{"0":"post-10828","1":"product","2":"type-product","3":"status-publish","4":"has-post-thumbnail","6":"product_cat-suplimente-naturale","8":"first","9":"instock","10":"product-type-external"},"_links":{"self":[{"href":"https:\/\/vitashop.info\/ro\/wp-json\/wp\/v2\/product\/10828","targetHints":{"allow":["GET"]}}],"collection":[{"href":"https:\/\/vitashop.info\/ro\/wp-json\/wp\/v2\/product"}],"about":[{"href":"https:\/\/vitashop.info\/ro\/wp-json\/wp\/v2\/types\/product"}],"replies":[{"embeddable":true,"href":"https:\/\/vitashop.info\/ro\/wp-json\/wp\/v2\/comments?post=10828"}],"wp:featuredmedia":[{"embeddable":true,"href":"https:\/\/vitashop.info\/ro\/wp-json\/wp\/v2\/media\/12254"}],"wp:attachment":[{"href":"https:\/\/vitashop.info\/ro\/wp-json\/wp\/v2\/media?parent=10828"}],"wp:term":[{"taxonomy":"product_brand","embeddable":true,"href":"https:\/\/vitashop.info\/ro\/wp-json\/wp\/v2\/product_brand?post=10828"},{"taxonomy":"product_cat","embeddable":true,"href":"https:\/\/vitashop.info\/ro\/wp-json\/wp\/v2\/product_cat?post=10828"},{"taxonomy":"product_tag","embeddable":true,"href":"https:\/\/vitashop.info\/ro\/wp-json\/wp\/v2\/product_tag?post=10828"}],"curies":[{"name":"wp","href":"https:\/\/api.w.org\/{rel}","templated":true}]}}