{"id":10812,"date":"2026-04-14T00:46:05","date_gmt":"2026-04-14T00:46:05","guid":{"rendered":"https:\/\/vitashop.info\/ro\/produs\/burn-one-10g-1-plic-pudra-burn-one-1-doza\/"},"modified":"2026-04-14T00:46:05","modified_gmt":"2026-04-14T00:46:05","slug":"burn-one-10g-1-plic-pudra-burn-one-1-doza","status":"publish","type":"product","link":"https:\/\/vitashop.info\/ro\/produs\/burn-one-10g-1-plic-pudra-burn-one-1-doza\/","title":{"rendered":"Burn One 10g 1 plic &#8211; pudr\u0103 Burn One &#8211; 1 doz\u0103"},"content":{"rendered":"<p>Dozare: amestec\u0103 1 plic (10g) cu 250 ml ap\u0103 sau lapte<\/p>\n<p>&nbsp;<\/p>\n<p>Descriere:<\/p>\n<p style=\"text-align: justify\">Burn One este un produs <strong>pre workout<\/strong> cu arom\u0103 fresh de l\u0103m&acirc;ie care ofer\u0103 un <strong>aport de energie, echilibrat \u015fi constant<\/strong>, sus\u0163in&acirc;nd stilul de via\u0163\u0103 activ. Cu un con\u0163inut ridicat de capsaicin\u0103, l-carnitin\u0103, cofein\u0103, ceai verde \u015fi crom, dar f\u0103r\u0103 a con\u0163ine zah\u0103r, Burn One sprijin\u0103 metabolismul \u015fi procesele produc\u0103toare de energie, pentru ca tu s\u0103 fii &icirc;n form\u0103 maxim\u0103 la antrenamente.&nbsp;<\/p>\n<p>&#013;<\/p>\n<p>Se recomand\u0103 a fi consumat &icirc;nainte de activitatea fizic\u0103. NU con\u0163ine zah\u0103r \u015fi se prepar\u0103 rapid cu ap\u0103.<\/p>\n<p>&nbsp;<\/p>\n<p>Pe cine recomandam:<\/p>\n<ul style=\"list-style-type: disc\">&#013;<\/p>\n<li style=\"text-align: justify\">Previne oboseala, ofer\u0103 energie &icirc;n timpul antrenamentului \u015fi sus\u021bine regenerarea \u0219i recuperarea dup\u0103 antrenament<\/li>\n<p>&#013;<\/p>\n<li style=\"text-align: justify\">Sus\u0163ine cre\u0219terea performan\u021belor fizice<\/li>\n<p>&#013;<\/p>\n<li style=\"text-align: justify\">Cre\u015fte for\u0163a \u015fi focusul mental<\/li>\n<p>&#013;<\/p>\n<li style=\"text-align: justify\">Completeaz\u0103 excelent dietele de sl\u0103bire, sprijinind pierderea kilogramelor &icirc;n plus<\/li>\n<p>&#013;<\/p>\n<li style=\"text-align: justify\">Sus\u0163ine tonifierea corpului \u015fi definirea masei musculare, &icirc;mpreun\u0103 cu un program adecvat de exerci\u0163ii<\/li>\n<p>&#013;\n<\/ul>\n<p>&nbsp;<\/p>\n<p>&nbsp;<\/p>\n<p>De ce s\u0103 alege\u021bi produsele Calivita:<\/p>\n<ul>\n<li>Background profesional deosebit &#8211; Calivita \u00ee\u0163i ofer\u0103 o gam\u0103 de produse care satisface cele mai stricte condi\u0163ii de calitate, de mai mult de 30 de ani.<\/li>\n<li>Materiale prime naturale ce provin din surse de cea mai \u00eenalt\u0103 calitate.\u00a0Utiliz\u0103m formule cu o absorb\u0163ie deosebit\u0103, de exemplu substan\u0163e sub form\u0103 organic\u0103.<\/li>\n<li>Oferim 100% garan\u0163ia calit\u0103\u0163ii pentru toate produsele noastre.<\/li>\n<li>Produsele sunt fabricate \u00een conformitate cu standardele cGMP (Current Good Manufacturing Practice), fiind supuse unor controale continue \u015fi unor proceduri de examinare regulate de c\u0103tre FDA (Food and Drug Administration). Toate produsele noastre au avizul Ministerului S\u0103n\u0103t\u0103\u0163ii.<\/li>\n<\/ul>\n","protected":false},"excerpt":{"rendered":"<p>Quantity in stock: 24 <\/p>\n","protected":false},"featured_media":11666,"comment_status":"closed","ping_status":"open","template":"","meta":[],"product_brand":[],"product_cat":[429],"product_tag":[],"class_list":{"0":"post-10812","1":"product","2":"type-product","3":"status-publish","4":"has-post-thumbnail","6":"product_cat-suplimente-naturale","8":"first","9":"instock","10":"product-type-external"},"_links":{"self":[{"href":"https:\/\/vitashop.info\/ro\/wp-json\/wp\/v2\/product\/10812","targetHints":{"allow":["GET"]}}],"collection":[{"href":"https:\/\/vitashop.info\/ro\/wp-json\/wp\/v2\/product"}],"about":[{"href":"https:\/\/vitashop.info\/ro\/wp-json\/wp\/v2\/types\/product"}],"replies":[{"embeddable":true,"href":"https:\/\/vitashop.info\/ro\/wp-json\/wp\/v2\/comments?post=10812"}],"wp:featuredmedia":[{"embeddable":true,"href":"https:\/\/vitashop.info\/ro\/wp-json\/wp\/v2\/media\/11666"}],"wp:attachment":[{"href":"https:\/\/vitashop.info\/ro\/wp-json\/wp\/v2\/media?parent=10812"}],"wp:term":[{"taxonomy":"product_brand","embeddable":true,"href":"https:\/\/vitashop.info\/ro\/wp-json\/wp\/v2\/product_brand?post=10812"},{"taxonomy":"product_cat","embeddable":true,"href":"https:\/\/vitashop.info\/ro\/wp-json\/wp\/v2\/product_cat?post=10812"},{"taxonomy":"product_tag","embeddable":true,"href":"https:\/\/vitashop.info\/ro\/wp-json\/wp\/v2\/product_tag?post=10812"}],"curies":[{"name":"wp","href":"https:\/\/api.w.org\/{rel}","templated":true}]}}