{"id":10811,"date":"2026-04-14T00:46:05","date_gmt":"2026-04-14T00:46:05","guid":{"rendered":"https:\/\/vitashop.info\/ro\/produs\/beta-carotene-100-capsule-gelatinoase-provitamina-a\/"},"modified":"2026-04-14T00:48:03","modified_gmt":"2026-04-14T00:48:03","slug":"beta-carotene-100-capsule-gelatinoase-provitamina-a","status":"publish","type":"product","link":"https:\/\/vitashop.info\/ro\/produs\/beta-carotene-100-capsule-gelatinoase-provitamina-a\/","title":{"rendered":"Beta Carotene 100 capsule-gelatinoase &#8211; provitamina A"},"content":{"rendered":"<p>Dozare: 1 capsul\u0103 gelatinoas\u0103 zilnic<\/p>\n<p>&nbsp;<\/p>\n<p>Descriere:<\/p>\n<p style=\"text-align: justify\">Ai grij\u0103 de s\u0103n\u0103tatea pielii tale cu produsul Beta Carotene. Beta Carotenul, precursor al vitaminei A, este un antioxidant puternic pentru men\u0163inerea s\u0103n\u0103t\u0103\u0163ii pielii. Produsul Beta Carotene ofer\u0103 un plus de protec\u0163ie pielii tale, iar ingredientul s\u0103u activ serve\u015fte drept linie de ap\u0103rare &icirc;mpotriva deterior\u0103rii pielii cauzate de radia\u021biile UV. *poate fi folosit &icirc;n combina\u0163ie cu un produs cu SPF.<\/p>\n<p>&nbsp;<\/p>\n<p>Pe cine recomandam:<\/p>\n<ul style=\"list-style-type: disc\">&#013;<\/p>\n<li style=\"text-align: justify\">Este o surs\u0103 ideal\u0103 de antioxidan\u0163i cu rol &icirc;n men\u0163inerea s\u0103n\u0103t\u0103\u0163ii \u015fi frumuse\u0163ii pielii.<\/li>\n<p>&#013;<\/p>\n<li style=\"text-align: justify\">Preg\u0103te\u015fte \u015fi protejeaz\u0103 pielea pentru expunerea la soare.<\/li>\n<p>&#013;<\/p>\n<li style=\"text-align: justify\">Asigur\u0103 un bronz uniform \u015fi de lung\u0103 durat\u0103.<\/li>\n<p>&#013;<\/p>\n<li style=\"text-align: justify\">Are efect anti-ageing.<\/li>\n<p>&#013;<\/p>\n<li style=\"text-align: justify\">Sus\u0163ine s\u0103n\u0103tatea ochilor, vitamina A fiind este un element de baz\u0103 din structura retinei.<\/li>\n<p>&#013;\n<\/ul>\n<p>&nbsp;<\/p>\n<p>Ingrediente:<\/p>\n<p>Beta-caroten 5400 mcg<\/p>\n<p>&nbsp;<\/p>\n<p>De ce s\u0103 alege\u021bi produsele Calivita:<\/p>\n<ul>\n<li>Background profesional deosebit &#8211; Calivita \u00ee\u0163i ofer\u0103 o gam\u0103 de produse care satisface cele mai stricte condi\u0163ii de calitate, de mai mult de 30 de ani.<\/li>\n<li>Materiale prime naturale ce provin din surse de cea mai \u00eenalt\u0103 calitate.\u00a0Utiliz\u0103m formule cu o absorb\u0163ie deosebit\u0103, de exemplu substan\u0163e sub form\u0103 organic\u0103.<\/li>\n<li>Oferim 100% garan\u0163ia calit\u0103\u0163ii pentru toate produsele noastre.<\/li>\n<li>Produsele sunt fabricate \u00een conformitate cu standardele cGMP (Current Good Manufacturing Practice), fiind supuse unor controale continue \u015fi unor proceduri de examinare regulate de c\u0103tre FDA (Food and Drug Administration). Toate produsele noastre au avizul Ministerului S\u0103n\u0103t\u0103\u0163ii.<\/li>\n<\/ul>\n","protected":false},"excerpt":{"rendered":"<p>Quantity in stock: 83 <\/p>\n","protected":false},"featured_media":12243,"comment_status":"closed","ping_status":"open","template":"","meta":[],"product_brand":[],"product_cat":[429],"product_tag":[],"class_list":{"0":"post-10811","1":"product","2":"type-product","3":"status-publish","4":"has-post-thumbnail","6":"product_cat-suplimente-naturale","8":"first","9":"instock","10":"product-type-external"},"_links":{"self":[{"href":"https:\/\/vitashop.info\/ro\/wp-json\/wp\/v2\/product\/10811","targetHints":{"allow":["GET"]}}],"collection":[{"href":"https:\/\/vitashop.info\/ro\/wp-json\/wp\/v2\/product"}],"about":[{"href":"https:\/\/vitashop.info\/ro\/wp-json\/wp\/v2\/types\/product"}],"replies":[{"embeddable":true,"href":"https:\/\/vitashop.info\/ro\/wp-json\/wp\/v2\/comments?post=10811"}],"wp:featuredmedia":[{"embeddable":true,"href":"https:\/\/vitashop.info\/ro\/wp-json\/wp\/v2\/media\/12243"}],"wp:attachment":[{"href":"https:\/\/vitashop.info\/ro\/wp-json\/wp\/v2\/media?parent=10811"}],"wp:term":[{"taxonomy":"product_brand","embeddable":true,"href":"https:\/\/vitashop.info\/ro\/wp-json\/wp\/v2\/product_brand?post=10811"},{"taxonomy":"product_cat","embeddable":true,"href":"https:\/\/vitashop.info\/ro\/wp-json\/wp\/v2\/product_cat?post=10811"},{"taxonomy":"product_tag","embeddable":true,"href":"https:\/\/vitashop.info\/ro\/wp-json\/wp\/v2\/product_tag?post=10811"}],"curies":[{"name":"wp","href":"https:\/\/api.w.org\/{rel}","templated":true}]}}