{"id":10807,"date":"2026-04-14T00:46:04","date_gmt":"2026-04-14T00:46:04","guid":{"rendered":"https:\/\/vitashop.info\/ro\/produs\/b-complex-30-tablete-complexul-vitaminelor-b\/"},"modified":"2026-04-14T00:48:03","modified_gmt":"2026-04-14T00:48:03","slug":"b-complex-30-tablete-complexul-vitaminelor-b","status":"publish","type":"product","link":"https:\/\/vitashop.info\/ro\/produs\/b-complex-30-tablete-complexul-vitaminelor-b\/","title":{"rendered":"B Complex 30 tablete &#8211; Complexul vitaminelor B"},"content":{"rendered":"<p>Dozare: 1 tablet\u0103 pe zi<\/p>\n<p>&nbsp;<\/p>\n<p>Descriere:<\/p>\n<p style=\"text-align: justify\">B Complex con\u021bine o parte important\u0103 din vitaminele din gama B av&acirc;nd \u015fi un plus de vitamina C \u0219i magneziu. Mixul s\u0103u activ de ingrediente sprijin\u0103 \u015fi protejeaz\u0103 s\u0103n\u0103tatea sistemului nervos \u015fi ac\u0163ioneaz\u0103 &icirc;ntr-un mod benefic \u015fi asupra ap\u0103r\u0103rii naturale a organismului.<\/p>\n<p>&nbsp;<\/p>\n<p>Pe cine recomandam:<\/p>\n<ul style=\"list-style-type: disc\">&#013;<\/p>\n<li style=\"text-align: justify\">Contribuie la func\u021bionarea normal\u0103 a sistemului nervos.<\/li>\n<p>&#013;<\/p>\n<li style=\"text-align: justify\">Amelioreaz\u0103 senza\u0163ia de oboseal\u0103, precum \u015fi st\u0103rile de stres sau nervozitate.<\/li>\n<p>&#013;<\/p>\n<li style=\"text-align: justify\">Sprijin\u0103 performan\u0163a mental\u0103, stimuleaz\u0103 aten\u0163ia \u015fi &icirc;mbun\u0103t\u0103\u0163e\u015fte abilit\u0103\u0163ile de &icirc;nv\u0103\u0163are.<\/li>\n<p>&#013;<\/p>\n<li style=\"text-align: justify\">Contribuie la protec\u0163ia antioxidant\u0103 a celulelor.<\/li>\n<p>&#013;<\/p>\n<li style=\"text-align: justify\">Previne deficitul de tiamin\u0103 (vitamina B1) a c\u0103rei concentra\u0163ie sc\u0103zut\u0103 &icirc;n organism determin\u0103 apari\u0163ia afec\u0163iunii Beri-Beri.<\/li>\n<p>&#013;\n<\/ul>\n<p>&nbsp;<\/p>\n<p>Ingrediente:<\/p>\n<p>Colin\u0103 100 mg<\/p>\n<p>Inozitol 100 mg<\/p>\n<p>Vitamina C 60 mg<\/p>\n<p>Magneziu 30 mg<\/p>\n<p>Niacin\u0103 15 mg<\/p>\n<p>Acid pantotenic 5 mg<\/p>\n<p>Vitamina B6 2 mg<\/p>\n<p>Vitamina B2 1.8 mg<\/p>\n<p>Vitamina B1 1.3 mg<\/p>\n<p>Acid folic 100 mcg<\/p>\n<p>Vitamina B12 2 mcg<\/p>\n<p>&nbsp;<\/p>\n<p>De ce s\u0103 alege\u021bi produsele Calivita:<\/p>\n<ul>\n<li>Background profesional deosebit &#8211; Calivita \u00ee\u0163i ofer\u0103 o gam\u0103 de produse care satisface cele mai stricte condi\u0163ii de calitate, de mai mult de 30 de ani.<\/li>\n<li>Materiale prime naturale ce provin din surse de cea mai \u00eenalt\u0103 calitate.\u00a0Utiliz\u0103m formule cu o absorb\u0163ie deosebit\u0103, de exemplu substan\u0163e sub form\u0103 organic\u0103.<\/li>\n<li>Oferim 100% garan\u0163ia calit\u0103\u0163ii pentru toate produsele noastre.<\/li>\n<li>Produsele sunt fabricate \u00een conformitate cu standardele cGMP (Current Good Manufacturing Practice), fiind supuse unor controale continue \u015fi unor proceduri de examinare regulate de c\u0103tre FDA (Food and Drug Administration). Toate produsele noastre au avizul Ministerului S\u0103n\u0103t\u0103\u0163ii.<\/li>\n<\/ul>\n","protected":false},"excerpt":{"rendered":"<p>Quantity in stock: 95 <\/p>\n","protected":false},"featured_media":12241,"comment_status":"closed","ping_status":"open","template":"","meta":[],"product_brand":[],"product_cat":[429],"product_tag":[],"class_list":{"0":"post-10807","1":"product","2":"type-product","3":"status-publish","4":"has-post-thumbnail","6":"product_cat-suplimente-naturale","8":"first","9":"instock","10":"product-type-external"},"_links":{"self":[{"href":"https:\/\/vitashop.info\/ro\/wp-json\/wp\/v2\/product\/10807","targetHints":{"allow":["GET"]}}],"collection":[{"href":"https:\/\/vitashop.info\/ro\/wp-json\/wp\/v2\/product"}],"about":[{"href":"https:\/\/vitashop.info\/ro\/wp-json\/wp\/v2\/types\/product"}],"replies":[{"embeddable":true,"href":"https:\/\/vitashop.info\/ro\/wp-json\/wp\/v2\/comments?post=10807"}],"wp:featuredmedia":[{"embeddable":true,"href":"https:\/\/vitashop.info\/ro\/wp-json\/wp\/v2\/media\/12241"}],"wp:attachment":[{"href":"https:\/\/vitashop.info\/ro\/wp-json\/wp\/v2\/media?parent=10807"}],"wp:term":[{"taxonomy":"product_brand","embeddable":true,"href":"https:\/\/vitashop.info\/ro\/wp-json\/wp\/v2\/product_brand?post=10807"},{"taxonomy":"product_cat","embeddable":true,"href":"https:\/\/vitashop.info\/ro\/wp-json\/wp\/v2\/product_cat?post=10807"},{"taxonomy":"product_tag","embeddable":true,"href":"https:\/\/vitashop.info\/ro\/wp-json\/wp\/v2\/product_tag?post=10807"}],"curies":[{"name":"wp","href":"https:\/\/api.w.org\/{rel}","templated":true}]}}