{"id":12163,"date":"2025-01-17T18:26:27","date_gmt":"2025-01-17T17:26:27","guid":{"rendered":"https:\/\/vitashop.info\/me\/proizvod\/zenthonic-946ml-tecni-antioksidant-sa-mangostinom\/"},"modified":"2026-04-14T01:36:09","modified_gmt":"2026-04-14T00:36:09","slug":"zenthonic-946ml-tecni-antioksidant-sa-mangostinom","status":"publish","type":"product","link":"https:\/\/vitashop.info\/me\/proizvod\/zenthonic-946ml-tecni-antioksidant-sa-mangostinom\/","title":{"rendered":"ZenThonic 946ml &#8211; Te\u010dni antioksidant sa mangostinom"},"content":{"rendered":"<p>Doziranje: 2-6 obroka (supenih ka\u0161ika) u toku dana<\/p>\n<p>&nbsp;<\/p>\n<p>Opis:<\/p>\n<p style=\"text-align: justify\">ZenThonic je vo\u0107ni koncentrat na bazi mangostina, koji sadr\u017ei veoma jake antioksidante u te\u010dnom obliku.<\/p>\n<p>&#013;<\/p>\n<p style=\"text-align: justify\">Dragocena vlakna, bioflavonoidi, vitamini i minerali poma\u017eu tijelu da se za&scaron;titi u borbi protiv slobodnih radikala koji o&scaron;te\u0107uju \u0107elije, a pritom mogu i da uspore proces starenja sa blagotvornim efektom na kardiovaskularni sistem. Tako\u0111e, obezbje\u0111uju posebnu podr&scaron;ku imunom sistemu i pobolj&scaron;avaju fizi\u010dku kondiciju.<\/p>\n<p>&nbsp;<\/p>\n<p>Kome se preporu\u010duje?<\/p>\n<ul style=\"list-style-type: circle\">&#013;<\/p>\n<li style=\"text-align: justify\">Svima koji \u017eele izuzetno jaku antioksidantnu za&scaron;titu i poja\u010danje imunog sistema,<\/li>\n<p>&#013;<\/p>\n<li style=\"text-align: justify\">osobama sklonim umoru i pacijentima koji se oporavljaju od bolesti, u cilju pobolj&scaron;anja fizi\u010dke kondicije,<\/li>\n<p>&#013;<\/p>\n<li style=\"text-align: justify\">osobama koje se bore sa kardiovaskularnim tegobama,<\/li>\n<p>&#013;<\/p>\n<li style=\"text-align: justify\">aktivnim i pasivnim pu&scaron;a\u010dima i stanovnicima gradova u kojima je vazduh zaga\u0111eniji,<\/li>\n<p>&#013;<\/p>\n<li style=\"text-align: justify\">osobama koje redovno konzumiraju alkohol,<\/li>\n<p>&#013;<\/p>\n<li style=\"text-align: justify\">osobama koje \u017eive stresno,<\/li>\n<p>&#013;<\/p>\n<li style=\"text-align: justify\">svima koji preferiraju suplemente u te\u010dnom obliku.<\/li>\n<p>&#013;\n<\/ul>\n<p>&#013;<\/p>\n<p style=\"text-align: justify\"><strong><em><em><strong>###youtube#iW_KvHnVHf8###<\/strong><\/em><\/p>\n<p><\/em><\/strong><\/p>\n<p>&#013;<\/p>\n<p style=\"text-align: justify\"><em><strong>Snimak ljekarskog predavanja sadr\u017ei informacije o slede\u0107im preparatima:<\/strong><\/em><\/p>\n<p>&#013;<\/p>\n<p style=\"text-align: justify\"><em><strong>Direktni i indirektni antioksidansi: C vitamin, E vitamin, Chelated Zinc, Mega Zinc, Pro Selenium, Beta Carotene;<br \/><\/strong><\/em><\/p>\n<p>&#013;<\/p>\n<p style=\"text-align: justify\"><em><strong>Kompleksne antioksidativne formule: Coenzyme Q10, Super Coenzyme Q10, Coenzyme Q10 Sublingual, Protect 4 Life, Mega Protect 4 Life, Energy &amp; Memory, Smokerade, MagneZi B6;<br \/><\/strong><\/em><\/p>\n<p>&#013;<\/p>\n<p style=\"text-align: justify\"><em><strong>Biljne antioksidativne formule: Resveratrol plus, Xantho plus, Zenthonic, Lutein plus;<\/strong><\/em><\/p>\n<p>&nbsp;<\/p>\n<p>Sastojci:<\/p>\n<p>Mangostin  g<\/p>\n<p>Gusti sok od crvenog gro\u017e\u0111a  g<\/p>\n<p>Gusti sok od jagode i brusnice  g<\/p>\n<p>Gusti sok od maline i tre\u0161nje  g<\/p>\n<p>Gusti sok od jabuke i kru\u0161ke  g<\/p>\n<p>Gusti sok od borovnice i pire od kru\u0161ke  g<\/p>\n<p>&nbsp;<\/p>\n<p>Za\u0161to odabrati Calivita proizvode:<\/p>\n<ul>\n<li>Sa izvanrednim profesionalnim iskustvom, CaliVita ve\u0107 vi\u0161e od 30 godina nudi svoje proizvode koji zadovoljavaju najvi\u0161e standarde kvaliteta.<\/li>\n<li>Uvijek te\u017eimo kori\u0161tenju prirodnih osnovnih materijala koji poti\u010du iz najboljih izvora.<\/li>\n<li>Tokom na\u0161eg razvoja radimo koriste\u0107i bolje apsorpcione, na primjer organske oblike.<\/li>\n<li>Nudimo 100% garanciju kvaliteta za na\u0161e proizvode.<\/li>\n<li>Na\u0161i proizvodi podlije\u017eu strogoj i vi\u0161estrukoj proceduri ispitivanja kako bi se kontinuirano osigurao odli\u010dan kvalitet.<\/li>\n<li>Velika ve\u0107ina na\u0161ih dodataka prehrani proizvodi se u farmaceutskim uvjetima u SAD-u.<\/li>\n<li>Proizvodi se proizvode po principima cGMP (trenutne dobre proizvodne prakse), a vr\u0161i se i stalna kontrola i redovno zakazane revizije od strane FDA (Food and Drug Administration). Radimo u bliskoj saradnji s lokalnim vlastima za izdavanje dozvola kako bismo osigurali da na\u0161im potro\u0161a\u010dima uvijek budu dostupni proizvodi najvi\u0161eg kvaliteta.<\/li>\n<\/ul>\n<p>UPOZORENJE!<br \/>\n\u010cuvati van doma\u0161aja male djece. Preporu\u010dena dnevna doza se ne smije prekora\u010diti. Dodaci prehrani se ne smiju koristiti kao zamjena za raznovrsnu prehranu.<\/p>\n","protected":false},"excerpt":{"rendered":"<p>Koli\u010dina na zalihama: 1 <\/p>\n","protected":false},"featured_media":12443,"comment_status":"closed","ping_status":"open","template":"","meta":[],"product_brand":[],"product_cat":[448],"product_tag":[],"class_list":{"0":"post-12163","1":"product","2":"type-product","3":"status-publish","4":"has-post-thumbnail","6":"product_cat-prirodni-suplementi","8":"first","9":"instock","10":"product-type-external"},"_links":{"self":[{"href":"https:\/\/vitashop.info\/me\/wp-json\/wp\/v2\/product\/12163","targetHints":{"allow":["GET"]}}],"collection":[{"href":"https:\/\/vitashop.info\/me\/wp-json\/wp\/v2\/product"}],"about":[{"href":"https:\/\/vitashop.info\/me\/wp-json\/wp\/v2\/types\/product"}],"replies":[{"embeddable":true,"href":"https:\/\/vitashop.info\/me\/wp-json\/wp\/v2\/comments?post=12163"}],"wp:featuredmedia":[{"embeddable":true,"href":"https:\/\/vitashop.info\/me\/wp-json\/wp\/v2\/media\/12443"}],"wp:attachment":[{"href":"https:\/\/vitashop.info\/me\/wp-json\/wp\/v2\/media?parent=12163"}],"wp:term":[{"taxonomy":"product_brand","embeddable":true,"href":"https:\/\/vitashop.info\/me\/wp-json\/wp\/v2\/product_brand?post=12163"},{"taxonomy":"product_cat","embeddable":true,"href":"https:\/\/vitashop.info\/me\/wp-json\/wp\/v2\/product_cat?post=12163"},{"taxonomy":"product_tag","embeddable":true,"href":"https:\/\/vitashop.info\/me\/wp-json\/wp\/v2\/product_tag?post=12163"}],"curies":[{"name":"wp","href":"https:\/\/api.w.org\/{rel}","templated":true}]}}