{"id":12136,"date":"2026-03-03T02:34:04","date_gmt":"2026-03-03T01:34:04","guid":{"rendered":"https:\/\/vitashop.info\/me\/proizvod\/nopalin-200-tableta-tableta-sa-vlaknima-i-nopal-kaktusom\/"},"modified":"2026-04-14T01:36:06","modified_gmt":"2026-04-14T00:36:06","slug":"nopalin-200-tableta-tableta-sa-vlaknima-i-nopal-kaktusom","status":"publish","type":"product","link":"https:\/\/vitashop.info\/me\/proizvod\/nopalin-200-tableta-tableta-sa-vlaknima-i-nopal-kaktusom\/","title":{"rendered":"Nopalin 200 tableta &#8211; Tableta sa vlaknima i Nopal kaktusom"},"content":{"rendered":"<p>Doziranje: 3x 2 tablete dnevno uz obrok<\/p>\n<p>&nbsp;<\/p>\n<p>Opis:<\/p>\n<p>Nopalin proizveden od ploda Nopal kaktusa potpoma\u017ee detoksikaciju i ima blagotvoran efekat na funkcionisanje crijeva kao bogat izvor vlakana, minerala i vitamina (B<sub>1<\/sub>, B<sub>2<\/sub>, niacin). Plod kaktusa mo\u017ee da spre\u010di apsorpciju masti, a tako\u0111e intenzivira i procese razlaganja i sekrecije. Njegovi diureti\u010dki efekti poma\u017eu funkciju be&scaron;ike i bubrega.<\/p>\n<p>&nbsp;<\/p>\n<p>Kome se preporu\u010duje?<\/p>\n<ul>&#013;<\/p>\n<li>Osobama na dijeti za mr&scaron;avljenje, zbog osje\u0107aja sitosti koji nastaje upotrebom ovih tableta<\/li>\n<p>&#013;<\/p>\n<li>U cilju ubla\u017eavanja zatvora<\/li>\n<p>&#013;<\/p>\n<li>U cilju redukcije nivoa holesterola i triglicerida<\/li>\n<p>&#013;<\/p>\n<li>Osobama koje boluju od dijabetesa, u cilju pove\u0107anja unosa vlakana<\/li>\n<p>&#013;<\/p>\n<li>Osobama koje pate od tegoba u vezi sa celulitom<\/li>\n<p>&#013;\n<\/ul>\n<p>&#013;<\/p>\n<p>&nbsp;<\/p>\n<p>&#013;<\/p>\n<p><strong><em>###youtube#BC0EQQKBJ1I###<\/em><\/strong><\/p>\n<p>&#013;<\/p>\n<p><strong><em>Snimak ljekarskog predavanja sadr\u017ei informacije o slede\u0107im preparatima:<br \/><\/em><\/strong><\/p>\n<p>&#013;<\/p>\n<p><strong><em>Cholestone, Nopalin, Omega 3 Concentrate, Evening Primrose Oil, Soya Lecithin, Triple Potency Lecithin, Vitamin C 1000, Vitamin C 300 Plus;<\/em><\/strong><\/p>\n<p>&nbsp;<\/p>\n<p>Sastojci:<\/p>\n<p>Prah osu\u0161ene stabljike kaktusa nopal 300 mg<\/p>\n<p>&nbsp;<\/p>\n<p>Za\u0161to odabrati Calivita proizvode:<\/p>\n<ul>\n<li>Sa izvanrednim profesionalnim iskustvom, CaliVita ve\u0107 vi\u0161e od 30 godina nudi svoje proizvode koji zadovoljavaju najvi\u0161e standarde kvaliteta.<\/li>\n<li>Uvijek te\u017eimo kori\u0161tenju prirodnih osnovnih materijala koji poti\u010du iz najboljih izvora.<\/li>\n<li>Tokom na\u0161eg razvoja radimo koriste\u0107i bolje apsorpcione, na primjer organske oblike.<\/li>\n<li>Nudimo 100% garanciju kvaliteta za na\u0161e proizvode.<\/li>\n<li>Na\u0161i proizvodi podlije\u017eu strogoj i vi\u0161estrukoj proceduri ispitivanja kako bi se kontinuirano osigurao odli\u010dan kvalitet.<\/li>\n<li>Velika ve\u0107ina na\u0161ih dodataka prehrani proizvodi se u farmaceutskim uvjetima u SAD-u.<\/li>\n<li>Proizvodi se proizvode po principima cGMP (trenutne dobre proizvodne prakse), a vr\u0161i se i stalna kontrola i redovno zakazane revizije od strane FDA (Food and Drug Administration). Radimo u bliskoj saradnji s lokalnim vlastima za izdavanje dozvola kako bismo osigurali da na\u0161im potro\u0161a\u010dima uvijek budu dostupni proizvodi najvi\u0161eg kvaliteta.<\/li>\n<\/ul>\n<p>UPOZORENJE!<br \/>\n\u010cuvati van doma\u0161aja male djece. Preporu\u010dena dnevna doza se ne smije prekora\u010diti. Dodaci prehrani se ne smiju koristiti kao zamjena za raznovrsnu prehranu.<\/p>\n","protected":false},"excerpt":{"rendered":"<p>Koli\u010dina na zalihama: 3 <\/p>\n","protected":false},"featured_media":12339,"comment_status":"closed","ping_status":"open","template":"","meta":[],"product_brand":[],"product_cat":[448],"product_tag":[],"class_list":{"0":"post-12136","1":"product","2":"type-product","3":"status-publish","4":"has-post-thumbnail","6":"product_cat-prirodni-suplementi","8":"first","9":"instock","10":"product-type-external"},"_links":{"self":[{"href":"https:\/\/vitashop.info\/me\/wp-json\/wp\/v2\/product\/12136","targetHints":{"allow":["GET"]}}],"collection":[{"href":"https:\/\/vitashop.info\/me\/wp-json\/wp\/v2\/product"}],"about":[{"href":"https:\/\/vitashop.info\/me\/wp-json\/wp\/v2\/types\/product"}],"replies":[{"embeddable":true,"href":"https:\/\/vitashop.info\/me\/wp-json\/wp\/v2\/comments?post=12136"}],"wp:featuredmedia":[{"embeddable":true,"href":"https:\/\/vitashop.info\/me\/wp-json\/wp\/v2\/media\/12339"}],"wp:attachment":[{"href":"https:\/\/vitashop.info\/me\/wp-json\/wp\/v2\/media?parent=12136"}],"wp:term":[{"taxonomy":"product_brand","embeddable":true,"href":"https:\/\/vitashop.info\/me\/wp-json\/wp\/v2\/product_brand?post=12136"},{"taxonomy":"product_cat","embeddable":true,"href":"https:\/\/vitashop.info\/me\/wp-json\/wp\/v2\/product_cat?post=12136"},{"taxonomy":"product_tag","embeddable":true,"href":"https:\/\/vitashop.info\/me\/wp-json\/wp\/v2\/product_tag?post=12136"}],"curies":[{"name":"wp","href":"https:\/\/api.w.org\/{rel}","templated":true}]}}