{"id":12061,"date":"2026-04-14T01:34:03","date_gmt":"2026-04-14T00:34:03","guid":{"rendered":"https:\/\/vitashop.info\/me\/proizvod\/curcuma-pro-60-tableta-kurkuma\/"},"modified":"2026-04-14T01:36:10","modified_gmt":"2026-04-14T00:36:10","slug":"curcuma-pro-60-tableta-kurkuma","status":"publish","type":"product","link":"https:\/\/vitashop.info\/me\/proizvod\/curcuma-pro-60-tableta-kurkuma\/","title":{"rendered":"Curcuma Pro 60 tableta &#8211; Kurkuma"},"content":{"rendered":"<p>Doziranje: <\/p>\n<p>&nbsp;<\/p>\n<p>Opis:<\/p>\n<p>Kurkumin, je polifenol dobijen iz kurkume, jak antioksidanti spada me\u0111u najja\u010de anti-inflamatorne supstance, to ga i \u010dini jednim od najve\u0107ih nada budu\u0107ih farmaceutskih dostignu\u0107a. Upala je organska komponenta hroni\u010dnog oboljenja i shodno tome kurkumin se primjenjuje kod artritisa, digestivnih i kardiovaskularnih bolesti, depresije i jo&scaron; mnogih drugih bolesti.<\/p>\n<p>&nbsp;<\/p>\n<p>Kome se preporu\u010duje?<br \/>\nCurcuma Pro se preporu\u010duje ne samo kada problem ve\u0107 postoji pa \u017eelite postoje\u0107oj terapiji artritisa ili povredama da dodate alternativnu suplemetaciju ve\u0107 i onda kada su Vam zglobovi ektremno optere\u0107eni. Prema tome, njegova primjena preporu\u010duje se osobama koje se redovno bave sportom, obavljaju te\u017eak fizi\u010dki rad ili se bore sa gojazno&scaron;\u0107u.<\/p>\n<p>&nbsp;<\/p>\n<p>Sastojci:<\/p>\n<p>Ekstrakt kurkume (std. 95% kurkumina) 200 mg<\/p>\n<p>Ekstrakt kurkume 200 mcg<\/p>\n<p>Bioperin (50:1) 5 mg<\/p>\n<p>Triglicerici lanca srednje veli\u010dine 1.5 mg<\/p>\n<p>MicroActive\u00ae Kurkumin (25% kurkuminoida, 1:4) 25 mg<\/p>\n<p>&nbsp;<\/p>\n<p>Za\u0161to odabrati Calivita proizvode:<\/p>\n<ul>\n<li>Sa izvanrednim profesionalnim iskustvom, CaliVita ve\u0107 vi\u0161e od 30 godina nudi svoje proizvode koji zadovoljavaju najvi\u0161e standarde kvaliteta.<\/li>\n<li>Uvijek te\u017eimo kori\u0161tenju prirodnih osnovnih materijala koji poti\u010du iz najboljih izvora.<\/li>\n<li>Tokom na\u0161eg razvoja radimo koriste\u0107i bolje apsorpcione, na primjer organske oblike.<\/li>\n<li>Nudimo 100% garanciju kvaliteta za na\u0161e proizvode.<\/li>\n<li>Na\u0161i proizvodi podlije\u017eu strogoj i vi\u0161estrukoj proceduri ispitivanja kako bi se kontinuirano osigurao odli\u010dan kvalitet.<\/li>\n<li>Velika ve\u0107ina na\u0161ih dodataka prehrani proizvodi se u farmaceutskim uvjetima u SAD-u.<\/li>\n<li>Proizvodi se proizvode po principima cGMP (trenutne dobre proizvodne prakse), a vr\u0161i se i stalna kontrola i redovno zakazane revizije od strane FDA (Food and Drug Administration). Radimo u bliskoj saradnji s lokalnim vlastima za izdavanje dozvola kako bismo osigurali da na\u0161im potro\u0161a\u010dima uvijek budu dostupni proizvodi najvi\u0161eg kvaliteta.<\/li>\n<\/ul>\n<p>UPOZORENJE!<br \/>\n\u010cuvati van doma\u0161aja male djece. Preporu\u010dena dnevna doza se ne smije prekora\u010diti. Dodaci prehrani se ne smiju koristiti kao zamjena za raznovrsnu prehranu.<\/p>\n","protected":false},"excerpt":{"rendered":"<p>Koli\u010dina na zalihama: 25 <\/p>\n","protected":false},"featured_media":12476,"comment_status":"closed","ping_status":"open","template":"","meta":[],"product_brand":[],"product_cat":[448],"product_tag":[],"class_list":{"0":"post-12061","1":"product","2":"type-product","3":"status-publish","4":"has-post-thumbnail","6":"product_cat-prirodni-suplementi","8":"first","9":"instock","10":"product-type-external"},"_links":{"self":[{"href":"https:\/\/vitashop.info\/me\/wp-json\/wp\/v2\/product\/12061","targetHints":{"allow":["GET"]}}],"collection":[{"href":"https:\/\/vitashop.info\/me\/wp-json\/wp\/v2\/product"}],"about":[{"href":"https:\/\/vitashop.info\/me\/wp-json\/wp\/v2\/types\/product"}],"replies":[{"embeddable":true,"href":"https:\/\/vitashop.info\/me\/wp-json\/wp\/v2\/comments?post=12061"}],"wp:featuredmedia":[{"embeddable":true,"href":"https:\/\/vitashop.info\/me\/wp-json\/wp\/v2\/media\/12476"}],"wp:attachment":[{"href":"https:\/\/vitashop.info\/me\/wp-json\/wp\/v2\/media?parent=12061"}],"wp:term":[{"taxonomy":"product_brand","embeddable":true,"href":"https:\/\/vitashop.info\/me\/wp-json\/wp\/v2\/product_brand?post=12061"},{"taxonomy":"product_cat","embeddable":true,"href":"https:\/\/vitashop.info\/me\/wp-json\/wp\/v2\/product_cat?post=12061"},{"taxonomy":"product_tag","embeddable":true,"href":"https:\/\/vitashop.info\/me\/wp-json\/wp\/v2\/product_tag?post=12061"}],"curies":[{"name":"wp","href":"https:\/\/api.w.org\/{rel}","templated":true}]}}