{"id":12006,"date":"2026-03-10T02:34:04","date_gmt":"2026-03-10T01:34:04","guid":{"rendered":"https:\/\/vitashop.info\/me\/proizvod\/liquid-chlorophyll-473ml-tecna-formula-za-alkalizaciju\/"},"modified":"2026-04-14T01:36:05","modified_gmt":"2026-04-14T00:36:05","slug":"liquid-chlorophyll-473ml-tecna-formula-za-alkalizaciju","status":"publish","type":"product","link":"https:\/\/vitashop.info\/me\/proizvod\/liquid-chlorophyll-473ml-tecna-formula-za-alkalizaciju\/","title":{"rendered":"Liquid Chlorophyll 473ml &#8211; Te\u010dna formula za alkalizaciju"},"content":{"rendered":"<p>Doziranje: 1 kafenu ka\u0161i\u010dicu dnevno rastvoriti u \u010da\u0161u vode<\/p>\n<p>&nbsp;<\/p>\n<p>Opis:<\/p>\n<p style=\"text-align: justify\">Hlorofil koji biljkama daje zelenu boju je veoma efikasna alkalizuju\u0107a supstanca, sa kojom mo\u017eete da o\u010duvate ili obnovite ravnote\u017eu izme\u0111u baza i kiselina u svom tijelu. Povrh toga, hlorofil je i odli\u010dan detoksikacioni materijal koji ima i blag diureti\u010dki efekat, zbog kojeg je postao neophodan u tretmanu za \u010di&scaron;\u0107nje organizma.<\/p>\n<p>&nbsp;<\/p>\n<p>Kome se preporu\u010duje?<\/p>\n<ul>&#013;<\/p>\n<li style=\"text-align: justify\">U cilju obnove pH ravnote\u017ee u zakiseljenom organizmu<\/li>\n<p>&#013;<\/p>\n<li style=\"text-align: justify\">Za tretmane detoksikacije<\/li>\n<p>&#013;<\/p>\n<li style=\"text-align: justify\">U cilju podr&scaron;ke varenju<\/li>\n<p>&#013;<\/p>\n<li style=\"text-align: justify\">Kao unutra&scaron;nji dezodorans u slu\u010daju neprijatnog zadaha iz usta<\/li>\n<p>&#013;<\/p>\n<li style=\"text-align: justify\">U svrhu boljeg zarastanja rana<\/li>\n<p>&#013;<\/p>\n<li style=\"text-align: justify\">U svrhu redukcije nepo\u017eeljnih sporednih efekata terapije zra\u010denjem i citostaticima<\/li>\n<p>&#013;\n<\/ul>\n<p>&#013;<\/p>\n<p style=\"text-align: justify\">&nbsp;<\/p>\n<p>&#013;<\/p>\n<p style=\"text-align: justify\"><span style=\"font-style: italic;font-weight: bold\">###youtube#tZn22Yw_oZQ###<\/span><\/p>\n<p>&#013;<\/p>\n<p style=\"text-align: justify\">&nbsp;<\/p>\n<p>&#013;<\/p>\n<p style=\"text-align: justify\"><strong><em>Snimak ljekarskog predavanja sadr\u017ei informacije o slede\u0107im preparatima:<\/em><\/strong><\/p>\n<p>&#013;<\/p>\n<p style=\"text-align: justify\">&nbsp;<\/p>\n<p>&#013;<\/p>\n<p style=\"text-align: justify\"><strong><em>ParaProtex, Liquid Chlorophyll, Ocean 21, Nopalin, Spirulina Chlorella Plus, Pure Yucca, Green Care, Detox Patch, Arginine Plus, Power Mins;<\/em><\/strong><\/p>\n<p>&nbsp;<\/p>\n<p>Sastojci:<\/p>\n<p>Hlorofil (hlorofilin dobijen iz lucerke, u obliku natrijum-bakarne soli) 15 mg<\/p>\n<p>&nbsp;<\/p>\n<p>Za\u0161to odabrati Calivita proizvode:<\/p>\n<ul>\n<li>Sa izvanrednim profesionalnim iskustvom, CaliVita ve\u0107 vi\u0161e od 30 godina nudi svoje proizvode koji zadovoljavaju najvi\u0161e standarde kvaliteta.<\/li>\n<li>Uvijek te\u017eimo kori\u0161tenju prirodnih osnovnih materijala koji poti\u010du iz najboljih izvora.<\/li>\n<li>Tokom na\u0161eg razvoja radimo koriste\u0107i bolje apsorpcione, na primjer organske oblike.<\/li>\n<li>Nudimo 100% garanciju kvaliteta za na\u0161e proizvode.<\/li>\n<li>Na\u0161i proizvodi podlije\u017eu strogoj i vi\u0161estrukoj proceduri ispitivanja kako bi se kontinuirano osigurao odli\u010dan kvalitet.<\/li>\n<li>Velika ve\u0107ina na\u0161ih dodataka prehrani proizvodi se u farmaceutskim uvjetima u SAD-u.<\/li>\n<li>Proizvodi se proizvode po principima cGMP (trenutne dobre proizvodne prakse), a vr\u0161i se i stalna kontrola i redovno zakazane revizije od strane FDA (Food and Drug Administration). Radimo u bliskoj saradnji s lokalnim vlastima za izdavanje dozvola kako bismo osigurali da na\u0161im potro\u0161a\u010dima uvijek budu dostupni proizvodi najvi\u0161eg kvaliteta.<\/li>\n<\/ul>\n<p>UPOZORENJE!<br \/>\n\u010cuvati van doma\u0161aja male djece. Preporu\u010dena dnevna doza se ne smije prekora\u010diti. Dodaci prehrani se ne smiju koristiti kao zamjena za raznovrsnu prehranu.<\/p>\n","protected":false},"excerpt":{"rendered":"<p>Koli\u010dina na zalihama: 5 <\/p>\n","protected":false},"featured_media":12328,"comment_status":"closed","ping_status":"open","template":"","meta":[],"product_brand":[],"product_cat":[448],"product_tag":[],"class_list":{"0":"post-12006","1":"product","2":"type-product","3":"status-publish","4":"has-post-thumbnail","6":"product_cat-prirodni-suplementi","8":"first","9":"instock","10":"product-type-external"},"_links":{"self":[{"href":"https:\/\/vitashop.info\/me\/wp-json\/wp\/v2\/product\/12006","targetHints":{"allow":["GET"]}}],"collection":[{"href":"https:\/\/vitashop.info\/me\/wp-json\/wp\/v2\/product"}],"about":[{"href":"https:\/\/vitashop.info\/me\/wp-json\/wp\/v2\/types\/product"}],"replies":[{"embeddable":true,"href":"https:\/\/vitashop.info\/me\/wp-json\/wp\/v2\/comments?post=12006"}],"wp:featuredmedia":[{"embeddable":true,"href":"https:\/\/vitashop.info\/me\/wp-json\/wp\/v2\/media\/12328"}],"wp:attachment":[{"href":"https:\/\/vitashop.info\/me\/wp-json\/wp\/v2\/media?parent=12006"}],"wp:term":[{"taxonomy":"product_brand","embeddable":true,"href":"https:\/\/vitashop.info\/me\/wp-json\/wp\/v2\/product_brand?post=12006"},{"taxonomy":"product_cat","embeddable":true,"href":"https:\/\/vitashop.info\/me\/wp-json\/wp\/v2\/product_cat?post=12006"},{"taxonomy":"product_tag","embeddable":true,"href":"https:\/\/vitashop.info\/me\/wp-json\/wp\/v2\/product_tag?post=12006"}],"curies":[{"name":"wp","href":"https:\/\/api.w.org\/{rel}","templated":true}]}}