{"id":11714,"date":"2026-04-14T01:34:06","date_gmt":"2026-04-14T00:34:06","guid":{"rendered":"https:\/\/vitashop.info\/me\/proizvod\/vital-man-60-tableta-za-vitalnost-muskarca\/"},"modified":"2026-04-14T01:36:09","modified_gmt":"2026-04-14T00:36:09","slug":"vital-man-60-tableta-za-vitalnost-muskarca","status":"publish","type":"product","link":"https:\/\/vitashop.info\/me\/proizvod\/vital-man-60-tableta-za-vitalnost-muskarca\/","title":{"rendered":"Vital Man 60 tableta &#8211; Za vitalnost mu\u0161karca"},"content":{"rendered":"<p>Doziranje: <\/p>\n<p>&nbsp;<\/p>\n<p>Opis:<\/p>\n<p>VitalMan je kompleksni biljni preparat posebno dizajniran za mu&scaron;karce. Stresna radna nedjelja i promjene u seksualnim performansama mogu da postanu problem!<br \/>Gvarana i Sibirski \u017een&scaron;en, na primjer mogu da pomognu u o\u010duvanju mentalne i fizi\u010dke sve\u017eine, a \u017een&scaron;en mo\u017ee tako\u0111e i da pove\u0107a otpornost na stres. Kofein iz gvarane i diureti\u010dki efekat koprive doprinose zdravlju urinarnog trakta. Lirizoma i maka korijen su u narodnoj medicini poznati po svom dejstvu na potenciju i afrodizija\u010dkim svojstvima.<\/p>\n<p>&nbsp;<\/p>\n<p>Kome se preporu\u010duje?<\/p>\n<ul>&#013;<\/p>\n<li>mu&scaron;karcima koji \u017eele da o\u010duvaju ili pove\u0107aju svoju vitalnost<\/li>\n<p>&#013;<\/p>\n<li>u cilju odr\u017eavanja op&scaron;te fizi\u010dke kondicije<\/li>\n<p>&#013;<\/p>\n<li>u cilju o\u010duvanja zdravih seksualnih performansi<\/li>\n<p>&#013;\n<\/ul>\n<p>&nbsp;<\/p>\n<p>Sastojci:<\/p>\n<p>Korijen \u017een\u0161ena 100 mg<\/p>\n<p>Korijen muire puame 100 mg<\/p>\n<p>Katuaba 25 mg<\/p>\n<p>Damiana 50 mg<\/p>\n<p>Sarsaparila 50 mg<\/p>\n<p>Maka 50 mg<\/p>\n<p>Kopriva 50 mg<\/p>\n<p>Ekstrakt gvarane (st. 22% kofeina) 100 mg<\/p>\n<p>&nbsp;<\/p>\n<p>Za\u0161to odabrati Calivita proizvode:<\/p>\n<ul>\n<li>Sa izvanrednim profesionalnim iskustvom, CaliVita ve\u0107 vi\u0161e od 30 godina nudi svoje proizvode koji zadovoljavaju najvi\u0161e standarde kvaliteta.<\/li>\n<li>Uvijek te\u017eimo kori\u0161tenju prirodnih osnovnih materijala koji poti\u010du iz najboljih izvora.<\/li>\n<li>Tokom na\u0161eg razvoja radimo koriste\u0107i bolje apsorpcione, na primjer organske oblike.<\/li>\n<li>Nudimo 100% garanciju kvaliteta za na\u0161e proizvode.<\/li>\n<li>Na\u0161i proizvodi podlije\u017eu strogoj i vi\u0161estrukoj proceduri ispitivanja kako bi se kontinuirano osigurao odli\u010dan kvalitet.<\/li>\n<li>Velika ve\u0107ina na\u0161ih dodataka prehrani proizvodi se u farmaceutskim uvjetima u SAD-u.<\/li>\n<li>Proizvodi se proizvode po principima cGMP (trenutne dobre proizvodne prakse), a vr\u0161i se i stalna kontrola i redovno zakazane revizije od strane FDA (Food and Drug Administration). Radimo u bliskoj saradnji s lokalnim vlastima za izdavanje dozvola kako bismo osigurali da na\u0161im potro\u0161a\u010dima uvijek budu dostupni proizvodi najvi\u0161eg kvaliteta.<\/li>\n<\/ul>\n<p>UPOZORENJE!<br \/>\n\u010cuvati van doma\u0161aja male djece. Preporu\u010dena dnevna doza se ne smije prekora\u010diti. Dodaci prehrani se ne smiju koristiti kao zamjena za raznovrsnu prehranu.<\/p>\n","protected":false},"excerpt":{"rendered":"<p>Koli\u010dina na zalihama: 17 <\/p>\n","protected":false},"featured_media":12434,"comment_status":"closed","ping_status":"open","template":"","meta":[],"product_brand":[],"product_cat":[448],"product_tag":[],"class_list":{"0":"post-11714","1":"product","2":"type-product","3":"status-publish","4":"has-post-thumbnail","6":"product_cat-prirodni-suplementi","8":"first","9":"instock","10":"product-type-external"},"_links":{"self":[{"href":"https:\/\/vitashop.info\/me\/wp-json\/wp\/v2\/product\/11714","targetHints":{"allow":["GET"]}}],"collection":[{"href":"https:\/\/vitashop.info\/me\/wp-json\/wp\/v2\/product"}],"about":[{"href":"https:\/\/vitashop.info\/me\/wp-json\/wp\/v2\/types\/product"}],"replies":[{"embeddable":true,"href":"https:\/\/vitashop.info\/me\/wp-json\/wp\/v2\/comments?post=11714"}],"wp:featuredmedia":[{"embeddable":true,"href":"https:\/\/vitashop.info\/me\/wp-json\/wp\/v2\/media\/12434"}],"wp:attachment":[{"href":"https:\/\/vitashop.info\/me\/wp-json\/wp\/v2\/media?parent=11714"}],"wp:term":[{"taxonomy":"product_brand","embeddable":true,"href":"https:\/\/vitashop.info\/me\/wp-json\/wp\/v2\/product_brand?post=11714"},{"taxonomy":"product_cat","embeddable":true,"href":"https:\/\/vitashop.info\/me\/wp-json\/wp\/v2\/product_cat?post=11714"},{"taxonomy":"product_tag","embeddable":true,"href":"https:\/\/vitashop.info\/me\/wp-json\/wp\/v2\/product_tag?post=11714"}],"curies":[{"name":"wp","href":"https:\/\/api.w.org\/{rel}","templated":true}]}}