{"id":11686,"date":"2026-03-10T02:34:04","date_gmt":"2026-03-10T01:34:04","guid":{"rendered":"https:\/\/vitashop.info\/me\/proizvod\/pro-selenium-60-tableta-preparat-selena\/"},"modified":"2026-04-14T01:36:07","modified_gmt":"2026-04-14T00:36:07","slug":"pro-selenium-60-tableta-preparat-selena","status":"publish","type":"product","link":"https:\/\/vitashop.info\/me\/proizvod\/pro-selenium-60-tableta-preparat-selena\/","title":{"rendered":"Pro Selenium 60 tableta &#8211; Preparat Selena"},"content":{"rendered":"<p>Doziranje: 1 tableta dnevno<\/p>\n<p>&nbsp;<\/p>\n<p>Opis:<\/p>\n<p style=\"text-align: justify\">Selen svojim jakim antioksidantnim efektom potpoma\u017ee za&scaron;titu \u0107elija i tkiva od &scaron;tetnog uticaja slobodnih radikala, dok istovremeno doprinosi i za&scaron;titi imunog sistema i normalnom funkcionisanju &scaron;titne \u017elijezde. Tako\u0111e, igra ulogu u o\u010duvanju zdravlja ko\u017ee i noktiju.<\/p>\n<p>&nbsp;<\/p>\n<p>Kome se preporu\u010duje?<\/p>\n<ul>&#013;<\/p>\n<li style=\"text-align: justify\">Svima koji su u potrazi za jakom antioksidantnom za&scaron;titom<\/li>\n<p>&#013;<\/p>\n<li style=\"text-align: justify\">Pu&scaron;a\u010dima<\/li>\n<p>&#013;<\/p>\n<li style=\"text-align: justify\">Ljudima koji pate od hipertiroidizma<\/li>\n<p>&#013;<\/p>\n<li style=\"text-align: justify\">Mu&scaron;karcima u cilju pove\u0107anja plodnosti<\/li>\n<p>&#013;<\/p>\n<li style=\"text-align: justify\">Za suplementaciju tretmana protiv visokog nivoa holesterola<\/li>\n<p>&#013;<\/p>\n<li style=\"text-align: justify\">Osobama koje slijede striktnu vegansku dijetu, imaju\u0107i u vidu da njihova ishrana ne sadr\u017ei prehrambene proizvode \u017eivotinjskog porijekla koji se smatraju dobrim izvorima selena<\/li>\n<p>&#013;<\/p>\n<li style=\"text-align: justify\">Za suplementaciju terapije protiv zapaljenskih procesa u tijelu, posebno u slu\u010daju artritisa<\/li>\n<p>&#013;\n<\/ul>\n<p>&#013;<\/p>\n<p style=\"text-align: justify\">&nbsp;<\/p>\n<p>&#013;<\/p>\n<p style=\"text-align: justify\">&nbsp;<\/p>\n<p>&#013;<\/p>\n<p style=\"text-align: justify\"><strong><em><em><strong>###youtube#iW_KvHnVHf8###<\/strong><\/em><\/p>\n<p><\/em><\/strong><\/p>\n<p>&#013;<\/p>\n<p style=\"text-align: justify\"><em><strong>Snimak ljekarskog predavanja sadr\u017ei informacije o slede\u0107im preparatima:<\/strong><\/em><\/p>\n<p>&#013;<\/p>\n<p style=\"text-align: justify\"><em><strong>Direktni i indirektni antioksidansi: C vitamin, E vitamin, Chelated Zinc, Mega Zinc, Pro Selenium, Beta Carotene;<br \/><\/strong><\/em><\/p>\n<p>&#013;<\/p>\n<p style=\"text-align: justify\"><em><strong>Kompleksne antioksidativne formule: Coenzyme Q10, Super Coenzyme Q10, Coenzyme Q10 Sublingual, Protect 4 Life, Mega Protect 4 Life, Energy &amp; Memory, Smokerade, MagneZi B6;<br \/><\/strong><\/em><\/p>\n<p>&#013;<\/p>\n<p style=\"text-align: justify\"><em><strong>Biljne antioksidativne formule: Resveratrol plus, Xantho plus, Zenthonic, Lutein plus;<\/strong><\/em><\/p>\n<p>&nbsp;<\/p>\n<p>Sastojci:<\/p>\n<p>Selen 50 mcg<\/p>\n<p>&nbsp;<\/p>\n<p>Za\u0161to odabrati Calivita proizvode:<\/p>\n<ul>\n<li>Sa izvanrednim profesionalnim iskustvom, CaliVita ve\u0107 vi\u0161e od 30 godina nudi svoje proizvode koji zadovoljavaju najvi\u0161e standarde kvaliteta.<\/li>\n<li>Uvijek te\u017eimo kori\u0161tenju prirodnih osnovnih materijala koji poti\u010du iz najboljih izvora.<\/li>\n<li>Tokom na\u0161eg razvoja radimo koriste\u0107i bolje apsorpcione, na primjer organske oblike.<\/li>\n<li>Nudimo 100% garanciju kvaliteta za na\u0161e proizvode.<\/li>\n<li>Na\u0161i proizvodi podlije\u017eu strogoj i vi\u0161estrukoj proceduri ispitivanja kako bi se kontinuirano osigurao odli\u010dan kvalitet.<\/li>\n<li>Velika ve\u0107ina na\u0161ih dodataka prehrani proizvodi se u farmaceutskim uvjetima u SAD-u.<\/li>\n<li>Proizvodi se proizvode po principima cGMP (trenutne dobre proizvodne prakse), a vr\u0161i se i stalna kontrola i redovno zakazane revizije od strane FDA (Food and Drug Administration). Radimo u bliskoj saradnji s lokalnim vlastima za izdavanje dozvola kako bismo osigurali da na\u0161im potro\u0161a\u010dima uvijek budu dostupni proizvodi najvi\u0161eg kvaliteta.<\/li>\n<\/ul>\n<p>UPOZORENJE!<br \/>\n\u010cuvati van doma\u0161aja male djece. Preporu\u010dena dnevna doza se ne smije prekora\u010diti. Dodaci prehrani se ne smiju koristiti kao zamjena za raznovrsnu prehranu.<\/p>\n","protected":false},"excerpt":{"rendered":"<p>Koli\u010dina na zalihama: 2 <\/p>\n","protected":false},"featured_media":12392,"comment_status":"closed","ping_status":"open","template":"","meta":[],"product_brand":[],"product_cat":[448],"product_tag":[],"class_list":{"0":"post-11686","1":"product","2":"type-product","3":"status-publish","4":"has-post-thumbnail","6":"product_cat-prirodni-suplementi","8":"first","9":"instock","10":"product-type-external"},"_links":{"self":[{"href":"https:\/\/vitashop.info\/me\/wp-json\/wp\/v2\/product\/11686","targetHints":{"allow":["GET"]}}],"collection":[{"href":"https:\/\/vitashop.info\/me\/wp-json\/wp\/v2\/product"}],"about":[{"href":"https:\/\/vitashop.info\/me\/wp-json\/wp\/v2\/types\/product"}],"replies":[{"embeddable":true,"href":"https:\/\/vitashop.info\/me\/wp-json\/wp\/v2\/comments?post=11686"}],"wp:featuredmedia":[{"embeddable":true,"href":"https:\/\/vitashop.info\/me\/wp-json\/wp\/v2\/media\/12392"}],"wp:attachment":[{"href":"https:\/\/vitashop.info\/me\/wp-json\/wp\/v2\/media?parent=11686"}],"wp:term":[{"taxonomy":"product_brand","embeddable":true,"href":"https:\/\/vitashop.info\/me\/wp-json\/wp\/v2\/product_brand?post=11686"},{"taxonomy":"product_cat","embeddable":true,"href":"https:\/\/vitashop.info\/me\/wp-json\/wp\/v2\/product_cat?post=11686"},{"taxonomy":"product_tag","embeddable":true,"href":"https:\/\/vitashop.info\/me\/wp-json\/wp\/v2\/product_tag?post=11686"}],"curies":[{"name":"wp","href":"https:\/\/api.w.org\/{rel}","templated":true}]}}