{"id":11678,"date":"2026-04-14T01:34:05","date_gmt":"2026-04-14T00:34:05","guid":{"rendered":"https:\/\/vitashop.info\/me\/proizvod\/menopausal-formula-135-kapsula-formula-za-menopauzu\/"},"modified":"2026-04-14T01:36:06","modified_gmt":"2026-04-14T00:36:06","slug":"menopausal-formula-135-kapsula-formula-za-menopauzu","status":"publish","type":"product","link":"https:\/\/vitashop.info\/me\/proizvod\/menopausal-formula-135-kapsula-formula-za-menopauzu\/","title":{"rendered":"Menopausal Formula 135 kapsula &#8211; Formula za menopauzu"},"content":{"rendered":"<p>Doziranje: 3&#215;3 kapsule dnevno<\/p>\n<p>&nbsp;<\/p>\n<p>Opis:<\/p>\n<p style=\"text-align: justify\">Tokom i nakon menopauze, metabolizam kod \u017eena se mijenja. Rizik od odre\u0111enih bolesti, kao &scaron;to su osteoporoza i kardiovaskularne bolesti (koje se mogu sprije\u010diti) se pove\u0107ava. Proizvodom &#8220;<strong>Menopausal Formula<\/strong>&#8220;, nudimo Vam mje&scaron;avinu aktivnih sastojaka koji na prirodan na\u010din umanjuju neprijatne simptome menopauze (nervozu, promjene raspolo\u017eenja, toplotne valunge, dobijanje na te\u017eini) i smanjuju rizike od daljih oboljenja koje ove promjene nose sa sobom.<\/p>\n<p>&#013;<\/p>\n<p style=\"text-align: justify\">&nbsp;<\/p>\n<p>&nbsp;<\/p>\n<p>Kome se preporu\u010duje?<\/p>\n<ul>&#013;<\/p>\n<li style=\"text-align: justify\">\u017denama koje su u&scaron;le u odre\u0111ene godine, i kojima menopauza izaziva neprijatne simptome<\/li>\n<p>&#013;<\/p>\n<li style=\"text-align: justify\">\u017denama koje \u017eele da smanje rizik od pojave ozbiljnijih bolesti uzrokovanih menopauzom<\/li>\n<p>&#013;\n<\/ul>\n<p>&#013;<\/p>\n<p style=\"text-align: justify\">&nbsp;<\/p>\n<p>&#013;<\/p>\n<p style=\"text-align: justify\"><strong><em>###youtube#yOlFBCJmKrw###<\/em><\/strong><\/p>\n<p>&#013;<\/p>\n<p style=\"text-align: justify\">&nbsp;<\/p>\n<p>&#013;<\/p>\n<p style=\"text-align: justify\"><strong><em>Snimak ljekarskog predavanja sadr\u017ei informacije o slede\u0107im preparatima:<\/p>\n<p>Vital Man, Vital Woman, Prostate Power, Menopausal Formula, IntiMoments Creme;<\/em><\/strong><\/p>\n<p>&#013;<\/p>\n<p style=\"text-align: justify\"><strong>Sastav:<\/strong><\/p>\n<p>&#013;<\/p>\n<table border=\"0\" width=\"100%\" cellspacing=\"0\" cellpadding=\"2\">&#013;<\/p>\n<tbody>&#013;<\/p>\n<tr bgcolor=\"#FFFFFF\">&#013;<\/p>\n<td><strong>Vitamin A&nbsp;&nbsp;&nbsp;<\/strong><\/td>\n<p>&#013;<\/p>\n<td align=\"right\">150<\/td>\n<p>&#013;<\/p>\n<td>mcg<\/td>\n<p>&#013;<br \/>\n<\/tr>\n<p>&#013;<\/p>\n<tr bgcolor=\"#FFFFFF\">&#013;<\/p>\n<td><strong>Beta-karoten&nbsp;&nbsp;&nbsp;<\/strong><\/td>\n<p>&#013;<\/p>\n<td align=\"right\">4.5<\/td>\n<p>&#013;<\/p>\n<td>mg<\/td>\n<p>&#013;<br \/>\n<\/tr>\n<p>&#013;<\/p>\n<tr bgcolor=\"#FFFFFF\">&#013;<\/p>\n<td><strong>Vitamin D3&nbsp;&nbsp;&nbsp;<\/strong><\/td>\n<p>&#013;<\/p>\n<td align=\"right\">2<\/td>\n<p>&#013;<\/p>\n<td>mcg<\/td>\n<p>&#013;<br \/>\n<\/tr>\n<p>&#013;<\/p>\n<tr bgcolor=\"#FFFFFF\">&#013;<\/p>\n<td><strong>Vitamin C&nbsp;&nbsp;&nbsp;<\/strong><\/td>\n<p>&#013;<\/p>\n<td align=\"right\">100<\/td>\n<p>&#013;<\/p>\n<td>mg<\/td>\n<p>&#013;<br \/>\n<\/tr>\n<p>&#013;<\/p>\n<tr bgcolor=\"#FFFFFF\">&#013;<\/p>\n<td><strong>Vitamin E&nbsp;&nbsp;&nbsp;<\/strong><\/td>\n<p>&#013;<\/p>\n<td align=\"right\">40<\/td>\n<p>&#013;<\/p>\n<td>mg<\/td>\n<p>&#013;<br \/>\n<\/tr>\n<p>&#013;<\/p>\n<tr bgcolor=\"#FFFFFF\">&#013;<\/p>\n<td><strong>Vitamin B1&nbsp;&nbsp;&nbsp;<\/strong><\/td>\n<p>&#013;<\/p>\n<td align=\"right\">2.5<\/td>\n<p>&#013;<\/p>\n<td>mg<\/td>\n<p>&#013;<br \/>\n<\/tr>\n<p>&#013;<\/p>\n<tr bgcolor=\"#FFFFFF\">&#013;<\/p>\n<td><strong>Vitamin B2&nbsp;&nbsp;&nbsp;<\/strong><\/td>\n<p>&#013;<\/p>\n<td align=\"right\">2.5<\/td>\n<p>&#013;<\/p>\n<td>mg<\/td>\n<p>&#013;<br \/>\n<\/tr>\n<p>&#013;<\/p>\n<tr bgcolor=\"#FFFFFF\">&#013;<\/p>\n<td><strong>Vitamin B3&nbsp;&nbsp;&nbsp;<\/strong><\/td>\n<p>&#013;<\/p>\n<td align=\"right\">7.5<\/td>\n<p>&#013;<\/p>\n<td>mg<\/td>\n<p>&#013;<br \/>\n<\/tr>\n<p>&#013;<\/p>\n<tr bgcolor=\"#FFFFFF\">&#013;<\/p>\n<td><strong>Vitamin B4&nbsp;&nbsp;&nbsp;<\/strong><\/td>\n<p>&#013;<\/p>\n<td align=\"right\">40<\/td>\n<p>&#013;<\/p>\n<td>mcg<\/td>\n<p>&#013;<br \/>\n<\/tr>\n<p>&#013;<\/p>\n<tr bgcolor=\"#FFFFFF\">&#013;<\/p>\n<td><strong>Vitamin B5&nbsp;&nbsp;&nbsp;<\/strong><\/td>\n<p>&#013;<\/p>\n<td align=\"right\">5<\/td>\n<p>&#013;<\/p>\n<td>mg<\/td>\n<p>&#013;<br \/>\n<\/tr>\n<p>&#013;<\/p>\n<tr bgcolor=\"#FFFFFF\">&#013;<\/p>\n<td><strong>Vitamin B6 (piridoksin)&nbsp;&nbsp;&nbsp;<\/strong><\/td>\n<p>&#013;<\/p>\n<td align=\"right\">2.5<\/td>\n<p>&#013;<\/p>\n<td>mg<\/td>\n<p>&#013;<br \/>\n<\/tr>\n<p>&#013;<\/p>\n<tr style=\"background: #ffffff none repeat scroll 0% 0%\" bgcolor=\"#FFFFFF\">&#013;<\/p>\n<td><strong>Vitamin B12&nbsp;&nbsp;&nbsp;<\/strong><\/td>\n<p>&#013;<\/p>\n<td align=\"right\">5<\/td>\n<p>&#013;<\/p>\n<td>mcg<\/td>\n<p>&#013;<br \/>\n<\/tr>\n<p>&#013;<\/p>\n<tr bgcolor=\"#FFFFFF\">&#013;<\/p>\n<td><strong>Biotin&nbsp;&nbsp;&nbsp;<\/strong><\/td>\n<p>&#013;<\/p>\n<td align=\"right\">30<\/td>\n<p>&#013;<\/p>\n<td>mcg<\/td>\n<p>&#013;<br \/>\n<\/tr>\n<p>&#013;<\/p>\n<tr style=\"background: #ffffff none repeat scroll 0% 0%\" bgcolor=\"#FFFFFF\">&#013;<\/p>\n<td><strong>Para-amino benzoic acid&nbsp;&nbsp;&nbsp;<\/strong><\/td>\n<p>&#013;<\/p>\n<td align=\"right\">2.5<\/td>\n<p>&#013;<\/p>\n<td>mg<\/td>\n<p>&#013;<br \/>\n<\/tr>\n<p>&#013;<\/p>\n<tr bgcolor=\"#FFFFFF\">&#013;<\/p>\n<td><strong>Holin&nbsp;&nbsp;&nbsp;<\/strong><\/td>\n<p>&#013;<\/p>\n<td align=\"right\">2.5<\/td>\n<p>&#013;<\/p>\n<td>mg<\/td>\n<p>&#013;<br \/>\n<\/tr>\n<p>&#013;<\/p>\n<tr style=\"background: #ffffff none repeat scroll 0% 0%\" bgcolor=\"#FFFFFF\">&#013;<\/p>\n<td><strong>Inozitol&nbsp;&nbsp;&nbsp;<\/strong><\/td>\n<p>&#013;<\/p>\n<td align=\"right\">2.5<\/td>\n<p>&#013;<\/p>\n<td>mg<\/td>\n<p>&#013;<br \/>\n<\/tr>\n<p>&#013;<\/p>\n<tr style=\"background: #ffffff none repeat scroll 0% 0%\" bgcolor=\"#FFFFFF\">&#013;<\/p>\n<td><strong>Kalcijum&nbsp;&nbsp;&nbsp;<\/strong><\/td>\n<p>&#013;<\/p>\n<td align=\"right\">100<\/td>\n<p>&#013;<\/p>\n<td>mg<\/td>\n<p>&#013;<br \/>\n<\/tr>\n<p>&#013;<\/p>\n<tr style=\"background: #ffffff none repeat scroll 0% 0%\" bgcolor=\"#FFFFFF\">&#013;<\/p>\n<td><strong>Magnezijum&nbsp;&nbsp;&nbsp;<\/strong><\/td>\n<p>&#013;<\/p>\n<td align=\"right\">50<\/td>\n<p>&#013;<\/p>\n<td>mg<\/td>\n<p>&#013;<br \/>\n<\/tr>\n<p>&#013;<\/p>\n<tr bgcolor=\"#FFFFFF\">&#013;<\/p>\n<td><strong>Kalijum&nbsp;&nbsp;&nbsp;<\/strong><\/td>\n<p>&#013;<\/p>\n<td align=\"right\">10<\/td>\n<p>&#013;<\/p>\n<td>mg<\/td>\n<p>&#013;<br \/>\n<\/tr>\n<p>&#013;<\/p>\n<tr style=\"background: #ffffff none repeat scroll 0% 0%\" bgcolor=\"#FFFFFF\">&#013;<\/p>\n<td><strong>Cink&nbsp;&nbsp;&nbsp;<\/strong><\/td>\n<p>&#013;<\/p>\n<td align=\"right\">3<\/td>\n<p>&#013;<\/p>\n<td>mg<\/td>\n<p>&#013;<br \/>\n<\/tr>\n<p>&#013;<\/p>\n<tr style=\"background: #ffffff none repeat scroll 0% 0%\" bgcolor=\"#FFFFFF\">&#013;<\/p>\n<td><strong>Bakar&nbsp;&nbsp;&nbsp;<\/strong><\/td>\n<p>&#013;<\/p>\n<td align=\"right\">200<\/td>\n<p>&#013;<\/p>\n<td>mcg<\/td>\n<p>&#013;<br \/>\n<\/tr>\n<p>&#013;<\/p>\n<tr bgcolor=\"#FFFFFF\">&#013;<\/p>\n<td><strong>Gvo\u017e\u0111e&nbsp;&nbsp;&nbsp;<\/strong><\/td>\n<p>&#013;<\/p>\n<td align=\"right\">1<\/td>\n<p>&#013;<\/p>\n<td>mg<\/td>\n<p>&#013;<br \/>\n<\/tr>\n<p>&#013;<\/p>\n<tr style=\"background: #ffffff none repeat scroll 0% 0%\" bgcolor=\"#FFFFFF\">&#013;<\/p>\n<td><strong>Mangan&nbsp;&nbsp;&nbsp;<\/strong><\/td>\n<p>&#013;<\/p>\n<td align=\"right\">500<\/td>\n<p>&#013;<\/p>\n<td>mcg<\/td>\n<p>&#013;<br \/>\n<\/tr>\n<p>&#013;<\/p>\n<tr style=\"background: #ffffff none repeat scroll 0% 0%\" bgcolor=\"#FFFFFF\">&#013;<\/p>\n<td><strong>Jod&nbsp;&nbsp;&nbsp;<\/strong><\/td>\n<p>&#013;<\/p>\n<td align=\"right\">15<\/td>\n<p>&#013;<\/p>\n<td>mcg<\/td>\n<p>&#013;<br \/>\n<\/tr>\n<p>&#013;<\/p>\n<tr bgcolor=\"#FFFFFF\">&#013;<\/p>\n<td><strong>Selen&nbsp;&nbsp;&nbsp;<\/strong><\/td>\n<p>&#013;<\/p>\n<td align=\"right\">10<\/td>\n<p>&#013;<\/p>\n<td>mcg<\/td>\n<p>&#013;<br \/>\n<\/tr>\n<p>&#013;<\/p>\n<tr style=\"background: #ffffff none repeat scroll 0% 0%\" bgcolor=\"#FFFFFF\">&#013;<\/p>\n<td><strong>Hrom&nbsp;&nbsp;&nbsp;<\/strong><\/td>\n<p>&#013;<\/p>\n<td align=\"right\">20<\/td>\n<p>&#013;<\/p>\n<td>mcg<\/td>\n<p>&#013;<br \/>\n<\/tr>\n<p>&#013;<\/p>\n<tr style=\"background: #ffffff none repeat scroll 0% 0%\" bgcolor=\"#FFFFFF\">&#013;<\/p>\n<td><strong>Molibden&nbsp;&nbsp;&nbsp;<\/strong><\/td>\n<p>&#013;<\/p>\n<td align=\"right\">15<\/td>\n<p>&#013;<\/p>\n<td>mcg<\/td>\n<p>&#013;<br \/>\n<\/tr>\n<p>&#013;<\/p>\n<tr style=\"background: #ffffff none repeat scroll 0% 0%\" bgcolor=\"#FFFFFF\">&#013;<\/p>\n<td><strong>Bor&nbsp;&nbsp;&nbsp;<\/strong><\/td>\n<p>&#013;<\/p>\n<td align=\"right\">300<\/td>\n<p>&#013;<\/p>\n<td>mcg<\/td>\n<p>&#013;<br \/>\n<\/tr>\n<p>&#013;<\/p>\n<tr style=\"background: #ffffff none repeat scroll 0% 0%\" bgcolor=\"#FFFFFF\">&#013;<\/p>\n<td><strong>Rastavi\u0107&nbsp;&nbsp;&nbsp;<\/strong><\/td>\n<p>&#013;<\/p>\n<td align=\"right\">650<\/td>\n<p>&#013;<\/p>\n<td>mcg<\/td>\n<p>&#013;<br \/>\n<\/tr>\n<p>&#013;<\/p>\n<tr bgcolor=\"#FFFFFF\">&#013;<\/p>\n<td><strong>An\u0111elika&nbsp;&nbsp;&nbsp;<\/strong><\/td>\n<p>&#013;<\/p>\n<td align=\"right\">7.5<\/td>\n<p>&#013;<\/p>\n<td>mg<\/td>\n<p>&#013;<br \/>\n<\/tr>\n<p>&#013;<\/p>\n<tr bgcolor=\"#FFFFFF\">&#013;<\/p>\n<td><strong>Sibirski \u017een&scaron;en&nbsp;&nbsp;&nbsp;<\/strong><\/td>\n<p>&#013;<\/p>\n<td align=\"right\">10<\/td>\n<p>&#013;<\/p>\n<td>mg<\/td>\n<p>&#013;<br \/>\n<\/tr>\n<p>&#013;<\/p>\n<tr style=\"background: #ffffff none repeat scroll 0% 0%\" bgcolor=\"#FFFFFF\">&#013;<\/p>\n<td><strong>Ekstrakt slatkog korijena&nbsp;&nbsp;&nbsp;<\/strong><\/td>\n<p>&#013;<\/p>\n<td align=\"right\">10<\/td>\n<p>&#013;<\/p>\n<td>mg<\/td>\n<p>&#013;<br \/>\n<\/tr>\n<p>&#013;<\/p>\n<tr style=\"background: #ffffff none repeat scroll 0% 0%\" bgcolor=\"#FFFFFF\">&#013;<\/p>\n<td><strong>Korijen crnog koho\u010da&nbsp;&nbsp;&nbsp;<\/strong><\/td>\n<p>&#013;<\/p>\n<td align=\"right\">10<\/td>\n<p>&#013;<\/p>\n<td>mg<\/td>\n<p>&#013;<br \/>\n<\/tr>\n<p>&#013;<\/p>\n<tr style=\"background: #ffffff none repeat scroll 0% 0%\" bgcolor=\"#FFFFFF\">&#013;<\/p>\n<td><strong>Bla\u017eeni \u010dkalj&nbsp;&nbsp;&nbsp;<\/strong><\/td>\n<p>&#013;<\/p>\n<td align=\"right\">10<\/td>\n<p>&#013;<\/p>\n<td>mg<\/td>\n<p>&#013;<br \/>\n<\/tr>\n<p>&#013;<\/p>\n<tr style=\"background: #ffffff none repeat scroll 0% 0%\" bgcolor=\"#FFFFFF\">&#013;<\/p>\n<td><strong>Kostrika&nbsp;&nbsp;&nbsp;<\/strong><\/td>\n<p>&#013;<\/p>\n<td align=\"right\">10<\/td>\n<p>&#013;<\/p>\n<td>mg<\/td>\n<p>&#013;<br \/>\n<\/tr>\n<p>&#013;<\/p>\n<tr style=\"background: #ffffff none repeat scroll 0% 0%\" bgcolor=\"#FFFFFF\">&#013;<\/p>\n<td><strong>Kompleks bioflavonoida&nbsp;&nbsp;&nbsp;<\/strong><\/td>\n<p>&#013;<\/p>\n<td align=\"right\">1<\/td>\n<p>&#013;<\/p>\n<td>mg<\/td>\n<p>&#013;<br \/>\n<\/tr>\n<p>&#013;<br \/>\n<\/tbody>\n<p>&#013;<br \/>\n<\/table>\n<p>&nbsp;<\/p>\n<p>&nbsp;<\/p>\n<p>Za\u0161to odabrati Calivita proizvode:<\/p>\n<ul>\n<li>Sa izvanrednim profesionalnim iskustvom, CaliVita ve\u0107 vi\u0161e od 30 godina nudi svoje proizvode koji zadovoljavaju najvi\u0161e standarde kvaliteta.<\/li>\n<li>Uvijek te\u017eimo kori\u0161tenju prirodnih osnovnih materijala koji poti\u010du iz najboljih izvora.<\/li>\n<li>Tokom na\u0161eg razvoja radimo koriste\u0107i bolje apsorpcione, na primjer organske oblike.<\/li>\n<li>Nudimo 100% garanciju kvaliteta za na\u0161e proizvode.<\/li>\n<li>Na\u0161i proizvodi podlije\u017eu strogoj i vi\u0161estrukoj proceduri ispitivanja kako bi se kontinuirano osigurao odli\u010dan kvalitet.<\/li>\n<li>Velika ve\u0107ina na\u0161ih dodataka prehrani proizvodi se u farmaceutskim uvjetima u SAD-u.<\/li>\n<li>Proizvodi se proizvode po principima cGMP (trenutne dobre proizvodne prakse), a vr\u0161i se i stalna kontrola i redovno zakazane revizije od strane FDA (Food and Drug Administration). Radimo u bliskoj saradnji s lokalnim vlastima za izdavanje dozvola kako bismo osigurali da na\u0161im potro\u0161a\u010dima uvijek budu dostupni proizvodi najvi\u0161eg kvaliteta.<\/li>\n<\/ul>\n<p>UPOZORENJE!<br \/>\n\u010cuvati van doma\u0161aja male djece. Preporu\u010dena dnevna doza se ne smije prekora\u010diti. Dodaci prehrani se ne smiju koristiti kao zamjena za raznovrsnu prehranu.<\/p>\n","protected":false},"excerpt":{"rendered":"<p>Koli\u010dina na zalihama: 5 <\/p>\n","protected":false},"featured_media":12336,"comment_status":"closed","ping_status":"open","template":"","meta":[],"product_brand":[],"product_cat":[448],"product_tag":[],"class_list":{"0":"post-11678","1":"product","2":"type-product","3":"status-publish","4":"has-post-thumbnail","6":"product_cat-prirodni-suplementi","8":"first","9":"instock","10":"product-type-external"},"_links":{"self":[{"href":"https:\/\/vitashop.info\/me\/wp-json\/wp\/v2\/product\/11678","targetHints":{"allow":["GET"]}}],"collection":[{"href":"https:\/\/vitashop.info\/me\/wp-json\/wp\/v2\/product"}],"about":[{"href":"https:\/\/vitashop.info\/me\/wp-json\/wp\/v2\/types\/product"}],"replies":[{"embeddable":true,"href":"https:\/\/vitashop.info\/me\/wp-json\/wp\/v2\/comments?post=11678"}],"wp:featuredmedia":[{"embeddable":true,"href":"https:\/\/vitashop.info\/me\/wp-json\/wp\/v2\/media\/12336"}],"wp:attachment":[{"href":"https:\/\/vitashop.info\/me\/wp-json\/wp\/v2\/media?parent=11678"}],"wp:term":[{"taxonomy":"product_brand","embeddable":true,"href":"https:\/\/vitashop.info\/me\/wp-json\/wp\/v2\/product_brand?post=11678"},{"taxonomy":"product_cat","embeddable":true,"href":"https:\/\/vitashop.info\/me\/wp-json\/wp\/v2\/product_cat?post=11678"},{"taxonomy":"product_tag","embeddable":true,"href":"https:\/\/vitashop.info\/me\/wp-json\/wp\/v2\/product_tag?post=11678"}],"curies":[{"name":"wp","href":"https:\/\/api.w.org\/{rel}","templated":true}]}}