{"id":11672,"date":"2026-03-10T02:34:04","date_gmt":"2026-03-10T01:34:04","guid":{"rendered":"https:\/\/vitashop.info\/me\/proizvod\/magnezi-b6-90-tableta-magnezijum-vitamin-b6\/"},"modified":"2026-04-14T01:36:05","modified_gmt":"2026-04-14T00:36:05","slug":"magnezi-b6-90-tableta-magnezijum-vitamin-b6","status":"publish","type":"product","link":"https:\/\/vitashop.info\/me\/proizvod\/magnezi-b6-90-tableta-magnezijum-vitamin-b6\/","title":{"rendered":"MagneZi B6 90 tableta &#8211; Magnezijum + vitamin B6"},"content":{"rendered":"<p>Doziranje: 1 tableta dnevno<\/p>\n<p>&nbsp;<\/p>\n<p>Opis:<\/p>\n<p style=\"text-align: justify\">MagneZi B6 sadr\u017ei dobro poznat i koristan tim koji \u010dine magnezijum, vitamin B<sub>6<\/sub> i cink, proizveden u lako svarljivom obliku, kao kompleksni preparat koji precizno potpoma\u017ee Va&scaron;e mi&scaron;i\u0107e i nervni sistem.<\/p>\n<p>&nbsp;<\/p>\n<p>Kome se preporu\u010duje?<\/p>\n<div style=\"text-align: justify\">&#013;<\/p>\n<ul>&#013;<\/p>\n<li>Sportistima i onima koji se podvrgavaju velikom fizi\u010dkom naporu<\/li>\n<p>&#013;<\/p>\n<li>U slu\u010daju intenzivnog gubitka te\u010dnosti (npr. znojenjem),<\/li>\n<p>&#013;<\/p>\n<li>U slu\u010daju velikog mentalnog napora, tokom ispitnog perioda ili stresnih perioda na radnom mjestu<\/li>\n<p>&#013;<\/p>\n<li>Osobama koje vode dinami\u010dan \u017eivot<\/li>\n<p>&#013;<\/p>\n<li>U slu\u010daju kada ishrana nije izbalansirana (nizak sadr\u017eaj povr\u0107a i vo\u0107a, dijeta za mr&scaron;avljenje, vegetarijanstvo),<\/li>\n<p>&#013;<\/p>\n<li>Trudnicama i dojiljama<\/li>\n<p>&#013;<\/p>\n<li>Osobama koje redovno konzumiraju alkohol<\/li>\n<p>&#013;<\/p>\n<li>Svima koji \u017eele dodatnu energiju u periodima kada umor preovladava<\/li>\n<p>&#013;\n<\/ul>\n<p>&#013;\n<\/p><\/div>\n<p>&#013;<\/p>\n<div style=\"text-align: justify\">&nbsp;<\/div>\n<p>&#013;<\/p>\n<div style=\"text-align: justify\">&nbsp;<\/div>\n<p>&#013;<\/p>\n<p style=\"text-align: justify\"><strong><em>###youtube#y5ReYkf2esM###<\/em><\/strong><\/p>\n<p>&#013;<\/p>\n<p style=\"text-align: justify\"><strong><em>Snimak ljekarskog predavanja sadr\u017ei informacije o slede\u0107im preparatima:<br \/><\/em><\/strong><\/p>\n<p>&#013;<\/p>\n<p style=\"text-align: justify\"><strong><em>Rhodiolin, Organic Noni Juice, Polinesian Noni Juice, Panax Ginseng, MagneZi B6, Stress Management B Complex, Mega B Complex;<\/em><\/strong><\/p>\n<p>&nbsp;<\/p>\n<p>Sastojci:<\/p>\n<p>Magnezijum 100 mg<\/p>\n<p>Cink 5 mg<\/p>\n<p>Vitamin B6 (piridoksin) 5 mg<\/p>\n<p>&nbsp;<\/p>\n<p>Za\u0161to odabrati Calivita proizvode:<\/p>\n<ul>\n<li>Sa izvanrednim profesionalnim iskustvom, CaliVita ve\u0107 vi\u0161e od 30 godina nudi svoje proizvode koji zadovoljavaju najvi\u0161e standarde kvaliteta.<\/li>\n<li>Uvijek te\u017eimo kori\u0161tenju prirodnih osnovnih materijala koji poti\u010du iz najboljih izvora.<\/li>\n<li>Tokom na\u0161eg razvoja radimo koriste\u0107i bolje apsorpcione, na primjer organske oblike.<\/li>\n<li>Nudimo 100% garanciju kvaliteta za na\u0161e proizvode.<\/li>\n<li>Na\u0161i proizvodi podlije\u017eu strogoj i vi\u0161estrukoj proceduri ispitivanja kako bi se kontinuirano osigurao odli\u010dan kvalitet.<\/li>\n<li>Velika ve\u0107ina na\u0161ih dodataka prehrani proizvodi se u farmaceutskim uvjetima u SAD-u.<\/li>\n<li>Proizvodi se proizvode po principima cGMP (trenutne dobre proizvodne prakse), a vr\u0161i se i stalna kontrola i redovno zakazane revizije od strane FDA (Food and Drug Administration). Radimo u bliskoj saradnji s lokalnim vlastima za izdavanje dozvola kako bismo osigurali da na\u0161im potro\u0161a\u010dima uvijek budu dostupni proizvodi najvi\u0161eg kvaliteta.<\/li>\n<\/ul>\n<p>UPOZORENJE!<br \/>\n\u010cuvati van doma\u0161aja male djece. Preporu\u010dena dnevna doza se ne smije prekora\u010diti. Dodaci prehrani se ne smiju koristiti kao zamjena za raznovrsnu prehranu.<\/p>\n","protected":false},"excerpt":{"rendered":"<p>Koli\u010dina na zalihama: 7 <\/p>\n","protected":false},"featured_media":12331,"comment_status":"closed","ping_status":"open","template":"","meta":[],"product_brand":[],"product_cat":[448],"product_tag":[],"class_list":{"0":"post-11672","1":"product","2":"type-product","3":"status-publish","4":"has-post-thumbnail","6":"product_cat-prirodni-suplementi","8":"first","9":"instock","10":"product-type-external"},"_links":{"self":[{"href":"https:\/\/vitashop.info\/me\/wp-json\/wp\/v2\/product\/11672","targetHints":{"allow":["GET"]}}],"collection":[{"href":"https:\/\/vitashop.info\/me\/wp-json\/wp\/v2\/product"}],"about":[{"href":"https:\/\/vitashop.info\/me\/wp-json\/wp\/v2\/types\/product"}],"replies":[{"embeddable":true,"href":"https:\/\/vitashop.info\/me\/wp-json\/wp\/v2\/comments?post=11672"}],"wp:featuredmedia":[{"embeddable":true,"href":"https:\/\/vitashop.info\/me\/wp-json\/wp\/v2\/media\/12331"}],"wp:attachment":[{"href":"https:\/\/vitashop.info\/me\/wp-json\/wp\/v2\/media?parent=11672"}],"wp:term":[{"taxonomy":"product_brand","embeddable":true,"href":"https:\/\/vitashop.info\/me\/wp-json\/wp\/v2\/product_brand?post=11672"},{"taxonomy":"product_cat","embeddable":true,"href":"https:\/\/vitashop.info\/me\/wp-json\/wp\/v2\/product_cat?post=11672"},{"taxonomy":"product_tag","embeddable":true,"href":"https:\/\/vitashop.info\/me\/wp-json\/wp\/v2\/product_tag?post=11672"}],"curies":[{"name":"wp","href":"https:\/\/api.w.org\/{rel}","templated":true}]}}