{"id":11666,"date":"2025-01-30T18:26:53","date_gmt":"2025-01-30T17:26:53","guid":{"rendered":"https:\/\/vitashop.info\/me\/proizvod\/liquid-c-sa-bioflavonoidima-240-ml-tecni-vitamin-c\/"},"modified":"2026-04-14T01:36:05","modified_gmt":"2026-04-14T00:36:05","slug":"liquid-c-sa-bioflavonoidima-240-ml-tecni-vitamin-c","status":"publish","type":"product","link":"https:\/\/vitashop.info\/me\/proizvod\/liquid-c-sa-bioflavonoidima-240-ml-tecni-vitamin-c\/","title":{"rendered":"Liquid C + sa Bioflavonoidima 240 ml &#8211; Te\u010dni vitamin C"},"content":{"rendered":"<p>Doziranje: 2.5 ml (pribli\u017eno pola kafene ka\u0161i\u010dice) dnevno, mo\u017ee da se pomje\u0161a sa vodom ili hranom<\/p>\n<p>&nbsp;<\/p>\n<p>Opis:<\/p>\n<p style=\"text-align: justify\">Liquid C je preparat koji sadr\u017ei vitamin C, bioflavonoide i &scaron;ipak, zasla\u0111en organskim nektarom od agave, bez vje&scaron;ta\u010dkih boja i dodatka &scaron;e\u0107era, spravljen za sve one koji tra\u017ee kompleksnu antioksidantnu za&scaron;titu, a preferiraju dijetetske suplemente u te\u010dnom obliku.<\/p>\n<p>&nbsp;<\/p>\n<p>Kome se preporu\u010duje?<\/p>\n<ul>&#013;<\/p>\n<li style=\"text-align: justify\">Imaju\u0107i u vidu da se lak&scaron;e guta, starijim osobama, trudnicama, djeci i onima koji pate od tegoba u vezi sa gutanjem prilikom zadovoljavanja potrebe za vitaminom C<\/li>\n<p>&#013;<\/p>\n<li style=\"text-align: justify\">Osobama koje su sklone infekcijama, u cilju ja\u010danja imunog sistema<\/li>\n<p>&#013;<\/p>\n<li style=\"text-align: justify\">Svima tokom hladnijih zimskih mjeseci<\/li>\n<p>&#013;<\/p>\n<li style=\"text-align: justify\">Osobama koje redovno konzumiraju alkohol<\/li>\n<p>&#013;\n<\/ul>\n<p>&#013;<\/p>\n<p style=\"text-align: justify\">&nbsp;<\/p>\n<p>&#013;<\/p>\n<p style=\"text-align: justify\">###youtube#rvbHHdcR2Dc###<\/p>\n<p>&#013;<\/p>\n<p style=\"text-align: justify\"><em><strong><\/p>\n<p>Snimak ljekarskog predavanja sadr\u017ei informacije o slede\u0107im preparatima:<br \/>C 1000, C 500, C300 Plus, C Plus, Liquid C vitamin, Vital ABO, Super Mega 50, Full Spectrum, Senior Formula, Menopausal Formula, New Life, Infant formula, Lion Kids C vitamin, Lion Kids D vitamin;<\/strong><\/em><\/p>\n<p>&nbsp;<\/p>\n<p>&nbsp;<\/p>\n<p>Za\u0161to odabrati Calivita proizvode:<\/p>\n<ul>\n<li>Sa izvanrednim profesionalnim iskustvom, CaliVita ve\u0107 vi\u0161e od 30 godina nudi svoje proizvode koji zadovoljavaju najvi\u0161e standarde kvaliteta.<\/li>\n<li>Uvijek te\u017eimo kori\u0161tenju prirodnih osnovnih materijala koji poti\u010du iz najboljih izvora.<\/li>\n<li>Tokom na\u0161eg razvoja radimo koriste\u0107i bolje apsorpcione, na primjer organske oblike.<\/li>\n<li>Nudimo 100% garanciju kvaliteta za na\u0161e proizvode.<\/li>\n<li>Na\u0161i proizvodi podlije\u017eu strogoj i vi\u0161estrukoj proceduri ispitivanja kako bi se kontinuirano osigurao odli\u010dan kvalitet.<\/li>\n<li>Velika ve\u0107ina na\u0161ih dodataka prehrani proizvodi se u farmaceutskim uvjetima u SAD-u.<\/li>\n<li>Proizvodi se proizvode po principima cGMP (trenutne dobre proizvodne prakse), a vr\u0161i se i stalna kontrola i redovno zakazane revizije od strane FDA (Food and Drug Administration). Radimo u bliskoj saradnji s lokalnim vlastima za izdavanje dozvola kako bismo osigurali da na\u0161im potro\u0161a\u010dima uvijek budu dostupni proizvodi najvi\u0161eg kvaliteta.<\/li>\n<\/ul>\n<p>UPOZORENJE!<br \/>\n\u010cuvati van doma\u0161aja male djece. Preporu\u010dena dnevna doza se ne smije prekora\u010diti. Dodaci prehrani se ne smiju koristiti kao zamjena za raznovrsnu prehranu.<\/p>\n","protected":false},"excerpt":{"rendered":"<p>Koli\u010dina na zalihama: 1 <\/p>\n","protected":false},"featured_media":12326,"comment_status":"closed","ping_status":"open","template":"","meta":[],"product_brand":[],"product_cat":[448],"product_tag":[],"class_list":{"0":"post-11666","1":"product","2":"type-product","3":"status-publish","4":"has-post-thumbnail","6":"product_cat-prirodni-suplementi","8":"first","9":"instock","10":"product-type-external"},"_links":{"self":[{"href":"https:\/\/vitashop.info\/me\/wp-json\/wp\/v2\/product\/11666","targetHints":{"allow":["GET"]}}],"collection":[{"href":"https:\/\/vitashop.info\/me\/wp-json\/wp\/v2\/product"}],"about":[{"href":"https:\/\/vitashop.info\/me\/wp-json\/wp\/v2\/types\/product"}],"replies":[{"embeddable":true,"href":"https:\/\/vitashop.info\/me\/wp-json\/wp\/v2\/comments?post=11666"}],"wp:featuredmedia":[{"embeddable":true,"href":"https:\/\/vitashop.info\/me\/wp-json\/wp\/v2\/media\/12326"}],"wp:attachment":[{"href":"https:\/\/vitashop.info\/me\/wp-json\/wp\/v2\/media?parent=11666"}],"wp:term":[{"taxonomy":"product_brand","embeddable":true,"href":"https:\/\/vitashop.info\/me\/wp-json\/wp\/v2\/product_brand?post=11666"},{"taxonomy":"product_cat","embeddable":true,"href":"https:\/\/vitashop.info\/me\/wp-json\/wp\/v2\/product_cat?post=11666"},{"taxonomy":"product_tag","embeddable":true,"href":"https:\/\/vitashop.info\/me\/wp-json\/wp\/v2\/product_tag?post=11666"}],"curies":[{"name":"wp","href":"https:\/\/api.w.org\/{rel}","templated":true}]}}