{"id":11664,"date":"2026-04-14T01:34:04","date_gmt":"2026-04-14T00:34:04","guid":{"rendered":"https:\/\/vitashop.info\/me\/proizvod\/lion-kids-c-90-tableta-za-zvakanje-vitamin-c-za-decu\/"},"modified":"2026-04-14T01:34:05","modified_gmt":"2026-04-14T00:34:05","slug":"lion-kids-c-90-tableta-za-zvakanje-vitamin-c-za-decu","status":"publish","type":"product","link":"https:\/\/vitashop.info\/me\/proizvod\/lion-kids-c-90-tableta-za-zvakanje-vitamin-c-za-decu\/","title":{"rendered":"Lion Kids C 90 tableta za \u017evakanje &#8211; Vitamin C za decu"},"content":{"rendered":"<p>Doziranje: sa\u017evakati 1-3 (lavi\u0107a- tablete) u toku dana, za vrijeme glavnih obroka<\/p>\n<p>&nbsp;<\/p>\n<p>Opis:<\/p>\n<p style=\"text-align: justify\">Lion Kids C je ukusan preparat za \u017evakanje koji nije &scaron;tetan za zube i koji smo dizajnirali posebno za dje\u010dje potrebe. Preparat ne sadr\u017ei &scaron;e\u0107er, ve\u0107 prirodni zasla\u0111iva\u010d ksilit, koji umanjuje rizik od karijesa i poma\u017ee zdrav razvoj dje\u010djih zuba.<\/p>\n<p>&#013;<\/p>\n<p style=\"text-align: justify\">Veoma je va\u017eno omogu\u0107iti tijelu koje raste intenzivan razvoj u svakom trenutku, imaju\u0107i u vidu da je vitamin C od esencijalnog zna\u010daja ne samo za formiranje kostiju ve\u0107 i za optimalno funkcionisanje nervnog sistema i normalne strukture ko\u017ee.<\/p>\n<p>&nbsp;<\/p>\n<p>Kome se preporu\u010duje?<\/p>\n<ul>&#013;<\/p>\n<li>Djeci za svakodnevnu upotrebu u cilju podr&scaron;ke zdravom funkcionisanju imunog sistema i pravilnom razvoju<\/li>\n<p>&#013;<\/p>\n<li>Svima koji cijene smanjenje rizika od nastanka karijesa i samim tim potpoma\u017eu zdrav razvoj dje\u010djih zuba<\/li>\n<p>&#013;<\/p>\n<li>Svima koji preferiraju tablete za \u017evakanje<\/li>\n<p>&#013;<\/p>\n<li>U slu\u010daju povi&scaron;ene temperature<\/li>\n<p>&#013;\n<\/ul>\n<p>&#013;<\/p>\n<p style=\"text-align: justify\">&nbsp;<\/p>\n<p>&#013;<\/p>\n<p style=\"text-align: justify\">&nbsp;<\/p>\n<p>&#013;<\/p>\n<p style=\"text-align: justify\"><strong><em>###youtube#6NsPySob534### <\/em><\/strong><\/p>\n<p>&#013;<\/p>\n<p style=\"text-align: justify\"><strong><em>Snimak ljekarskog predavanja sadr\u017ei informacije o slede\u0107im preparatima: <\/em><\/strong><\/p>\n<p>&#013;<\/p>\n<p style=\"text-align: justify\"><strong><em>Infant Formula, Lion Kids D Vitamin, Lion Kids C Vitamin, ParaProtex, Oragnic Noni Juice, Polinesian Noni Juice, ZenThonic, OxyMax, ProbioBalance, AC Zymes;<\/em><\/strong><\/p>\n<p>&nbsp;<\/p>\n<p>Sastojci:<\/p>\n<p>Vitamin C 75 mg<\/p>\n<p>&nbsp;<\/p>\n<p>Za\u0161to odabrati Calivita proizvode:<\/p>\n<ul>\n<li>Sa izvanrednim profesionalnim iskustvom, CaliVita ve\u0107 vi\u0161e od 30 godina nudi svoje proizvode koji zadovoljavaju najvi\u0161e standarde kvaliteta.<\/li>\n<li>Uvijek te\u017eimo kori\u0161tenju prirodnih osnovnih materijala koji poti\u010du iz najboljih izvora.<\/li>\n<li>Tokom na\u0161eg razvoja radimo koriste\u0107i bolje apsorpcione, na primjer organske oblike.<\/li>\n<li>Nudimo 100% garanciju kvaliteta za na\u0161e proizvode.<\/li>\n<li>Na\u0161i proizvodi podlije\u017eu strogoj i vi\u0161estrukoj proceduri ispitivanja kako bi se kontinuirano osigurao odli\u010dan kvalitet.<\/li>\n<li>Velika ve\u0107ina na\u0161ih dodataka prehrani proizvodi se u farmaceutskim uvjetima u SAD-u.<\/li>\n<li>Proizvodi se proizvode po principima cGMP (trenutne dobre proizvodne prakse), a vr\u0161i se i stalna kontrola i redovno zakazane revizije od strane FDA (Food and Drug Administration). Radimo u bliskoj saradnji s lokalnim vlastima za izdavanje dozvola kako bismo osigurali da na\u0161im potro\u0161a\u010dima uvijek budu dostupni proizvodi najvi\u0161eg kvaliteta.<\/li>\n<\/ul>\n<p>UPOZORENJE!<br \/>\n\u010cuvati van doma\u0161aja male djece. Preporu\u010dena dnevna doza se ne smije prekora\u010diti. Dodaci prehrani se ne smiju koristiti kao zamjena za raznovrsnu prehranu.<\/p>\n","protected":false},"excerpt":{"rendered":"<p>Koli\u010dina na zalihama: 3 <\/p>\n","protected":false},"featured_media":11665,"comment_status":"closed","ping_status":"open","template":"","meta":[],"product_brand":[],"product_cat":[448],"product_tag":[],"class_list":{"0":"post-11664","1":"product","2":"type-product","3":"status-publish","4":"has-post-thumbnail","6":"product_cat-prirodni-suplementi","8":"first","9":"instock","10":"product-type-external"},"_links":{"self":[{"href":"https:\/\/vitashop.info\/me\/wp-json\/wp\/v2\/product\/11664","targetHints":{"allow":["GET"]}}],"collection":[{"href":"https:\/\/vitashop.info\/me\/wp-json\/wp\/v2\/product"}],"about":[{"href":"https:\/\/vitashop.info\/me\/wp-json\/wp\/v2\/types\/product"}],"replies":[{"embeddable":true,"href":"https:\/\/vitashop.info\/me\/wp-json\/wp\/v2\/comments?post=11664"}],"wp:featuredmedia":[{"embeddable":true,"href":"https:\/\/vitashop.info\/me\/wp-json\/wp\/v2\/media\/11665"}],"wp:attachment":[{"href":"https:\/\/vitashop.info\/me\/wp-json\/wp\/v2\/media?parent=11664"}],"wp:term":[{"taxonomy":"product_brand","embeddable":true,"href":"https:\/\/vitashop.info\/me\/wp-json\/wp\/v2\/product_brand?post=11664"},{"taxonomy":"product_cat","embeddable":true,"href":"https:\/\/vitashop.info\/me\/wp-json\/wp\/v2\/product_cat?post=11664"},{"taxonomy":"product_tag","embeddable":true,"href":"https:\/\/vitashop.info\/me\/wp-json\/wp\/v2\/product_tag?post=11664"}],"curies":[{"name":"wp","href":"https:\/\/api.w.org\/{rel}","templated":true}]}}