{"id":11646,"date":"2026-04-14T01:34:03","date_gmt":"2026-04-14T00:34:03","guid":{"rendered":"https:\/\/vitashop.info\/me\/proizvod\/energy-memory-90-tableta-povecanje-energije\/"},"modified":"2026-04-14T01:36:04","modified_gmt":"2026-04-14T00:36:04","slug":"energy-memory-90-tableta-povecanje-energije","status":"publish","type":"product","link":"https:\/\/vitashop.info\/me\/proizvod\/energy-memory-90-tableta-povecanje-energije\/","title":{"rendered":"Energy &amp; Memory 90 tableta &#8211; Pove\u0107anje energije"},"content":{"rendered":"<p>Doziranje: Ako ljekar druga\u010dije ne odredi, 3 puta po 1 tabletu dnevno.<\/p>\n<p>&nbsp;<\/p>\n<p>Opis:<\/p>\n<p style=\"text-align: justify\">Energy &amp; Memory je kompleksni dijetetski suplement koji daje stimulativan efekat uz pomo\u0107 prirodnog kofeina iz guarane, lecitina, vitamina koji pobolj&scaron;avaju mentalne i fizi\u010dke aktivnosti, kao i minerala i antioksidanata. Ovaj proizvod smo razvili za one koji preferiraju prirodne na\u010dine za o\u010duvanje performansi i koncentracije tokom perioda mentalnog i fizi\u010dkog napora.<\/p>\n<p>&nbsp;<\/p>\n<p>Kome se preporu\u010duje?<\/p>\n<ul>&#013;<\/p>\n<li>Osobama koje podnose veliki mentalni napor, kao &scaron;to su studenti tokom ispitnih perioda, zaposleni koji su izlo\u017eeni velikoj koli\u010dini stresa, u cilju o\u010duvanja koncentracije i pomo\u0107i u borbi protiv umora<\/li>\n<p>&#013;<\/p>\n<li>Sportistima i osobama koji podnose veliki fizi\u010dki napor, u cilju pove\u0107anja njihovih performansi<\/li>\n<p>&#013;<\/p>\n<li>Osobama koje su na dijeti namjenjenoj mr&scaron;avljenju<\/li>\n<p>&#013;<\/p>\n<li>Voza\u010dima, za bolju pa\u017enju i reflekse<\/li>\n<p>&#013;<\/p>\n<li>Svima koji \u017eele da se bore protiv umora i pobolj&scaron;aju op&scaron;te zdravstveno stanje<\/li>\n<p>&#013;\n<\/ul>\n<p>&#013;<\/p>\n<p style=\"text-align: justify\">&nbsp;<\/p>\n<p>&#013;<\/p>\n<p style=\"text-align: justify\">&nbsp;<\/p>\n<p>&#013;<\/p>\n<p style=\"text-align: justify\"><em><strong>###youtube#iW_KvHnVHf8### <\/strong><\/em><\/p>\n<p>&#013;<\/p>\n<p style=\"text-align: justify\"><em><strong>Snimak ljekarskog predavanja sadr\u017ei informacije o slede\u0107im preparatima:<\/strong><\/em><\/p>\n<p>&#013;<\/p>\n<p style=\"text-align: justify\"><em><strong>Direktni i indirektni antioksidansi: C vitamin, E vitamin, Chelated Zinc, Mega Zinc, Pro Selenium, Beta Carotene;<br \/><\/strong><\/em><\/p>\n<p>&#013;<\/p>\n<p style=\"text-align: justify\"><em><strong>Kompleksne antioksidativne formule: Coenzyme Q10, Super Coenzyme Q10, Coenzyme Q10 Sublingual, Protect 4 Life, Mega Protect 4 Life, Energy &amp; Memory, Smokerade, MagneZi B6;<br \/><\/strong><\/em><\/p>\n<p>&#013;<\/p>\n<p style=\"text-align: justify\"><em><strong>Biljne antioksidativne formule: Resveratrol plus, Xantho plus, Zenthonic, Lutein plus;<\/strong><\/em><\/p>\n<p>&nbsp;<\/p>\n<p>Sastojci:<\/p>\n<p>Holin 200 mg<\/p>\n<p>Gvarana 100 mg<\/p>\n<p>Lecitin 100 mg<\/p>\n<p>Vitamin C 60 mg<\/p>\n<p>Vitamin E 10 mg<\/p>\n<p>Magnezijum 50 mg<\/p>\n<p>Cink 5 mg<\/p>\n<p>Selen 20 mcg<\/p>\n<p>&nbsp;<\/p>\n<p>Za\u0161to odabrati Calivita proizvode:<\/p>\n<ul>\n<li>Sa izvanrednim profesionalnim iskustvom, CaliVita ve\u0107 vi\u0161e od 30 godina nudi svoje proizvode koji zadovoljavaju najvi\u0161e standarde kvaliteta.<\/li>\n<li>Uvijek te\u017eimo kori\u0161tenju prirodnih osnovnih materijala koji poti\u010du iz najboljih izvora.<\/li>\n<li>Tokom na\u0161eg razvoja radimo koriste\u0107i bolje apsorpcione, na primjer organske oblike.<\/li>\n<li>Nudimo 100% garanciju kvaliteta za na\u0161e proizvode.<\/li>\n<li>Na\u0161i proizvodi podlije\u017eu strogoj i vi\u0161estrukoj proceduri ispitivanja kako bi se kontinuirano osigurao odli\u010dan kvalitet.<\/li>\n<li>Velika ve\u0107ina na\u0161ih dodataka prehrani proizvodi se u farmaceutskim uvjetima u SAD-u.<\/li>\n<li>Proizvodi se proizvode po principima cGMP (trenutne dobre proizvodne prakse), a vr\u0161i se i stalna kontrola i redovno zakazane revizije od strane FDA (Food and Drug Administration). Radimo u bliskoj saradnji s lokalnim vlastima za izdavanje dozvola kako bismo osigurali da na\u0161im potro\u0161a\u010dima uvijek budu dostupni proizvodi najvi\u0161eg kvaliteta.<\/li>\n<\/ul>\n<p>UPOZORENJE!<br \/>\n\u010cuvati van doma\u0161aja male djece. Preporu\u010dena dnevna doza se ne smije prekora\u010diti. Dodaci prehrani se ne smiju koristiti kao zamjena za raznovrsnu prehranu.<\/p>\n","protected":false},"excerpt":{"rendered":"<p>Koli\u010dina na zalihama: 9 <\/p>\n","protected":false},"featured_media":12289,"comment_status":"closed","ping_status":"open","template":"","meta":[],"product_brand":[],"product_cat":[448],"product_tag":[],"class_list":{"0":"post-11646","1":"product","2":"type-product","3":"status-publish","4":"has-post-thumbnail","6":"product_cat-prirodni-suplementi","8":"first","9":"instock","10":"product-type-external"},"_links":{"self":[{"href":"https:\/\/vitashop.info\/me\/wp-json\/wp\/v2\/product\/11646","targetHints":{"allow":["GET"]}}],"collection":[{"href":"https:\/\/vitashop.info\/me\/wp-json\/wp\/v2\/product"}],"about":[{"href":"https:\/\/vitashop.info\/me\/wp-json\/wp\/v2\/types\/product"}],"replies":[{"embeddable":true,"href":"https:\/\/vitashop.info\/me\/wp-json\/wp\/v2\/comments?post=11646"}],"wp:featuredmedia":[{"embeddable":true,"href":"https:\/\/vitashop.info\/me\/wp-json\/wp\/v2\/media\/12289"}],"wp:attachment":[{"href":"https:\/\/vitashop.info\/me\/wp-json\/wp\/v2\/media?parent=11646"}],"wp:term":[{"taxonomy":"product_brand","embeddable":true,"href":"https:\/\/vitashop.info\/me\/wp-json\/wp\/v2\/product_brand?post=11646"},{"taxonomy":"product_cat","embeddable":true,"href":"https:\/\/vitashop.info\/me\/wp-json\/wp\/v2\/product_cat?post=11646"},{"taxonomy":"product_tag","embeddable":true,"href":"https:\/\/vitashop.info\/me\/wp-json\/wp\/v2\/product_tag?post=11646"}],"curies":[{"name":"wp","href":"https:\/\/api.w.org\/{rel}","templated":true}]}}