{"id":11634,"date":"2025-01-17T18:26:18","date_gmt":"2025-01-17T17:26:18","guid":{"rendered":"https:\/\/vitashop.info\/me\/proizvod\/burn-one-300-gr-mjesavina-sastojaka-za-podrsku-metabolizma-i-redukciju-masnog-tkiva\/"},"modified":"2026-04-14T01:36:03","modified_gmt":"2026-04-14T00:36:03","slug":"burn-one-300-gr-mjesavina-sastojaka-za-podrsku-metabolizma-i-redukciju-masnog-tkiva","status":"publish","type":"product","link":"https:\/\/vitashop.info\/me\/proizvod\/burn-one-300-gr-mjesavina-sastojaka-za-podrsku-metabolizma-i-redukciju-masnog-tkiva\/","title":{"rendered":"Burn One 300 gr &#8211; Mje\u0161avina sastojaka za podr\u0161ku metabolizma i redukciju masnog tkiva"},"content":{"rendered":"<p>Doziranje: <\/p>\n<p>&nbsp;<\/p>\n<p>Opis:<\/p>\n<p>Burn One je prah s ukusom limuna oboga\u0107en kapsaicinom, L-karnitinom, kofeinom, zelenim \u010dajem, hromom i izborom drugih sastojaka zasnovanih na biljkama (npr. sibirski \u017een-&scaron;en, gvarana, orah kola) koji pospje&scaron;uju metabolizam i podsti\u010du proces stvaranja energije u tijelu. Burn One je uklju\u010den u ovaj program isklju\u010divo da bi ubrzao Va&scaron; metabolizam i tako pove\u0107ao Va&scaron;u energiju. Zahvaljuju\u0107i tome &scaron;to sadr\u017ei kofein, mo\u017eete ga koristiti kao zamjenu za kafu; ali mo\u017eete se uzdati u njega i ako Vam treba mnogo energije prije tr\u010danja ili vje\u017ebanja u teretani.<\/p>\n<p>&nbsp;<\/p>\n<p>&nbsp;<\/p>\n<p>&nbsp;<\/p>\n<p>Za\u0161to odabrati Calivita proizvode:<\/p>\n<ul>\n<li>Sa izvanrednim profesionalnim iskustvom, CaliVita ve\u0107 vi\u0161e od 30 godina nudi svoje proizvode koji zadovoljavaju najvi\u0161e standarde kvaliteta.<\/li>\n<li>Uvijek te\u017eimo kori\u0161tenju prirodnih osnovnih materijala koji poti\u010du iz najboljih izvora.<\/li>\n<li>Tokom na\u0161eg razvoja radimo koriste\u0107i bolje apsorpcione, na primjer organske oblike.<\/li>\n<li>Nudimo 100% garanciju kvaliteta za na\u0161e proizvode.<\/li>\n<li>Na\u0161i proizvodi podlije\u017eu strogoj i vi\u0161estrukoj proceduri ispitivanja kako bi se kontinuirano osigurao odli\u010dan kvalitet.<\/li>\n<li>Velika ve\u0107ina na\u0161ih dodataka prehrani proizvodi se u farmaceutskim uvjetima u SAD-u.<\/li>\n<li>Proizvodi se proizvode po principima cGMP (trenutne dobre proizvodne prakse), a vr\u0161i se i stalna kontrola i redovno zakazane revizije od strane FDA (Food and Drug Administration). Radimo u bliskoj saradnji s lokalnim vlastima za izdavanje dozvola kako bismo osigurali da na\u0161im potro\u0161a\u010dima uvijek budu dostupni proizvodi najvi\u0161eg kvaliteta.<\/li>\n<\/ul>\n<p>UPOZORENJE!<br \/>\n\u010cuvati van doma\u0161aja male djece. Preporu\u010dena dnevna doza se ne smije prekora\u010diti. Dodaci prehrani se ne smiju koristiti kao zamjena za raznovrsnu prehranu.<\/p>\n","protected":false},"excerpt":{"rendered":"<p>Koli\u010dina na zalihama: 1 <\/p>\n","protected":false},"featured_media":12237,"comment_status":"closed","ping_status":"open","template":"","meta":[],"product_brand":[],"product_cat":[448],"product_tag":[],"class_list":{"0":"post-11634","1":"product","2":"type-product","3":"status-publish","4":"has-post-thumbnail","6":"product_cat-prirodni-suplementi","8":"first","9":"instock","10":"product-type-external"},"_links":{"self":[{"href":"https:\/\/vitashop.info\/me\/wp-json\/wp\/v2\/product\/11634","targetHints":{"allow":["GET"]}}],"collection":[{"href":"https:\/\/vitashop.info\/me\/wp-json\/wp\/v2\/product"}],"about":[{"href":"https:\/\/vitashop.info\/me\/wp-json\/wp\/v2\/types\/product"}],"replies":[{"embeddable":true,"href":"https:\/\/vitashop.info\/me\/wp-json\/wp\/v2\/comments?post=11634"}],"wp:featuredmedia":[{"embeddable":true,"href":"https:\/\/vitashop.info\/me\/wp-json\/wp\/v2\/media\/12237"}],"wp:attachment":[{"href":"https:\/\/vitashop.info\/me\/wp-json\/wp\/v2\/media?parent=11634"}],"wp:term":[{"taxonomy":"product_brand","embeddable":true,"href":"https:\/\/vitashop.info\/me\/wp-json\/wp\/v2\/product_brand?post=11634"},{"taxonomy":"product_cat","embeddable":true,"href":"https:\/\/vitashop.info\/me\/wp-json\/wp\/v2\/product_cat?post=11634"},{"taxonomy":"product_tag","embeddable":true,"href":"https:\/\/vitashop.info\/me\/wp-json\/wp\/v2\/product_tag?post=11634"}],"curies":[{"name":"wp","href":"https:\/\/api.w.org\/{rel}","templated":true}]}}