{"id":11630,"date":"2026-04-14T01:34:03","date_gmt":"2026-04-14T00:34:03","guid":{"rendered":"https:\/\/vitashop.info\/me\/proizvod\/bee-power-50-kapsula-maticni-mlijec\/"},"modified":"2026-04-14T01:36:02","modified_gmt":"2026-04-14T00:36:02","slug":"bee-power-50-kapsula-maticna-mlijec","status":"publish","type":"product","link":"https:\/\/vitashop.info\/me\/proizvod\/bee-power-50-kapsula-maticna-mlijec\/","title":{"rendered":"Bee Power 50 kapsula &#8211; Mati\u010dna mlije\u010d"},"content":{"rendered":"<p>Doziranje: 1 kapsula dnevno<\/p>\n<p>&nbsp;<\/p>\n<p>Opis:<\/p>\n<p style=\"text-align: justify\">Bee Power je preparat koji sadr\u017ei mati\u010dni mlije\u010d. Jedan od glavnih sastojaka mati\u010dnog mlije\u010da je HDA, supstanca koja ima antimikrobni efekat na nekoliko vrsta bakterija i gljivica. Sadr\u017ei \u010ditav niz kompleksa vitamina B, pored mineralnih soli i elemenata u tragovima (sumpor, mangan, nikl i kobalt). Mati\u010dni mlije\u010d je prirodni izvor vitamina A, C, D i E, minerala, folne kiseline, enzima i osamnaest vrsta aminokiselina&#8230;<\/p>\n<p>&nbsp;<\/p>\n<p>Kome se preporu\u010duje?<\/p>\n<p style=\"text-align: justify\">&#8211;&nbsp;&nbsp;&nbsp;&nbsp;&nbsp;&nbsp;&nbsp; Osobama koje su u potrazi za prirodnom imunolo&scaron;kom za&scaron;titom<\/p>\n<p>&#013;<\/p>\n<p style=\"text-align: justify\">&#8211;&nbsp;&nbsp;&nbsp;&nbsp;&nbsp;&nbsp;&nbsp; Djeci, kao pomo\u0107 u ja\u010danju imunog sistema i pove\u0107anju apetita<\/p>\n<p>&#013;<\/p>\n<p style=\"text-align: justify\">&#8211;&nbsp;&nbsp;&nbsp;&nbsp;&nbsp;&nbsp;&nbsp; Tokom stresnih \u017eivotnih perioda u cilju pobolj&scaron;anja tjelesnih performansi<\/p>\n<p>&#013;<\/p>\n<p style=\"text-align: justify\">&#8211;&nbsp;&nbsp;&nbsp;&nbsp;&nbsp;&nbsp;&nbsp; U cilju ja\u010danja tijela tokom oporavka od bolesti<\/p>\n<p>&#013;<\/p>\n<p style=\"text-align: justify\">&nbsp;<\/p>\n<p>&#013;<\/p>\n<p><strong><em>###youtube#-bB-Z_lZyQw###<\/em><\/strong><\/p>\n<p>&#013;<\/p>\n<p style=\"text-align: justify\"><strong><em>Snimak ljekarskog predavanja sadr\u017ei informacije o slede\u0107im preparatima:<\/p>\n<p><\/em><\/strong><\/p>\n<p>&#013;<\/p>\n<p><strong><em>Organic Noni Juice, Polinesian Noni Juice, Immun Aid, VirAgo, SambuRex, Oregano Oil, Bee Power;<\/em><\/strong><\/p>\n<p>&#013;<\/p>\n<p><strong><em>Pomo\u0107 kod tumora: SharkAid, Culevit, C Vitamini, Multivitamini, Oxymax, Low Deuterium Oxy Crystal;<\/em><\/strong><\/p>\n<p>&nbsp;<\/p>\n<p>Sastojci:<\/p>\n<p>Koncentrat mati\u010dnog mlije\u010da (ekvivalent dozi od 150 mg svje\u017eeg mati\u010dnog mlije\u010da) 50 mg<\/p>\n<p>&nbsp;<\/p>\n<p>Za\u0161to odabrati Calivita proizvode:<\/p>\n<ul>\n<li>Sa izvanrednim profesionalnim iskustvom, CaliVita ve\u0107 vi\u0161e od 30 godina nudi svoje proizvode koji zadovoljavaju najvi\u0161e standarde kvaliteta.<\/li>\n<li>Uvijek te\u017eimo kori\u0161tenju prirodnih osnovnih materijala koji poti\u010du iz najboljih izvora.<\/li>\n<li>Tokom na\u0161eg razvoja radimo koriste\u0107i bolje apsorpcione, na primjer organske oblike.<\/li>\n<li>Nudimo 100% garanciju kvaliteta za na\u0161e proizvode.<\/li>\n<li>Na\u0161i proizvodi podlije\u017eu strogoj i vi\u0161estrukoj proceduri ispitivanja kako bi se kontinuirano osigurao odli\u010dan kvalitet.<\/li>\n<li>Velika ve\u0107ina na\u0161ih dodataka prehrani proizvodi se u farmaceutskim uvjetima u SAD-u.<\/li>\n<li>Proizvodi se proizvode po principima cGMP (trenutne dobre proizvodne prakse), a vr\u0161i se i stalna kontrola i redovno zakazane revizije od strane FDA (Food and Drug Administration). Radimo u bliskoj saradnji s lokalnim vlastima za izdavanje dozvola kako bismo osigurali da na\u0161im potro\u0161a\u010dima uvijek budu dostupni proizvodi najvi\u0161eg kvaliteta.<\/li>\n<\/ul>\n<p>UPOZORENJE!<br \/>\n\u010cuvati van doma\u0161aja male djece. Preporu\u010dena dnevna doza se ne smije prekora\u010diti. Dodaci prehrani se ne smiju koristiti kao zamjena za raznovrsnu prehranu.<\/p>\n","protected":false},"excerpt":{"rendered":"<p>Koli\u010dina na zalihama: 14 <\/p>\n","protected":false},"featured_media":12228,"comment_status":"closed","ping_status":"open","template":"","meta":[],"product_brand":[],"product_cat":[448],"product_tag":[],"class_list":{"0":"post-11630","1":"product","2":"type-product","3":"status-publish","4":"has-post-thumbnail","6":"product_cat-prirodni-suplementi","8":"first","9":"instock","10":"product-type-external"},"_links":{"self":[{"href":"https:\/\/vitashop.info\/me\/wp-json\/wp\/v2\/product\/11630","targetHints":{"allow":["GET"]}}],"collection":[{"href":"https:\/\/vitashop.info\/me\/wp-json\/wp\/v2\/product"}],"about":[{"href":"https:\/\/vitashop.info\/me\/wp-json\/wp\/v2\/types\/product"}],"replies":[{"embeddable":true,"href":"https:\/\/vitashop.info\/me\/wp-json\/wp\/v2\/comments?post=11630"}],"wp:featuredmedia":[{"embeddable":true,"href":"https:\/\/vitashop.info\/me\/wp-json\/wp\/v2\/media\/12228"}],"wp:attachment":[{"href":"https:\/\/vitashop.info\/me\/wp-json\/wp\/v2\/media?parent=11630"}],"wp:term":[{"taxonomy":"product_brand","embeddable":true,"href":"https:\/\/vitashop.info\/me\/wp-json\/wp\/v2\/product_brand?post=11630"},{"taxonomy":"product_cat","embeddable":true,"href":"https:\/\/vitashop.info\/me\/wp-json\/wp\/v2\/product_cat?post=11630"},{"taxonomy":"product_tag","embeddable":true,"href":"https:\/\/vitashop.info\/me\/wp-json\/wp\/v2\/product_tag?post=11630"}],"curies":[{"name":"wp","href":"https:\/\/api.w.org\/{rel}","templated":true}]}}