{"id":11626,"date":"2026-03-10T02:34:02","date_gmt":"2026-03-10T01:34:02","guid":{"rendered":"https:\/\/vitashop.info\/me\/proizvod\/b-complex-30-tableta-kompleks-vitamina-b\/"},"modified":"2026-04-14T01:36:03","modified_gmt":"2026-04-14T00:36:03","slug":"b-complex-30-tableta-kompleks-vitamina-b","status":"publish","type":"product","link":"https:\/\/vitashop.info\/me\/proizvod\/b-complex-30-tableta-kompleks-vitamina-b\/","title":{"rendered":"B Complex 30 tableta &#8211; Kompleks Vitamina B"},"content":{"rendered":"<p>Doziranje: <\/p>\n<p>&nbsp;<\/p>\n<p>Opis:<\/p>\n<p>Kompleks koji sadr\u017ei gotovo sve \u010dlanove porodice vitamina B, dodatno oja\u010dan sa vitaminom C i magnezijumom ne samo &scaron;to doprinosi dobrom funkcionisanju nervnog sistema, ve\u0107 pozitivno uti\u010de i na funkcionisanje imunog sistema, \u010dime doprinosi odr\u017eavanju psiho-fizi\u010dke sve\u017eine.<\/p>\n<p>&nbsp;<\/p>\n<p>Kome se preporu\u010duje?<\/p>\n<ul>&#013;<\/p>\n<li>Osobama koje su svakodnevno izlo\u017eene velikom uticaju stresa usled posla ili \u017eivotnog stila<\/li>\n<p>&#013;<\/p>\n<li>U slu\u010daju velikog fizi\u010dkog optere\u0107enja<\/li>\n<p>&#013;<\/p>\n<li>Kod o&scaron;te\u0107enja \u017eivaca (neuropatije)<\/li>\n<p>&#013;<\/p>\n<li>Svakome u cilju ja\u010danja imuniteta.<\/li>\n<p>&#013;\n<\/ul>\n<p>&nbsp;<\/p>\n<p>Sastojci:<\/p>\n<p>Vitamin B1 1.3 mg<\/p>\n<p>Vitamin B2 1.8 mg<\/p>\n<p>Vitamin B6 (piridoksin) 2 mg<\/p>\n<p>Vitamin B3 15 mg<\/p>\n<p>Vitamin B5 5 mg<\/p>\n<p>Vitamin B12 2 mcg<\/p>\n<p>Vitamin C 60 mg<\/p>\n<p>Folna kiselina 100 mcg<\/p>\n<p>Holin 100 mg<\/p>\n<p>Inozitol 100 mg<\/p>\n<p>Magnezijum 13.5 mg<\/p>\n<p>&nbsp;<\/p>\n<p>Za\u0161to odabrati Calivita proizvode:<\/p>\n<ul>\n<li>Sa izvanrednim profesionalnim iskustvom, CaliVita ve\u0107 vi\u0161e od 30 godina nudi svoje proizvode koji zadovoljavaju najvi\u0161e standarde kvaliteta.<\/li>\n<li>Uvijek te\u017eimo kori\u0161tenju prirodnih osnovnih materijala koji poti\u010du iz najboljih izvora.<\/li>\n<li>Tokom na\u0161eg razvoja radimo koriste\u0107i bolje apsorpcione, na primjer organske oblike.<\/li>\n<li>Nudimo 100% garanciju kvaliteta za na\u0161e proizvode.<\/li>\n<li>Na\u0161i proizvodi podlije\u017eu strogoj i vi\u0161estrukoj proceduri ispitivanja kako bi se kontinuirano osigurao odli\u010dan kvalitet.<\/li>\n<li>Velika ve\u0107ina na\u0161ih dodataka prehrani proizvodi se u farmaceutskim uvjetima u SAD-u.<\/li>\n<li>Proizvodi se proizvode po principima cGMP (trenutne dobre proizvodne prakse), a vr\u0161i se i stalna kontrola i redovno zakazane revizije od strane FDA (Food and Drug Administration). Radimo u bliskoj saradnji s lokalnim vlastima za izdavanje dozvola kako bismo osigurali da na\u0161im potro\u0161a\u010dima uvijek budu dostupni proizvodi najvi\u0161eg kvaliteta.<\/li>\n<\/ul>\n<p>UPOZORENJE!<br \/>\n\u010cuvati van doma\u0161aja male djece. Preporu\u010dena dnevna doza se ne smije prekora\u010diti. Dodaci prehrani se ne smiju koristiti kao zamjena za raznovrsnu prehranu.<\/p>\n","protected":false},"excerpt":{"rendered":"<p>Koli\u010dina na zalihama: 5 <\/p>\n","protected":false},"featured_media":12236,"comment_status":"closed","ping_status":"open","template":"","meta":[],"product_brand":[],"product_cat":[448],"product_tag":[],"class_list":{"0":"post-11626","1":"product","2":"type-product","3":"status-publish","4":"has-post-thumbnail","6":"product_cat-prirodni-suplementi","8":"first","9":"instock","10":"product-type-external"},"_links":{"self":[{"href":"https:\/\/vitashop.info\/me\/wp-json\/wp\/v2\/product\/11626","targetHints":{"allow":["GET"]}}],"collection":[{"href":"https:\/\/vitashop.info\/me\/wp-json\/wp\/v2\/product"}],"about":[{"href":"https:\/\/vitashop.info\/me\/wp-json\/wp\/v2\/types\/product"}],"replies":[{"embeddable":true,"href":"https:\/\/vitashop.info\/me\/wp-json\/wp\/v2\/comments?post=11626"}],"wp:featuredmedia":[{"embeddable":true,"href":"https:\/\/vitashop.info\/me\/wp-json\/wp\/v2\/media\/12236"}],"wp:attachment":[{"href":"https:\/\/vitashop.info\/me\/wp-json\/wp\/v2\/media?parent=11626"}],"wp:term":[{"taxonomy":"product_brand","embeddable":true,"href":"https:\/\/vitashop.info\/me\/wp-json\/wp\/v2\/product_brand?post=11626"},{"taxonomy":"product_cat","embeddable":true,"href":"https:\/\/vitashop.info\/me\/wp-json\/wp\/v2\/product_cat?post=11626"},{"taxonomy":"product_tag","embeddable":true,"href":"https:\/\/vitashop.info\/me\/wp-json\/wp\/v2\/product_tag?post=11626"}],"curies":[{"name":"wp","href":"https:\/\/api.w.org\/{rel}","templated":true}]}}