{"id":11622,"date":"2026-03-10T02:34:02","date_gmt":"2026-03-10T01:34:02","guid":{"rendered":"https:\/\/vitashop.info\/me\/proizvod\/ac-zymes-plus-60-kapsula-probiotski-preparat\/"},"modified":"2026-04-14T01:36:02","modified_gmt":"2026-04-14T00:36:02","slug":"ac-zymes-plus-60-kapsula-probiotski-preparat","status":"publish","type":"product","link":"https:\/\/vitashop.info\/me\/proizvod\/ac-zymes-plus-60-kapsula-probiotski-preparat\/","title":{"rendered":"AC-Zymes Plus 60 kapsula &#8211; Probiotski preparat"},"content":{"rendered":"<p>Doziranje: <\/p>\n<p>&nbsp;<\/p>\n<p>Opis:<\/p>\n<p>Kompleksni pro- i prebiotik<\/p>\n<p>&#013;<\/p>\n<p>Kao rezultat najnovijih nau\u010dnih istra\u017eivanja i u skladu sa zahtevima na&scaron;ih \u010dlanova, mi smo na&scaron; izuzetno popularan probiotski proizvod AC-Zymes dodatno unaprijedili, i tako je nastao AC-Zymes Plus, koji na svjetskom nivou mo\u017ee da se takmi\u010di sa bilo kojim drugim sinbiotskim proizvodom.<\/p>\n<p>&#013;<\/p>\n<p>AC-Zymes Plus sadr\u017ei 6 vrsta bakterijskih kultura, sa 6 milijardi probiotskih bakterija, kao i prebiotike, koji doprinose br\u017eem rastu broja korisnih bakterija. <br \/>Probiotici doprinose optimalnom funkcionisanju gastrointestinalnog trakta, odr\u017eavanju normalne ravnote\u017ee crijevne flore i boljem funkcionisanju crijeva. Uz pomo\u0107 ove kombinacije sastojaka doprinosi se optimalnom funkcionisanju imunog sistema.<\/p>\n<p>&nbsp;<\/p>\n<p>Kome se preporu\u010duje?<\/p>\n<ul>&#013;<\/p>\n<li>U slu\u010daju \u017eivotnog stila sa uticajem stresa, za podr&scaron;ku zdravlja crijevne flore<\/li>\n<p>&#013;<\/p>\n<li>Prilikom uzimanja antibiotika i citostatika, ili dugotrajne primjene drugih ljekova, za normalizaciju crijevne flore<\/li>\n<p>&#013;<\/p>\n<li>U slu\u010daju konzumiranja alkohola i pu&scaron;enja, za podr&scaron;ku funkcionisanja crijevne flore<\/li>\n<p>&#013;<\/p>\n<li>Osobama sa poreme\u0107enom funkcijom \u017eeludca i \u017eu\u010dne kese<\/li>\n<p>&#013;<\/p>\n<li>Svima, koji \u017eele da ponovo uspostave i odr\u017eavaju zdravu ravnote\u017eu crijevne flore<\/li>\n<p>&#013;\n<\/ul>\n<p>&nbsp;<\/p>\n<p>Sastojci:<\/p>\n<p>Probiotske kulture 6 milijarde<\/p>\n<p>Lactobacillus Acidophilus  sadr\u017ei<\/p>\n<p>Lactobacillus Bulgaricus  sadr\u017ei<\/p>\n<p>Lactobacillus Plantarum  sadr\u017ei<\/p>\n<p>Lactobacillus rhamnosus  sadr\u017ei<\/p>\n<p>Bifidobacterium longum  sadr\u017ei<\/p>\n<p>Bifidobacterium Breve  sadr\u017ei<\/p>\n<p>Fruktooligosaharidi 200 mg<\/p>\n<p>&nbsp;<\/p>\n<p>Za\u0161to odabrati Calivita proizvode:<\/p>\n<ul>\n<li>Sa izvanrednim profesionalnim iskustvom, CaliVita ve\u0107 vi\u0161e od 30 godina nudi svoje proizvode koji zadovoljavaju najvi\u0161e standarde kvaliteta.<\/li>\n<li>Uvijek te\u017eimo kori\u0161tenju prirodnih osnovnih materijala koji poti\u010du iz najboljih izvora.<\/li>\n<li>Tokom na\u0161eg razvoja radimo koriste\u0107i bolje apsorpcione, na primjer organske oblike.<\/li>\n<li>Nudimo 100% garanciju kvaliteta za na\u0161e proizvode.<\/li>\n<li>Na\u0161i proizvodi podlije\u017eu strogoj i vi\u0161estrukoj proceduri ispitivanja kako bi se kontinuirano osigurao odli\u010dan kvalitet.<\/li>\n<li>Velika ve\u0107ina na\u0161ih dodataka prehrani proizvodi se u farmaceutskim uvjetima u SAD-u.<\/li>\n<li>Proizvodi se proizvode po principima cGMP (trenutne dobre proizvodne prakse), a vr\u0161i se i stalna kontrola i redovno zakazane revizije od strane FDA (Food and Drug Administration). Radimo u bliskoj saradnji s lokalnim vlastima za izdavanje dozvola kako bismo osigurali da na\u0161im potro\u0161a\u010dima uvijek budu dostupni proizvodi najvi\u0161eg kvaliteta.<\/li>\n<\/ul>\n<p>UPOZORENJE!<br \/>\n\u010cuvati van doma\u0161aja male djece. Preporu\u010dena dnevna doza se ne smije prekora\u010diti. Dodaci prehrani se ne smiju koristiti kao zamjena za raznovrsnu prehranu.<\/p>\n","protected":false},"excerpt":{"rendered":"<p>Koli\u010dina na zalihama: 11 <\/p>\n","protected":false},"featured_media":12231,"comment_status":"closed","ping_status":"open","template":"","meta":[],"product_brand":[],"product_cat":[448],"product_tag":[],"class_list":{"0":"post-11622","1":"product","2":"type-product","3":"status-publish","4":"has-post-thumbnail","6":"product_cat-prirodni-suplementi","8":"first","9":"instock","10":"product-type-external"},"_links":{"self":[{"href":"https:\/\/vitashop.info\/me\/wp-json\/wp\/v2\/product\/11622","targetHints":{"allow":["GET"]}}],"collection":[{"href":"https:\/\/vitashop.info\/me\/wp-json\/wp\/v2\/product"}],"about":[{"href":"https:\/\/vitashop.info\/me\/wp-json\/wp\/v2\/types\/product"}],"replies":[{"embeddable":true,"href":"https:\/\/vitashop.info\/me\/wp-json\/wp\/v2\/comments?post=11622"}],"wp:featuredmedia":[{"embeddable":true,"href":"https:\/\/vitashop.info\/me\/wp-json\/wp\/v2\/media\/12231"}],"wp:attachment":[{"href":"https:\/\/vitashop.info\/me\/wp-json\/wp\/v2\/media?parent=11622"}],"wp:term":[{"taxonomy":"product_brand","embeddable":true,"href":"https:\/\/vitashop.info\/me\/wp-json\/wp\/v2\/product_brand?post=11622"},{"taxonomy":"product_cat","embeddable":true,"href":"https:\/\/vitashop.info\/me\/wp-json\/wp\/v2\/product_cat?post=11622"},{"taxonomy":"product_tag","embeddable":true,"href":"https:\/\/vitashop.info\/me\/wp-json\/wp\/v2\/product_tag?post=11622"}],"curies":[{"name":"wp","href":"https:\/\/api.w.org\/{rel}","templated":true}]}}