{"id":11541,"date":"2025-01-22T18:25:51","date_gmt":"2025-01-22T17:25:51","guid":{"rendered":"https:\/\/vitashop.info\/ks\/produkt\/chromium-max-500-100-kapsula-rregullues-te-oreksit\/"},"modified":"2026-04-21T01:28:03","modified_gmt":"2026-04-21T00:28:03","slug":"chromium-max-500-100-kapsula-rregullues-te-oreksit","status":"publish","type":"product","link":"https:\/\/vitashop.info\/ks\/produkt\/chromium-max-500-100-kapsula-rregullues-te-oreksit\/","title":{"rendered":"Chromium Max 500 100 kapsula &#8211; Rregullues t\u00eb oreksit"},"content":{"rendered":"<p>Dozimi: 1 kapsul\u00eb n\u00eb dit\u00eb.<\/p>\n<p>&nbsp;<\/p>\n<p>P\u00ebrshkrim:<\/p>\n<p>Kromi &euml;sht&euml; nj&euml; mikro-element i domosdosh&euml;m t&euml; cilin organizmi i njeriut nuk &euml;sht&euml; n&euml; gjendje q&euml; ta prodhoj, prandaj kromi duhet t&euml; sigurohet nga burimet e jashtme. Kromi merr pjes&euml; n&euml; metabolizmin e karbohidrateve, proteinave dhe yndyrave, gjithashtu kontribuon n&euml; mir&euml;mbajtjen e nivelit normal t&euml; sheqerit n&euml; gjak. Me efektin e fundit, mund ta parandaloj zhvillimin e &ldquo;d&euml;shir&euml;s&rdquo; p&euml;r &euml;mb&euml;lsira, t&euml; nxitur nga luhatja e papritur e nivelit t&euml; sheqerit n&euml; gjak, dhe n&euml; k&euml;t&euml; m&euml;nyr&euml; e p&euml;rmir&euml;son efikasitetin e diet&euml;s p&euml;r humbjen e pesh&euml;s. Jo gjitha format e kromit absorbohen si&ccedil; duhet. Absorbimi dhe shfryt&euml;zimi i komponent&euml;ve t&euml; saja n&euml; form&euml; t&euml; lidhjes organike, t&euml; till&euml; sikurse krom-picolinate, &euml;sht&euml; i shk&euml;lqyesh&euml;m.<\/p>\n<p>&#013;<\/p>\n<p>&nbsp;<\/p>\n<p>&nbsp;<\/p>\n<p>Kujt i rekomandohet?<\/p>\n<p>&#8211;&nbsp;&nbsp;&nbsp;&nbsp;&nbsp;&nbsp;&nbsp;&nbsp;&nbsp; personave q&euml; vazhdimisht p&euml;rjetojn&euml; ndjenj&euml;n e t&euml; qenit t&euml; uritur, n&euml; ve&ccedil;anti p&euml;r karbohidrate, duke b&euml;r&euml; p&euml;rpjekje t&euml; d&euml;shtuara p&euml;r humbjen e pesh&euml;s;<\/p>\n<p>&#013;<\/p>\n<p>si nj&euml; shtes&euml; p&euml;r terapit&euml; e aplikuara p&euml;r ta arritur nivelin normal t&euml; sheqerit n&euml; gjak<\/p>\n<p>&#013;<\/p>\n<p>&nbsp;<\/p>\n<p>&nbsp;<\/p>\n<p>P\u00ebrb\u00ebr\u00ebsit:<\/p>\n<p>Krom 60 mcg<\/p>\n<p>&nbsp;<\/p>\n<p>Pse t\u00eb zgjidhni produktet Calivita:<\/p>\n<ul>\n<li>Me nj\u00eb formim t\u00eb jasht\u00ebzakonsh\u00ebm profesional, CaliVita ka ofruar produktet e saj q\u00eb plot\u00ebsojn\u00eb rregullat m\u00eb t\u00eb larta t\u00eb cil\u00ebsis\u00eb p\u00ebr m\u00eb shum\u00eb se 30 vjet.<\/li>\n<li>Ne gjithmon\u00eb aspirojm\u00eb t\u00eb p\u00ebrdorim materiale baz\u00eb natyrore me origjin\u00eb nga burimet m\u00eb t\u00eb mira.<br \/>\nGjat\u00eb zhvillimeve tona, ne punojm\u00eb duke p\u00ebrdorur p\u00ebrthithje m\u00eb t\u00eb mir\u00eb, p\u00ebr shembull, forma organike.<\/li>\n<li>Ne ofrojm\u00eb 100% garanci t\u00eb cil\u00ebsis\u00eb p\u00ebr produktet tona.<\/li>\n<li>Produktet tona i n\u00ebnshtrohen nj\u00eb procedure t\u00eb rrept\u00eb dhe t\u00eb shum\u00ebfisht\u00eb ekzaminimi p\u00ebr t\u00eb siguruar vazhdimisht cil\u00ebsi t\u00eb shk\u00eblqyera.<\/li>\n<li>Shumica d\u00ebrrmuese e suplementeve tona dietike prodhohen n\u00eb kushte farmaceutike n\u00eb SHBA.<\/li>\n<li>Produktet prodhohen sipas parimeve t\u00eb cGMP (praktika aktuale e mir\u00eb e prodhimit), nd\u00ebrsa gjithashtu kryhen kontrolle t\u00eb vazhdueshme dhe auditime t\u00eb planifikuara rregullisht nga FDA (Administrata e Ushqimit dhe Barnave). Ne punojm\u00eb n\u00eb bashk\u00ebpunim t\u00eb ngusht\u00eb me autoritetet lokale t\u00eb licencimit p\u00ebr t&#8217;u siguruar q\u00eb konsumator\u00ebve tan\u00eb t&#8217;u ofrohen gjithmon\u00eb produkte t\u00eb cil\u00ebsis\u00eb m\u00eb t\u00eb lart\u00eb.<\/li>\n<\/ul>\n<p>PARALAJM\u00cbRIM!<br \/>\nMbajeni jasht\u00eb mund\u00ebsive t\u00eb f\u00ebmij\u00ebve t\u00eb vegj\u00ebl. Doza e rekomanduar ditore nuk duhet t\u00eb tejkalohet. Suplementet ushqimore nuk duhet t\u00eb p\u00ebrdoren si z\u00ebvend\u00ebsim p\u00ebr nj\u00eb diet\u00eb t\u00eb larmishme.<\/p>\n","protected":false},"excerpt":{"rendered":"<p>Sasia n\u00eb magazin\u00eb: 8 <\/p>\n","protected":false},"featured_media":12741,"comment_status":"closed","ping_status":"open","template":"","meta":[],"product_brand":[],"product_cat":[433],"product_tag":[],"class_list":{"0":"post-11541","1":"product","2":"type-product","3":"status-publish","4":"has-post-thumbnail","6":"product_cat-suplemente-natyrale","8":"first","9":"instock","10":"product-type-external"},"_links":{"self":[{"href":"https:\/\/vitashop.info\/ks\/wp-json\/wp\/v2\/product\/11541","targetHints":{"allow":["GET"]}}],"collection":[{"href":"https:\/\/vitashop.info\/ks\/wp-json\/wp\/v2\/product"}],"about":[{"href":"https:\/\/vitashop.info\/ks\/wp-json\/wp\/v2\/types\/product"}],"replies":[{"embeddable":true,"href":"https:\/\/vitashop.info\/ks\/wp-json\/wp\/v2\/comments?post=11541"}],"wp:featuredmedia":[{"embeddable":true,"href":"https:\/\/vitashop.info\/ks\/wp-json\/wp\/v2\/media\/12741"}],"wp:attachment":[{"href":"https:\/\/vitashop.info\/ks\/wp-json\/wp\/v2\/media?parent=11541"}],"wp:term":[{"taxonomy":"product_brand","embeddable":true,"href":"https:\/\/vitashop.info\/ks\/wp-json\/wp\/v2\/product_brand?post=11541"},{"taxonomy":"product_cat","embeddable":true,"href":"https:\/\/vitashop.info\/ks\/wp-json\/wp\/v2\/product_cat?post=11541"},{"taxonomy":"product_tag","embeddable":true,"href":"https:\/\/vitashop.info\/ks\/wp-json\/wp\/v2\/product_tag?post=11541"}],"curies":[{"name":"wp","href":"https:\/\/api.w.org\/{rel}","templated":true}]}}