{"id":9819,"date":"2026-04-13T22:51:09","date_gmt":"2026-04-13T22:51:09","guid":{"rendered":"https:\/\/vitashop.info\/it\/prodotto\/panax-ginseng-100-pasticce-integratore-di-ginseng\/"},"modified":"2026-04-13T22:53:06","modified_gmt":"2026-04-13T22:53:06","slug":"panax-ginseng-100-pasticce-integratore-di-ginseng","status":"publish","type":"product","link":"https:\/\/vitashop.info\/it\/prodotto\/panax-ginseng-100-pasticce-integratore-di-ginseng\/","title":{"rendered":"Panax Ginseng 100 pasticce &#8211; Integratore di ginseng"},"content":{"rendered":"<p>Dosaggio: 1-2 pasticce al giorno<\/p>\n<p>&nbsp;<\/p>\n<p>Descrizione:<\/p>\n<p style=\"text-align: justify\">Il ginseng notato anche &bdquo;radice umana&rdquo; &eacute; uno delle materiali naturali pi&uacute; popolari e usati da tanto tempo che migliorano la potenza. Affianca l&rsquo;aumentazione della potenza fisico-mentale e quella della capacit&aacute; di concentrazione, ma si offre anche contro la nervosit&aacute; e l&rsquo;ansia.<\/p>\n<p>&nbsp;<\/p>\n<p>Chi consigliamo:<\/p>\n<ul>&#013;<\/p>\n<li>Nei periodi caricati per intensificare la potenza lavorativa, per diminuire la stanchezza e lo sfinimento,<\/li>\n<p>&#013;<\/p>\n<li>in caso di carico intensivo mentale, in periodo degli esami per aumentare la capacit&aacute; di concentrazione,<\/li>\n<p>&#013;<\/p>\n<li>per potenziare la capacit&aacute; della tolleranza di stress.<\/li>\n<p>&#013;\n<\/ul>\n<p>&nbsp;<\/p>\n<p>Composizione:<\/p>\n<p>Panax ginseng 500 mg<\/p>\n<p>&nbsp;<\/p>\n<p><strong>7 motivi per cui vale la pena di scegliere i prodotti di CaliVita<\/strong>:<\/p>\n<ul>\n<li>La CaliVita \u00e8 gi\u00e0 da pi\u00f9 di 30 anni offre con esperienza professionale eccellente i prodotti ce sono convenienti anche alle norme pi\u00f9 rigide di qualit\u00e0.<\/li>\n<li>Tendiamo sempre di usare i materiali di base naturale derivanti dai sorgenti migliori.<\/li>\n<li>Durante i perfezionamenti lavoriamo sempre con le forme di assorbimento migliore, per esempio quelle di origine organiche.<\/li>\n<li>Assumiamo garanzia di qualit\u00e0 per i nostri prodotti al 100%.<\/li>\n<li>I nostri prodotti sono sottoposti pi\u00f9 volte ai processi rigidi di controllo per assicurare la qualit\u00e0 eccellente continua.<\/li>\n<li>La maggior parte dei nostri integratori alimentari sono fatti negli Stati Uniti con le condizioni di fabbrica farmaceutica.<\/li>\n<li>La produzione viene effettuata secondo i fattori rigidi della gestione e contollo di qualit\u00e0 del <strong>cGMP<\/strong> (buone pratiche di fabbricazione), in pi\u00f9 \u00e8 assicurato anche il controllo continuo e la supervisione sistematica del FDA (US Food and Drug Administration). Collaboriamo strettamente anche con le autorit\u00e0 locali di autorizzazione per far arrivare sempre ai nostri consumatori i prodotti migliori.<\/li>\n<\/ul>\n","protected":false},"excerpt":{"rendered":"<p>Quantit\u00e0 in magazzino: 4 <\/p>\n","protected":false},"featured_media":9174,"comment_status":"closed","ping_status":"open","template":"","meta":[],"product_brand":[],"product_cat":[372],"product_tag":[],"class_list":{"0":"post-9819","1":"product","2":"type-product","3":"status-publish","4":"has-post-thumbnail","6":"product_cat-integratori-naturali","8":"first","9":"instock","10":"product-type-external"},"_links":{"self":[{"href":"https:\/\/vitashop.info\/it\/wp-json\/wp\/v2\/product\/9819","targetHints":{"allow":["GET"]}}],"collection":[{"href":"https:\/\/vitashop.info\/it\/wp-json\/wp\/v2\/product"}],"about":[{"href":"https:\/\/vitashop.info\/it\/wp-json\/wp\/v2\/types\/product"}],"replies":[{"embeddable":true,"href":"https:\/\/vitashop.info\/it\/wp-json\/wp\/v2\/comments?post=9819"}],"wp:featuredmedia":[{"embeddable":true,"href":"https:\/\/vitashop.info\/it\/wp-json\/wp\/v2\/media\/9174"}],"wp:attachment":[{"href":"https:\/\/vitashop.info\/it\/wp-json\/wp\/v2\/media?parent=9819"}],"wp:term":[{"taxonomy":"product_brand","embeddable":true,"href":"https:\/\/vitashop.info\/it\/wp-json\/wp\/v2\/product_brand?post=9819"},{"taxonomy":"product_cat","embeddable":true,"href":"https:\/\/vitashop.info\/it\/wp-json\/wp\/v2\/product_cat?post=9819"},{"taxonomy":"product_tag","embeddable":true,"href":"https:\/\/vitashop.info\/it\/wp-json\/wp\/v2\/product_tag?post=9819"}],"curies":[{"name":"wp","href":"https:\/\/api.w.org\/{rel}","templated":true}]}}