{"id":9574,"date":"2026-04-20T22:51:10","date_gmt":"2026-04-20T22:51:10","guid":{"rendered":"https:\/\/vitashop.info\/it\/prodotto\/rhodiolin-120-capsule-riduttivo-stress\/"},"modified":"2026-04-20T22:53:03","modified_gmt":"2026-04-20T22:53:03","slug":"rhodiolin-120-capsule-riduttivo-stress","status":"publish","type":"product","link":"https:\/\/vitashop.info\/it\/prodotto\/rhodiolin-120-capsule-riduttivo-stress\/","title":{"rendered":"Rhodiolin 120 capsule &#8211; Riduttivo stress"},"content":{"rendered":"<p>Dosaggio: 1-3 capsule al giorno<\/p>\n<p>&nbsp;<\/p>\n<p>Descrizione:<\/p>\n<p style=\"text-align: justify\">Il principio attivo fondamentale della capsula \u00e9 la Rhodiola rosea che \u00e9 una medicina officinale adattogena. I principi attivi della pianta hanno un effetto positivo sul sistema nervoso centrale, grazie a questo pu\u00f3 aumentare la capacit\u00e1 di concentrazione, e la potenza fisico-mentale. Pu\u00f3 dare aiuto nell\u2019apprendimento, nello sport e nello stress, pu\u00f3 diminuire la stanchezza mentale e pu\u00f3 aggiungersi alla sensazione generale miglorata. La Rhodiolina integrata di zinco migliora la premunizione dell\u2019organismo, diminuisce i sintomi causati dallo stress a dal modo teso di vivere.<\/p>\n<p>&nbsp;<\/p>\n<p>Chi consigliamo:<\/p>\n<ul>&#013;<\/p>\n<li>A quelli che nelle giornate sono sottomessi agli effetti intensivi di stress,<\/li>\n<p>&#013;<\/p>\n<li>in caso dello sforzo fisico e\/o mentale,<\/li>\n<p>&#013;<\/p>\n<li>per mantenere il livello generale d\u2019energia e di concentrazione,<\/li>\n<p>&#013;<\/p>\n<li>per migliorare la premunizione dell\u2019organismo,<\/li>\n<p>&#013;<\/p>\n<li>in caso di disturbi leggeri del sonno (per aiutare l\u2019addormento ed a mantenere il sonno)<\/li>\n<p>&#013;\n<\/ul>\n<p>&nbsp;<\/p>\n<p>Composizione:<\/p>\n<p>Concentrato di Rhodiola 100 mg<\/p>\n<p>Zinco 5 mg<\/p>\n<p>&nbsp;<\/p>\n<p><strong>7 motivi per cui vale la pena di scegliere i prodotti di CaliVita<\/strong>:<\/p>\n<ul>\n<li>La CaliVita \u00e8 gi\u00e0 da pi\u00f9 di 30 anni offre con esperienza professionale eccellente i prodotti ce sono convenienti anche alle norme pi\u00f9 rigide di qualit\u00e0.<\/li>\n<li>Tendiamo sempre di usare i materiali di base naturale derivanti dai sorgenti migliori.<\/li>\n<li>Durante i perfezionamenti lavoriamo sempre con le forme di assorbimento migliore, per esempio quelle di origine organiche.<\/li>\n<li>Assumiamo garanzia di qualit\u00e0 per i nostri prodotti al 100%.<\/li>\n<li>I nostri prodotti sono sottoposti pi\u00f9 volte ai processi rigidi di controllo per assicurare la qualit\u00e0 eccellente continua.<\/li>\n<li>La maggior parte dei nostri integratori alimentari sono fatti negli Stati Uniti con le condizioni di fabbrica farmaceutica.<\/li>\n<li>La produzione viene effettuata secondo i fattori rigidi della gestione e contollo di qualit\u00e0 del <strong>cGMP<\/strong> (buone pratiche di fabbricazione), in pi\u00f9 \u00e8 assicurato anche il controllo continuo e la supervisione sistematica del FDA (US Food and Drug Administration). Collaboriamo strettamente anche con le autorit\u00e0 locali di autorizzazione per far arrivare sempre ai nostri consumatori i prodotti migliori.<\/li>\n<\/ul>\n","protected":false},"excerpt":{"rendered":"<p>Quantit\u00e0 in magazzino: 3 <\/p>\n","protected":false},"featured_media":9101,"comment_status":"closed","ping_status":"open","template":"","meta":[],"product_brand":[],"product_cat":[372],"product_tag":[],"class_list":{"0":"post-9574","1":"product","2":"type-product","3":"status-publish","4":"has-post-thumbnail","6":"product_cat-integratori-naturali","8":"first","9":"instock","10":"product-type-external"},"_links":{"self":[{"href":"https:\/\/vitashop.info\/it\/wp-json\/wp\/v2\/product\/9574","targetHints":{"allow":["GET"]}}],"collection":[{"href":"https:\/\/vitashop.info\/it\/wp-json\/wp\/v2\/product"}],"about":[{"href":"https:\/\/vitashop.info\/it\/wp-json\/wp\/v2\/types\/product"}],"replies":[{"embeddable":true,"href":"https:\/\/vitashop.info\/it\/wp-json\/wp\/v2\/comments?post=9574"}],"wp:featuredmedia":[{"embeddable":true,"href":"https:\/\/vitashop.info\/it\/wp-json\/wp\/v2\/media\/9101"}],"wp:attachment":[{"href":"https:\/\/vitashop.info\/it\/wp-json\/wp\/v2\/media?parent=9574"}],"wp:term":[{"taxonomy":"product_brand","embeddable":true,"href":"https:\/\/vitashop.info\/it\/wp-json\/wp\/v2\/product_brand?post=9574"},{"taxonomy":"product_cat","embeddable":true,"href":"https:\/\/vitashop.info\/it\/wp-json\/wp\/v2\/product_cat?post=9574"},{"taxonomy":"product_tag","embeddable":true,"href":"https:\/\/vitashop.info\/it\/wp-json\/wp\/v2\/product_tag?post=9574"}],"curies":[{"name":"wp","href":"https:\/\/api.w.org\/{rel}","templated":true}]}}