{"id":9573,"date":"2026-04-13T22:51:09","date_gmt":"2026-04-13T22:51:09","guid":{"rendered":"https:\/\/vitashop.info\/it\/prodotto\/probiozymes-60-pasticche-masticabile-pre-e-probiotiche\/"},"modified":"2026-04-13T22:53:07","modified_gmt":"2026-04-13T22:53:07","slug":"probiozymes-60-pasticche-masticabile-pre-e-probiotiche","status":"publish","type":"product","link":"https:\/\/vitashop.info\/it\/prodotto\/probiozymes-60-pasticche-masticabile-pre-e-probiotiche\/","title":{"rendered":"ProbioZymes 60 pasticche masticabile &#8211; Pre- e probiotiche"},"content":{"rendered":"<p>Dosaggio: 1-2 pasticche masticabile al giorno.<\/p>\n<p>&nbsp;<\/p>\n<p>Descrizione:<\/p>\n<p>La ProbioBalance &eacute; un pasticca masticabile squisita che &eacute; consumata volentieri sia dai bambini che da adulti. Tutti i pezzetti contengono quattro milliardi di cellule probiotiche. Le tre razze probiotiche presenti nella pasticca fanno parte della flora sana. Aiutano la protezione immunologica, la diminuzione dell&rsquo;allergia, la defecazione sistematica, il superamento delle infezioni con diarrea e la sistemazione della flora danneggiata intestinale. Il prebiotico (fructo-oligosacarida) dato alla pasticca aiuta lo stabilimento e la crescita dei probiotici.<\/p>\n<p>&nbsp;<\/p>\n<p>Chi consigliamo:<\/p>\n<ul>&#013;<\/p>\n<li>Dopo le cure antibiotiche per sistemare la flora intestinale,<\/li>\n<p>&#013;<\/p>\n<li>durante i viaggi per evitare la diarrea, per integrare la cura,<\/li>\n<p>&#013;<\/p>\n<li>per mantenere e rafforzare lo stato equilibrato degli intestini.<\/li>\n<p>&#013;\n<\/ul>\n<p>&#013;<\/p>\n<p><strong> Principi attivi di ProbioBalance\/pasticca masticabila:<\/strong><\/p>\n<p>&#013;<\/p>\n<ul>&#013;<\/p>\n<li>Coltura probiotica&nbsp; &nbsp;&nbsp;&nbsp; &nbsp;4&nbsp;&nbsp; &nbsp;miliardi ** CFU<\/li>\n<p>&#013;<\/p>\n<li>Lactobacillus acidophilus<\/li>\n<p>&#013;<\/p>\n<li>Bifidobacterium longum<\/li>\n<p>&#013;<\/p>\n<li>Lactobacillus rhamnosus<\/li>\n<p>&#013;<\/p>\n<li>Fructo-oligosaccaride&nbsp; &nbsp;&nbsp;&nbsp; &nbsp;25&nbsp;&nbsp; &nbsp;mg<\/li>\n<p>&#013;\n<\/ul>\n<p>&nbsp;<\/p>\n<p>&nbsp;<\/p>\n<p><strong>7 motivi per cui vale la pena di scegliere i prodotti di CaliVita<\/strong>:<\/p>\n<ul>\n<li>La CaliVita \u00e8 gi\u00e0 da pi\u00f9 di 30 anni offre con esperienza professionale eccellente i prodotti ce sono convenienti anche alle norme pi\u00f9 rigide di qualit\u00e0.<\/li>\n<li>Tendiamo sempre di usare i materiali di base naturale derivanti dai sorgenti migliori.<\/li>\n<li>Durante i perfezionamenti lavoriamo sempre con le forme di assorbimento migliore, per esempio quelle di origine organiche.<\/li>\n<li>Assumiamo garanzia di qualit\u00e0 per i nostri prodotti al 100%.<\/li>\n<li>I nostri prodotti sono sottoposti pi\u00f9 volte ai processi rigidi di controllo per assicurare la qualit\u00e0 eccellente continua.<\/li>\n<li>La maggior parte dei nostri integratori alimentari sono fatti negli Stati Uniti con le condizioni di fabbrica farmaceutica.<\/li>\n<li>La produzione viene effettuata secondo i fattori rigidi della gestione e contollo di qualit\u00e0 del <strong>cGMP<\/strong> (buone pratiche di fabbricazione), in pi\u00f9 \u00e8 assicurato anche il controllo continuo e la supervisione sistematica del FDA (US Food and Drug Administration). Collaboriamo strettamente anche con le autorit\u00e0 locali di autorizzazione per far arrivare sempre ai nostri consumatori i prodotti migliori.<\/li>\n<\/ul>\n","protected":false},"excerpt":{"rendered":"<p>Quantit\u00e0 in magazzino: 5 <\/p>\n","protected":false},"featured_media":9183,"comment_status":"closed","ping_status":"open","template":"","meta":[],"product_brand":[],"product_cat":[372],"product_tag":[],"class_list":{"0":"post-9573","1":"product","2":"type-product","3":"status-publish","4":"has-post-thumbnail","6":"product_cat-integratori-naturali","8":"first","9":"instock","10":"product-type-external"},"_links":{"self":[{"href":"https:\/\/vitashop.info\/it\/wp-json\/wp\/v2\/product\/9573","targetHints":{"allow":["GET"]}}],"collection":[{"href":"https:\/\/vitashop.info\/it\/wp-json\/wp\/v2\/product"}],"about":[{"href":"https:\/\/vitashop.info\/it\/wp-json\/wp\/v2\/types\/product"}],"replies":[{"embeddable":true,"href":"https:\/\/vitashop.info\/it\/wp-json\/wp\/v2\/comments?post=9573"}],"wp:featuredmedia":[{"embeddable":true,"href":"https:\/\/vitashop.info\/it\/wp-json\/wp\/v2\/media\/9183"}],"wp:attachment":[{"href":"https:\/\/vitashop.info\/it\/wp-json\/wp\/v2\/media?parent=9573"}],"wp:term":[{"taxonomy":"product_brand","embeddable":true,"href":"https:\/\/vitashop.info\/it\/wp-json\/wp\/v2\/product_brand?post=9573"},{"taxonomy":"product_cat","embeddable":true,"href":"https:\/\/vitashop.info\/it\/wp-json\/wp\/v2\/product_cat?post=9573"},{"taxonomy":"product_tag","embeddable":true,"href":"https:\/\/vitashop.info\/it\/wp-json\/wp\/v2\/product_tag?post=9573"}],"curies":[{"name":"wp","href":"https:\/\/api.w.org\/{rel}","templated":true}]}}