{"id":7842,"date":"2026-04-20T22:51:10","date_gmt":"2026-04-20T22:51:10","guid":{"rendered":"https:\/\/vitashop.info\/it\/prodotto\/selenium-60-pasticce-selenio-supplemento\/"},"modified":"2026-04-20T22:53:06","modified_gmt":"2026-04-20T22:53:06","slug":"selenium-60-pasticce-selenio-supplemento","status":"publish","type":"product","link":"https:\/\/vitashop.info\/it\/prodotto\/selenium-60-pasticce-selenio-supplemento\/","title":{"rendered":"Selenium 60 pasticce &#8211; Selenio supplemento"},"content":{"rendered":"<p>Dosaggio: 1 pasticca al giorno<\/p>\n<p>&nbsp;<\/p>\n<p>Descrizione:<\/p>\n<p style=\"text-align: justify\">Il selenio con il suo effetto forte antiossidante aiuta la protezione delle cellule e dei tessuti contro gli effetti dannosi causati dai radicali liberi, si aggiunge al funzionamento normale del sistema immunitario e della ghiandola tiroide. Ha ruolo anche nel mantenimento della salute dei capelli e delle unghie.<\/p>\n<p>&nbsp;<\/p>\n<p>Chi consigliamo:<\/p>\n<ul>&#013;<\/p>\n<li>A chiunque che vuole una protezione forte antiossidante,<\/li>\n<p>&#013;<\/p>\n<li>ai fumatori,<\/li>\n<p>&#013;<\/p>\n<li>a quelli che hanno problema di ipotiroidismo,<\/li>\n<p>&#013;<\/p>\n<li>agli uomini per migliorare la fertilit&agrave;,<\/li>\n<p>&#013;<\/p>\n<li>per integrare la cura contro il livello alto del colesterolo,<\/li>\n<p>&#013;<\/p>\n<li>alle persone che seguono una dieta rigida vegana o di contenuto diminuito di proteina, dato che nella loro alimentazione mancano i pasti animali che sono dei buon fonti di selenio,<\/li>\n<p>&#013;<\/p>\n<li>per integrare la terapia dei processi infiammatori &ndash; specialmente quella dell&rsquo;artrite &ndash; presenti nell&rsquo;organismo.<\/li>\n<p>&#013;\n<\/ul>\n<p>&nbsp;<\/p>\n<p>Composizione:<\/p>\n<p>Selenium 50 mcg<\/p>\n<p>&nbsp;<\/p>\n<p><strong>7 motivi per cui vale la pena di scegliere i prodotti di CaliVita<\/strong>:<\/p>\n<ul>\n<li>La CaliVita \u00e8 gi\u00e0 da pi\u00f9 di 30 anni offre con esperienza professionale eccellente i prodotti ce sono convenienti anche alle norme pi\u00f9 rigide di qualit\u00e0.<\/li>\n<li>Tendiamo sempre di usare i materiali di base naturale derivanti dai sorgenti migliori.<\/li>\n<li>Durante i perfezionamenti lavoriamo sempre con le forme di assorbimento migliore, per esempio quelle di origine organiche.<\/li>\n<li>Assumiamo garanzia di qualit\u00e0 per i nostri prodotti al 100%.<\/li>\n<li>I nostri prodotti sono sottoposti pi\u00f9 volte ai processi rigidi di controllo per assicurare la qualit\u00e0 eccellente continua.<\/li>\n<li>La maggior parte dei nostri integratori alimentari sono fatti negli Stati Uniti con le condizioni di fabbrica farmaceutica.<\/li>\n<li>La produzione viene effettuata secondo i fattori rigidi della gestione e contollo di qualit\u00e0 del <strong>cGMP<\/strong> (buone pratiche di fabbricazione), in pi\u00f9 \u00e8 assicurato anche il controllo continuo e la supervisione sistematica del FDA (US Food and Drug Administration). Collaboriamo strettamente anche con le autorit\u00e0 locali di autorizzazione per far arrivare sempre ai nostri consumatori i prodotti migliori.<\/li>\n<\/ul>\n","protected":false},"excerpt":{"rendered":"<p>Quantit\u00e0 in magazzino: 4 <\/p>\n","protected":false},"featured_media":9181,"comment_status":"closed","ping_status":"open","template":"","meta":[],"product_brand":[],"product_cat":[372],"product_tag":[],"class_list":{"0":"post-7842","1":"product","2":"type-product","3":"status-publish","4":"has-post-thumbnail","6":"product_cat-integratori-naturali","8":"first","9":"instock","10":"product-type-external"},"_links":{"self":[{"href":"https:\/\/vitashop.info\/it\/wp-json\/wp\/v2\/product\/7842","targetHints":{"allow":["GET"]}}],"collection":[{"href":"https:\/\/vitashop.info\/it\/wp-json\/wp\/v2\/product"}],"about":[{"href":"https:\/\/vitashop.info\/it\/wp-json\/wp\/v2\/types\/product"}],"replies":[{"embeddable":true,"href":"https:\/\/vitashop.info\/it\/wp-json\/wp\/v2\/comments?post=7842"}],"wp:featuredmedia":[{"embeddable":true,"href":"https:\/\/vitashop.info\/it\/wp-json\/wp\/v2\/media\/9181"}],"wp:attachment":[{"href":"https:\/\/vitashop.info\/it\/wp-json\/wp\/v2\/media?parent=7842"}],"wp:term":[{"taxonomy":"product_brand","embeddable":true,"href":"https:\/\/vitashop.info\/it\/wp-json\/wp\/v2\/product_brand?post=7842"},{"taxonomy":"product_cat","embeddable":true,"href":"https:\/\/vitashop.info\/it\/wp-json\/wp\/v2\/product_cat?post=7842"},{"taxonomy":"product_tag","embeddable":true,"href":"https:\/\/vitashop.info\/it\/wp-json\/wp\/v2\/product_tag?post=7842"}],"curies":[{"name":"wp","href":"https:\/\/api.w.org\/{rel}","templated":true}]}}