{"id":7836,"date":"2026-04-20T22:51:10","date_gmt":"2026-04-20T22:51:10","guid":{"rendered":"https:\/\/vitashop.info\/it\/prodotto\/royal-jelly-50-capsule-pappa-reale\/"},"modified":"2026-04-20T22:53:03","modified_gmt":"2026-04-20T22:53:03","slug":"royal-jelly-50-capsule-pappa-reale","status":"publish","type":"product","link":"https:\/\/vitashop.info\/it\/prodotto\/royal-jelly-50-capsule-pappa-reale\/","title":{"rendered":"Royal Jelly 50 capsule &#8211; Pappa reale"},"content":{"rendered":"<p>Dosaggio: 1 capsula al giorno.<\/p>\n<p>&nbsp;<\/p>\n<p>Descrizione:<\/p>\n<p style=\"text-align: justify\">La Bee Power &eacute; un prodotto di base di pappa reale. Uno degli elementi fondamentali di costruzione della pappa reale, la HDA svolge un effetto antimicrobico contro pi&uacute; tipi di mucosi e batteri. Contiene tutta la seria della vitamina B e in pi&uacute; &eacute; formato di sali minerali, oligoelementi (per es zolfo, manganese, nickel, cobalto). Funziona come fonte naturale delle vitamine A, C, D, E, dell acido folico, delle sostanze minerali delle enzime e di 18 tipi di aminoacidi.<\/p>\n<p>&nbsp;<\/p>\n<p>Chi consigliamo:<\/p>\n<ul>&#013;<\/p>\n<li>A quelli che cercano protezione naturale immunitario,<\/li>\n<p>&#013;<\/p>\n<li>ai bambini per affiancare il sistema immunitario e per intensificare l&rsquo;appetito,<\/li>\n<p>&#013;<\/p>\n<li>durante la convalescenza dopo malattia, per rafforzare l&rsquo;organismo,<\/li>\n<p>&#013;<\/p>\n<li>nei periodi caricati, per intensificare della potenza e per tonificare l&rsquo;organismo.<\/li>\n<p>&#013;\n<\/ul>\n<p>&#013;<\/p>\n<p><span style=\"font-weight: bold\">Principio attivo di Bee Power\/capsula:<\/span><br \/> Concentrato di pappa reale (6% HDA)&nbsp;&nbsp; &nbsp;50 mg<br \/> (corrisponde a 150 mg di pappa reale)<\/p>\n<p>&nbsp;<\/p>\n<p>&nbsp;<\/p>\n<p><strong>7 motivi per cui vale la pena di scegliere i prodotti di CaliVita<\/strong>:<\/p>\n<ul>\n<li>La CaliVita \u00e8 gi\u00e0 da pi\u00f9 di 30 anni offre con esperienza professionale eccellente i prodotti ce sono convenienti anche alle norme pi\u00f9 rigide di qualit\u00e0.<\/li>\n<li>Tendiamo sempre di usare i materiali di base naturale derivanti dai sorgenti migliori.<\/li>\n<li>Durante i perfezionamenti lavoriamo sempre con le forme di assorbimento migliore, per esempio quelle di origine organiche.<\/li>\n<li>Assumiamo garanzia di qualit\u00e0 per i nostri prodotti al 100%.<\/li>\n<li>I nostri prodotti sono sottoposti pi\u00f9 volte ai processi rigidi di controllo per assicurare la qualit\u00e0 eccellente continua.<\/li>\n<li>La maggior parte dei nostri integratori alimentari sono fatti negli Stati Uniti con le condizioni di fabbrica farmaceutica.<\/li>\n<li>La produzione viene effettuata secondo i fattori rigidi della gestione e contollo di qualit\u00e0 del <strong>cGMP<\/strong> (buone pratiche di fabbricazione), in pi\u00f9 \u00e8 assicurato anche il controllo continuo e la supervisione sistematica del FDA (US Food and Drug Administration). Collaboriamo strettamente anche con le autorit\u00e0 locali di autorizzazione per far arrivare sempre ai nostri consumatori i prodotti migliori.<\/li>\n<\/ul>\n","protected":false},"excerpt":{"rendered":"<p>Quantit\u00e0 in magazzino: 6 <\/p>\n","protected":false},"featured_media":9099,"comment_status":"closed","ping_status":"open","template":"","meta":[],"product_brand":[],"product_cat":[372],"product_tag":[],"class_list":{"0":"post-7836","1":"product","2":"type-product","3":"status-publish","4":"has-post-thumbnail","6":"product_cat-integratori-naturali","8":"first","9":"instock","10":"product-type-external"},"_links":{"self":[{"href":"https:\/\/vitashop.info\/it\/wp-json\/wp\/v2\/product\/7836","targetHints":{"allow":["GET"]}}],"collection":[{"href":"https:\/\/vitashop.info\/it\/wp-json\/wp\/v2\/product"}],"about":[{"href":"https:\/\/vitashop.info\/it\/wp-json\/wp\/v2\/types\/product"}],"replies":[{"embeddable":true,"href":"https:\/\/vitashop.info\/it\/wp-json\/wp\/v2\/comments?post=7836"}],"wp:featuredmedia":[{"embeddable":true,"href":"https:\/\/vitashop.info\/it\/wp-json\/wp\/v2\/media\/9099"}],"wp:attachment":[{"href":"https:\/\/vitashop.info\/it\/wp-json\/wp\/v2\/media?parent=7836"}],"wp:term":[{"taxonomy":"product_brand","embeddable":true,"href":"https:\/\/vitashop.info\/it\/wp-json\/wp\/v2\/product_brand?post=7836"},{"taxonomy":"product_cat","embeddable":true,"href":"https:\/\/vitashop.info\/it\/wp-json\/wp\/v2\/product_cat?post=7836"},{"taxonomy":"product_tag","embeddable":true,"href":"https:\/\/vitashop.info\/it\/wp-json\/wp\/v2\/product_tag?post=7836"}],"curies":[{"name":"wp","href":"https:\/\/api.w.org\/{rel}","templated":true}]}}