{"id":7830,"date":"2026-04-13T22:51:10","date_gmt":"2026-04-13T22:51:10","guid":{"rendered":"https:\/\/vitashop.info\/it\/prodotto\/resveratrol-plus-60-capsule-resveratrolo-con-q10\/"},"modified":"2026-04-13T22:53:07","modified_gmt":"2026-04-13T22:53:07","slug":"resveratrol-plus-60-capsule-resveratrolo-con-q10","status":"publish","type":"product","link":"https:\/\/vitashop.info\/it\/prodotto\/resveratrol-plus-60-capsule-resveratrolo-con-q10\/","title":{"rendered":"Resveratrol PLUS 60 capsule &#8211; Resveratrolo con Q10"},"content":{"rendered":"<p>Dosaggio: 1 capsula al giorno<\/p>\n<p>&nbsp;<\/p>\n<p>Descrizione:<\/p>\n<p style=\"text-align: justify\">In questo nostro prodotto antiossidante di premium qualit&aacute; abbiamo complementato il resveratrolo che &eacute; un elemento valoroso del vino rosso di vinacciolo che affianca le vene e di Q10 coenzima che energetizza le cellule. Tutto questo per la protezione pi&uacute; intera possibile del sistema cardiovascolare. I componenti del prodotto &ndash; oltre all&rsquo;aiuto nella protezione contro gli effetti dannosi dei radicali liberi &ndash; possono ritardare il processo dell&rsquo;invecchiamento.<\/p>\n<p>&nbsp;<\/p>\n<p>Chi consigliamo:<\/p>\n<ul>&#013;<\/p>\n<li>Alle persone che hanno problemi cardiovascolari e quello della pressione sanguigna, in pi&uacute; chi nella famiglia hanno la possibilit&aacute; della trasmissione di queste malattie, e in pi&uacute; a tutti per mantenere il funzionamento sano,<\/li>\n<p>&#013;<\/p>\n<li>per quelli che sono sotto carico fisico-mentale intensivo,<\/li>\n<p>&#013;<\/p>\n<li>per quelli che vivono una vita stressante,<\/li>\n<p>&#013;<\/p>\n<li>ai fumatori attivi o a quelli passivi,<\/li>\n<p>&#013;<\/p>\n<li>chi vogliono fruire l&rsquo;effetto benefico del resveratrolo senza consumare alcool,<\/li>\n<p>&#013;<\/p>\n<li>a tutti quelli che desiderano una vita non solo lunga ma pi&uacute; sana e piena di energia.<\/li>\n<p>&#013;\n<\/ul>\n<p>&nbsp;<\/p>\n<p>Composizione:<\/p>\n<p>Estratto di resveratrolo (50% trans-resveratrolo) 100 mg<\/p>\n<p>Estratto di acino 50 mg<\/p>\n<p>Coenzyma Q10 20 mg<\/p>\n<p>&nbsp;<\/p>\n<p><strong>7 motivi per cui vale la pena di scegliere i prodotti di CaliVita<\/strong>:<\/p>\n<ul>\n<li>La CaliVita \u00e8 gi\u00e0 da pi\u00f9 di 30 anni offre con esperienza professionale eccellente i prodotti ce sono convenienti anche alle norme pi\u00f9 rigide di qualit\u00e0.<\/li>\n<li>Tendiamo sempre di usare i materiali di base naturale derivanti dai sorgenti migliori.<\/li>\n<li>Durante i perfezionamenti lavoriamo sempre con le forme di assorbimento migliore, per esempio quelle di origine organiche.<\/li>\n<li>Assumiamo garanzia di qualit\u00e0 per i nostri prodotti al 100%.<\/li>\n<li>I nostri prodotti sono sottoposti pi\u00f9 volte ai processi rigidi di controllo per assicurare la qualit\u00e0 eccellente continua.<\/li>\n<li>La maggior parte dei nostri integratori alimentari sono fatti negli Stati Uniti con le condizioni di fabbrica farmaceutica.<\/li>\n<li>La produzione viene effettuata secondo i fattori rigidi della gestione e contollo di qualit\u00e0 del <strong>cGMP<\/strong> (buone pratiche di fabbricazione), in pi\u00f9 \u00e8 assicurato anche il controllo continuo e la supervisione sistematica del FDA (US Food and Drug Administration). Collaboriamo strettamente anche con le autorit\u00e0 locali di autorizzazione per far arrivare sempre ai nostri consumatori i prodotti migliori.<\/li>\n<\/ul>\n","protected":false},"excerpt":{"rendered":"<p>Quantit\u00e0 in magazzino: 5 <\/p>\n","protected":false},"featured_media":9190,"comment_status":"closed","ping_status":"open","template":"","meta":[],"product_brand":[],"product_cat":[372],"product_tag":[],"class_list":{"0":"post-7830","1":"product","2":"type-product","3":"status-publish","4":"has-post-thumbnail","6":"product_cat-integratori-naturali","8":"first","9":"instock","10":"product-type-external"},"_links":{"self":[{"href":"https:\/\/vitashop.info\/it\/wp-json\/wp\/v2\/product\/7830","targetHints":{"allow":["GET"]}}],"collection":[{"href":"https:\/\/vitashop.info\/it\/wp-json\/wp\/v2\/product"}],"about":[{"href":"https:\/\/vitashop.info\/it\/wp-json\/wp\/v2\/types\/product"}],"replies":[{"embeddable":true,"href":"https:\/\/vitashop.info\/it\/wp-json\/wp\/v2\/comments?post=7830"}],"wp:featuredmedia":[{"embeddable":true,"href":"https:\/\/vitashop.info\/it\/wp-json\/wp\/v2\/media\/9190"}],"wp:attachment":[{"href":"https:\/\/vitashop.info\/it\/wp-json\/wp\/v2\/media?parent=7830"}],"wp:term":[{"taxonomy":"product_brand","embeddable":true,"href":"https:\/\/vitashop.info\/it\/wp-json\/wp\/v2\/product_brand?post=7830"},{"taxonomy":"product_cat","embeddable":true,"href":"https:\/\/vitashop.info\/it\/wp-json\/wp\/v2\/product_cat?post=7830"},{"taxonomy":"product_tag","embeddable":true,"href":"https:\/\/vitashop.info\/it\/wp-json\/wp\/v2\/product_tag?post=7830"}],"curies":[{"name":"wp","href":"https:\/\/api.w.org\/{rel}","templated":true}]}}