{"id":7826,"date":"2026-04-13T22:51:10","date_gmt":"2026-04-13T22:51:10","guid":{"rendered":"https:\/\/vitashop.info\/it\/prodotto\/qprotect-90-pasticce-antioxidant-con-ginkgo\/"},"modified":"2026-04-13T22:53:09","modified_gmt":"2026-04-13T22:53:09","slug":"qprotect-90-pasticce-antioxidant-con-ginkgo","status":"publish","type":"product","link":"https:\/\/vitashop.info\/it\/prodotto\/qprotect-90-pasticce-antioxidant-con-ginkgo\/","title":{"rendered":"qProtect 90 pasticce &#8211; Antioxidant con ginkgo"},"content":{"rendered":"<p>Dosaggio: 1-3 pasticce al giorno<\/p>\n<p>&nbsp;<\/p>\n<p>Descrizione:<\/p>\n<p style=\"text-align: justify\">A qProtect &eacute; un prodotto antiossidante di base ginkgo biloba per la protezione quotidiana delle nostre cellule.<br \/> La ginkgo aiuta il flusso di sangue, affianca il funzionamento normale del cervello, aiuta la concentrazione e mantiene il livello della memoria. Tutto questo &eacute; stato complementato con quattro antiossidanti importanti: vitamina C, beta-carotina, vitamina E e selenio, i quali applicati insieme possono avere un effetto benefico intensificato, assicurando cos&iacute; alle cellule di essere ben fornite di ossigeno e di sostanze nutritive.<\/p>\n<p>&nbsp;<\/p>\n<p>Chi consigliamo:<\/p>\n<ul>&#013;<\/p>\n<li>Chi desiderano una protezione quotidiana di antiossidanti,<\/li>\n<p>&#013;<\/p>\n<li>chi vivono una vita piena di stress,<\/li>\n<p>&#013;<\/p>\n<li>chi vogliono mantenere la freschezza fisico-mentale,<\/li>\n<p>&#013;<\/p>\n<li>agli anziani per mantenere il livello della memoria e del funzionamento normale del cervello,<\/li>\n<p>&#013;<\/p>\n<li>chi consumano alcool frequentemente,<\/li>\n<p>&#013;<\/p>\n<li>a chi ha problemi cardiovascolari<\/li>\n<p>&#013;<\/p>\n<li>alle persone che hanno le membra spesso fredde,<\/li>\n<p>&#013;<\/p>\n<li>chi soffrono di acufene,<\/li>\n<p>&#013;<\/p>\n<li>chi alimentano abbozzatamente,<\/li>\n<p>&#013;<\/p>\n<li>ai fumatori attivi o a quelli passivi, agli abitanti dei villaggi di aria inquinata,<\/li>\n<p>&#013;<\/p>\n<li>alle persone che consumano alcool sistematicamente.<\/li>\n<p>&#013;\n<\/ul>\n<p>&nbsp;<\/p>\n<p>Composizione:<\/p>\n<p>Betacarotena 3000 I.U.<\/p>\n<p>Vitamina C 60 mg<\/p>\n<p>Vitamina E 10 I.U.<\/p>\n<p>Selenium 20 mcg<\/p>\n<p>Ginkgo biloba leaf 50 mg<\/p>\n<p>&nbsp;<\/p>\n<p><strong>7 motivi per cui vale la pena di scegliere i prodotti di CaliVita<\/strong>:<\/p>\n<ul>\n<li>La CaliVita \u00e8 gi\u00e0 da pi\u00f9 di 30 anni offre con esperienza professionale eccellente i prodotti ce sono convenienti anche alle norme pi\u00f9 rigide di qualit\u00e0.<\/li>\n<li>Tendiamo sempre di usare i materiali di base naturale derivanti dai sorgenti migliori.<\/li>\n<li>Durante i perfezionamenti lavoriamo sempre con le forme di assorbimento migliore, per esempio quelle di origine organiche.<\/li>\n<li>Assumiamo garanzia di qualit\u00e0 per i nostri prodotti al 100%.<\/li>\n<li>I nostri prodotti sono sottoposti pi\u00f9 volte ai processi rigidi di controllo per assicurare la qualit\u00e0 eccellente continua.<\/li>\n<li>La maggior parte dei nostri integratori alimentari sono fatti negli Stati Uniti con le condizioni di fabbrica farmaceutica.<\/li>\n<li>La produzione viene effettuata secondo i fattori rigidi della gestione e contollo di qualit\u00e0 del <strong>cGMP<\/strong> (buone pratiche di fabbricazione), in pi\u00f9 \u00e8 assicurato anche il controllo continuo e la supervisione sistematica del FDA (US Food and Drug Administration). Collaboriamo strettamente anche con le autorit\u00e0 locali di autorizzazione per far arrivare sempre ai nostri consumatori i prodotti migliori.<\/li>\n<\/ul>\n","protected":false},"excerpt":{"rendered":"<p>Quantit\u00e0 in magazzino: 6 <\/p>\n","protected":false},"featured_media":9231,"comment_status":"closed","ping_status":"open","template":"","meta":[],"product_brand":[],"product_cat":[372],"product_tag":[],"class_list":{"0":"post-7826","1":"product","2":"type-product","3":"status-publish","4":"has-post-thumbnail","6":"product_cat-integratori-naturali","8":"first","9":"instock","10":"product-type-external"},"_links":{"self":[{"href":"https:\/\/vitashop.info\/it\/wp-json\/wp\/v2\/product\/7826","targetHints":{"allow":["GET"]}}],"collection":[{"href":"https:\/\/vitashop.info\/it\/wp-json\/wp\/v2\/product"}],"about":[{"href":"https:\/\/vitashop.info\/it\/wp-json\/wp\/v2\/types\/product"}],"replies":[{"embeddable":true,"href":"https:\/\/vitashop.info\/it\/wp-json\/wp\/v2\/comments?post=7826"}],"wp:featuredmedia":[{"embeddable":true,"href":"https:\/\/vitashop.info\/it\/wp-json\/wp\/v2\/media\/9231"}],"wp:attachment":[{"href":"https:\/\/vitashop.info\/it\/wp-json\/wp\/v2\/media?parent=7826"}],"wp:term":[{"taxonomy":"product_brand","embeddable":true,"href":"https:\/\/vitashop.info\/it\/wp-json\/wp\/v2\/product_brand?post=7826"},{"taxonomy":"product_cat","embeddable":true,"href":"https:\/\/vitashop.info\/it\/wp-json\/wp\/v2\/product_cat?post=7826"},{"taxonomy":"product_tag","embeddable":true,"href":"https:\/\/vitashop.info\/it\/wp-json\/wp\/v2\/product_tag?post=7826"}],"curies":[{"name":"wp","href":"https:\/\/api.w.org\/{rel}","templated":true}]}}