{"id":7660,"date":"2026-04-13T22:51:04","date_gmt":"2026-04-13T22:51:04","guid":{"rendered":"https:\/\/vitashop.info\/it\/prodotto\/calivita-enzymes-100-pasticche-affiancamento-del-sistema-digestivo\/"},"modified":"2026-04-13T22:53:04","modified_gmt":"2026-04-13T22:53:04","slug":"calivita-enzymes-100-pasticche-affiancamento-del-sistema-digestivo","status":"publish","type":"product","link":"https:\/\/vitashop.info\/it\/prodotto\/calivita-enzymes-100-pasticche-affiancamento-del-sistema-digestivo\/","title":{"rendered":"CaliVita Enzymes 100 pasticche &#8211; Affiancamento del sistema digestivo"},"content":{"rendered":"<p>Dosaggio: 2&#215;1 pasticche al giorno durante il pasto.<\/p>\n<p>&nbsp;<\/p>\n<p>Descrizione:<\/p>\n<p style=\"text-align: justify\">La Digestive Enzymes contiene enzime e principi attivi che affiancano i processi digestivi. In quanto i Suoi abitudini alimentari e modo di vivere non sono adeguati, l&rsquo;equilibrio del Suo sistema digestivo pu&oacute; distruggersi facilmente. Il primo passo per l&rsquo;assorbimento e sfrutto buono &eacute; l&rsquo;elaborazione degli alimentari con l&rsquo;aiuto delle enzime. Con delle enzime adatte pu&oacute; aiutare l&rsquo;elaborazione dei grassi, proteini e carboidranti entrati nell&rsquo;organismo, aiutando cos&iacute; il sistema digestivo e tutto l&rsquo;organismo.<\/p>\n<p>&nbsp;<\/p>\n<p>Chi consigliamo:<\/p>\n<ul>&#013;<\/p>\n<li>A quelli che vogliono affiancare bene il loro sistema digestivo,<\/li>\n<p>&#013;<\/p>\n<li>in caso di consumo frequente dei cibi gonfianti, in caso di problemi del gonfiore,<\/li>\n<p>&#013;<\/p>\n<li>in caso di problemi della digestione.<\/li>\n<p>&#013;\n<\/ul>\n<p>&#013;<\/p>\n<p>Principi attivi di Digestive Enzymes\/pasticche:<\/p>\n<p>&#013;<\/p>\n<ul>&#013;<\/p>\n<li>Pancreatin&nbsp;&nbsp; &nbsp;75.0 mg<\/li>\n<p>&#013;<\/p>\n<li>Fennel Seed&nbsp;&nbsp; &nbsp;75.0 mg<\/li>\n<p>&#013;<\/p>\n<li>Turmeric Root&nbsp;&nbsp; &nbsp;37.5 mg<\/li>\n<p>&#013;<\/p>\n<li>L-Glutamic Acid&nbsp;&nbsp; &nbsp;25.0 mg<\/li>\n<p>&#013;<\/p>\n<li>Pepsin&nbsp;&nbsp; &nbsp;17.5 mg<\/li>\n<p>&#013;<\/p>\n<li>Bromelain&nbsp;&nbsp; &nbsp;12.5 mg<\/li>\n<p>&#013;<\/p>\n<li>Diastase&nbsp;&nbsp; &nbsp;10.0 mg<\/li>\n<p>&#013;<\/p>\n<li>Protease&nbsp;&nbsp; &nbsp;7.5 mg<\/li>\n<p>&#013;<\/p>\n<li>Papain&nbsp;&nbsp; &nbsp;5.0 mg<\/li>\n<p>&#013;\n<\/ul>\n<p>&nbsp;<\/p>\n<p>&nbsp;<\/p>\n<p><strong>7 motivi per cui vale la pena di scegliere i prodotti di CaliVita<\/strong>:<\/p>\n<ul>\n<li>La CaliVita \u00e8 gi\u00e0 da pi\u00f9 di 30 anni offre con esperienza professionale eccellente i prodotti ce sono convenienti anche alle norme pi\u00f9 rigide di qualit\u00e0.<\/li>\n<li>Tendiamo sempre di usare i materiali di base naturale derivanti dai sorgenti migliori.<\/li>\n<li>Durante i perfezionamenti lavoriamo sempre con le forme di assorbimento migliore, per esempio quelle di origine organiche.<\/li>\n<li>Assumiamo garanzia di qualit\u00e0 per i nostri prodotti al 100%.<\/li>\n<li>I nostri prodotti sono sottoposti pi\u00f9 volte ai processi rigidi di controllo per assicurare la qualit\u00e0 eccellente continua.<\/li>\n<li>La maggior parte dei nostri integratori alimentari sono fatti negli Stati Uniti con le condizioni di fabbrica farmaceutica.<\/li>\n<li>La produzione viene effettuata secondo i fattori rigidi della gestione e contollo di qualit\u00e0 del <strong>cGMP<\/strong> (buone pratiche di fabbricazione), in pi\u00f9 \u00e8 assicurato anche il controllo continuo e la supervisione sistematica del FDA (US Food and Drug Administration). Collaboriamo strettamente anche con le autorit\u00e0 locali di autorizzazione per far arrivare sempre ai nostri consumatori i prodotti migliori.<\/li>\n<\/ul>\n","protected":false},"excerpt":{"rendered":"<p>Quantit\u00e0 in magazzino: 7 <\/p>\n","protected":false},"featured_media":9128,"comment_status":"closed","ping_status":"open","template":"","meta":[],"product_brand":[],"product_cat":[372],"product_tag":[],"class_list":{"0":"post-7660","1":"product","2":"type-product","3":"status-publish","4":"has-post-thumbnail","6":"product_cat-integratori-naturali","8":"first","9":"instock","10":"product-type-external"},"_links":{"self":[{"href":"https:\/\/vitashop.info\/it\/wp-json\/wp\/v2\/product\/7660","targetHints":{"allow":["GET"]}}],"collection":[{"href":"https:\/\/vitashop.info\/it\/wp-json\/wp\/v2\/product"}],"about":[{"href":"https:\/\/vitashop.info\/it\/wp-json\/wp\/v2\/types\/product"}],"replies":[{"embeddable":true,"href":"https:\/\/vitashop.info\/it\/wp-json\/wp\/v2\/comments?post=7660"}],"wp:featuredmedia":[{"embeddable":true,"href":"https:\/\/vitashop.info\/it\/wp-json\/wp\/v2\/media\/9128"}],"wp:attachment":[{"href":"https:\/\/vitashop.info\/it\/wp-json\/wp\/v2\/media?parent=7660"}],"wp:term":[{"taxonomy":"product_brand","embeddable":true,"href":"https:\/\/vitashop.info\/it\/wp-json\/wp\/v2\/product_brand?post=7660"},{"taxonomy":"product_cat","embeddable":true,"href":"https:\/\/vitashop.info\/it\/wp-json\/wp\/v2\/product_cat?post=7660"},{"taxonomy":"product_tag","embeddable":true,"href":"https:\/\/vitashop.info\/it\/wp-json\/wp\/v2\/product_tag?post=7660"}],"curies":[{"name":"wp","href":"https:\/\/api.w.org\/{rel}","templated":true}]}}