{"id":7642,"date":"2026-04-13T22:51:04","date_gmt":"2026-04-13T22:51:04","guid":{"rendered":"https:\/\/vitashop.info\/it\/prodotto\/c-1000-plus-100-pasticce-megadosi-di-vitamina-c\/"},"modified":"2026-04-13T22:53:03","modified_gmt":"2026-04-13T22:53:03","slug":"c-1000-plus-100-pasticce-megadosi-di-vitamina-c","status":"publish","type":"product","link":"https:\/\/vitashop.info\/it\/prodotto\/c-1000-plus-100-pasticce-megadosi-di-vitamina-c\/","title":{"rendered":"C 1000 Plus 100 pasticce &#8211; Megadosi di vitamina C"},"content":{"rendered":"<p>Dosaggio: 1 pasticca al giorno.<\/p>\n<p>&nbsp;<\/p>\n<p>Descrizione:<\/p>\n<p style=\"text-align: justify\">La C1000 Plus, con megadosi di vitamina C di assorbimento allungato e con la rosa canina da produzione organica per incrementare l&rsquo;effetto della vitamina C, affianca la difesa del nostro sistema immunitario in tutti i periodi critici quando il nostro organismo ne ha la massima necessit&agrave;. Inoltre si aggiunge alla formazione del collageno e aiuta a mantenere la salute delle vene, delle ossa, delle cartilageni, dei denti, della gengiva e quella della pelle.<\/p>\n<p>&nbsp;<\/p>\n<p>Chi consigliamo:<\/p>\n<ul>&#013;<\/p>\n<li>Per chi sono sensibili alle infezioni,<\/li>\n<p>&#013;<\/p>\n<li>nei mesi pi&ugrave; freddi dell&rsquo;inverno per tutti per l&rsquo;affiancamento maggiore del sistema immunitario,<\/li>\n<p>&#013;<\/p>\n<li>per i sportivi e per le persone che hanno lavoro duro fisico, per diminuire il disfacimento,<\/li>\n<p>&#013;<\/p>\n<li>per chi sono sotto caricamento intensivo mentale, per il funzionamento normale del sistema nervoso.<\/li>\n<p>&#013;<\/p>\n<li>per anziani e per le persone in recupero da una malattia,<\/li>\n<p>&#013;<\/p>\n<li>per intensificare l&rsquo;assorbimento del ferro (specialmente per le donne nell&rsquo;et&agrave; fertile e per le persone in carenza marziale).<\/li>\n<p>&#013;\n<\/ul>\n<p>&#013;<\/p>\n<p>&nbsp;<\/p>\n<p>&nbsp;<\/p>\n<p>Composizione:<\/p>\n<p>Vitamina C 1000 mg<\/p>\n<p>Macinato di rosa canina organica 125 mg<\/p>\n<p>&nbsp;<\/p>\n<p><strong>7 motivi per cui vale la pena di scegliere i prodotti di CaliVita<\/strong>:<\/p>\n<ul>\n<li>La CaliVita \u00e8 gi\u00e0 da pi\u00f9 di 30 anni offre con esperienza professionale eccellente i prodotti ce sono convenienti anche alle norme pi\u00f9 rigide di qualit\u00e0.<\/li>\n<li>Tendiamo sempre di usare i materiali di base naturale derivanti dai sorgenti migliori.<\/li>\n<li>Durante i perfezionamenti lavoriamo sempre con le forme di assorbimento migliore, per esempio quelle di origine organiche.<\/li>\n<li>Assumiamo garanzia di qualit\u00e0 per i nostri prodotti al 100%.<\/li>\n<li>I nostri prodotti sono sottoposti pi\u00f9 volte ai processi rigidi di controllo per assicurare la qualit\u00e0 eccellente continua.<\/li>\n<li>La maggior parte dei nostri integratori alimentari sono fatti negli Stati Uniti con le condizioni di fabbrica farmaceutica.<\/li>\n<li>La produzione viene effettuata secondo i fattori rigidi della gestione e contollo di qualit\u00e0 del <strong>cGMP<\/strong> (buone pratiche di fabbricazione), in pi\u00f9 \u00e8 assicurato anche il controllo continuo e la supervisione sistematica del FDA (US Food and Drug Administration). Collaboriamo strettamente anche con le autorit\u00e0 locali di autorizzazione per far arrivare sempre ai nostri consumatori i prodotti migliori.<\/li>\n<\/ul>\n","protected":false},"excerpt":{"rendered":"<p>Quantit\u00e0 in magazzino: 14 <\/p>\n","protected":false},"featured_media":9114,"comment_status":"closed","ping_status":"open","template":"","meta":[],"product_brand":[],"product_cat":[372],"product_tag":[],"class_list":{"0":"post-7642","1":"product","2":"type-product","3":"status-publish","4":"has-post-thumbnail","6":"product_cat-integratori-naturali","8":"first","9":"instock","10":"product-type-external"},"_links":{"self":[{"href":"https:\/\/vitashop.info\/it\/wp-json\/wp\/v2\/product\/7642","targetHints":{"allow":["GET"]}}],"collection":[{"href":"https:\/\/vitashop.info\/it\/wp-json\/wp\/v2\/product"}],"about":[{"href":"https:\/\/vitashop.info\/it\/wp-json\/wp\/v2\/types\/product"}],"replies":[{"embeddable":true,"href":"https:\/\/vitashop.info\/it\/wp-json\/wp\/v2\/comments?post=7642"}],"wp:featuredmedia":[{"embeddable":true,"href":"https:\/\/vitashop.info\/it\/wp-json\/wp\/v2\/media\/9114"}],"wp:attachment":[{"href":"https:\/\/vitashop.info\/it\/wp-json\/wp\/v2\/media?parent=7642"}],"wp:term":[{"taxonomy":"product_brand","embeddable":true,"href":"https:\/\/vitashop.info\/it\/wp-json\/wp\/v2\/product_brand?post=7642"},{"taxonomy":"product_cat","embeddable":true,"href":"https:\/\/vitashop.info\/it\/wp-json\/wp\/v2\/product_cat?post=7642"},{"taxonomy":"product_tag","embeddable":true,"href":"https:\/\/vitashop.info\/it\/wp-json\/wp\/v2\/product_tag?post=7642"}],"curies":[{"name":"wp","href":"https:\/\/api.w.org\/{rel}","templated":true}]}}