{"id":7634,"date":"2026-04-13T22:51:04","date_gmt":"2026-04-13T22:51:04","guid":{"rendered":"https:\/\/vitashop.info\/it\/prodotto\/arginine-plus-100-pasticche-integratore-energetico\/"},"modified":"2026-04-13T22:53:03","modified_gmt":"2026-04-13T22:53:03","slug":"arginine-plus-100-pasticche-integratore-energetico","status":"publish","type":"product","link":"https:\/\/vitashop.info\/it\/prodotto\/arginine-plus-100-pasticche-integratore-energetico\/","title":{"rendered":"Arginine Plus 100 pasticche &#8211; Integratore energetico"},"content":{"rendered":"<p>Dosaggio: 1 pasticcha al giorno.<\/p>\n<p>&nbsp;<\/p>\n<p>Descrizione:<\/p>\n<p style=\"text-align: justify\">L&rsquo;arginina &eacute; un aminoacido che ha ruolo nel funzionamento, nell&rsquo;aumento e nalla regenerazione dei muscoli, in pi&uacute; pu&oacute; aggiungersi al mantenimento della circolazione sanguigna sana e cos&iacute; anche al funzionamento sano del sistema vascolare. &Eacute; stimulante di ormoni somatotropi e di insulina, e in pi&uacute; precursore del monossido di azoto che ha l&rsquo;effetto di allargare le pareti dei vasi sanguigni.<\/p>\n<p>&nbsp;<\/p>\n<p>Chi consigliamo:<\/p>\n<ul>&#013;<\/p>\n<li>Ai sportivi e ai culturisti, dato che aiuta il trasporto di ossigeno e quello di nutrienti, l&rsquo;aumento la regenerazione del peso basso muscolare,<\/li>\n<p>&#013;<\/p>\n<li>a quelli che fanno lavoro duro fisico,<\/li>\n<p>&#013;<\/p>\n<li>aiuta la sintesi proteica, la secrezione degli ormoni e dell&rsquo;insulina,<\/li>\n<p>&#013;<\/p>\n<li>per la protezione del sistema cardiovascolare dato che ha l&rsquo;effetto vasodilatatore,<\/li>\n<p>&#013;<\/p>\n<li>per aiutare i processi della depurazione del corpo,<\/li>\n<p>&#013;<\/p>\n<li>pu&oacute; aiutare nell&rsquo;aumento della potenzialit&aacute; sessuale.<\/li>\n<p>&#013;\n<\/ul>\n<p>&nbsp;<\/p>\n<p>Composizione:<\/p>\n<p>L-Arginina 500 mg<\/p>\n<p>Alpha Ketoglutaric Acid 50 mg<\/p>\n<p>Manganese 600 mcg<\/p>\n<p>&nbsp;<\/p>\n<p><strong>7 motivi per cui vale la pena di scegliere i prodotti di CaliVita<\/strong>:<\/p>\n<ul>\n<li>La CaliVita \u00e8 gi\u00e0 da pi\u00f9 di 30 anni offre con esperienza professionale eccellente i prodotti ce sono convenienti anche alle norme pi\u00f9 rigide di qualit\u00e0.<\/li>\n<li>Tendiamo sempre di usare i materiali di base naturale derivanti dai sorgenti migliori.<\/li>\n<li>Durante i perfezionamenti lavoriamo sempre con le forme di assorbimento migliore, per esempio quelle di origine organiche.<\/li>\n<li>Assumiamo garanzia di qualit\u00e0 per i nostri prodotti al 100%.<\/li>\n<li>I nostri prodotti sono sottoposti pi\u00f9 volte ai processi rigidi di controllo per assicurare la qualit\u00e0 eccellente continua.<\/li>\n<li>La maggior parte dei nostri integratori alimentari sono fatti negli Stati Uniti con le condizioni di fabbrica farmaceutica.<\/li>\n<li>La produzione viene effettuata secondo i fattori rigidi della gestione e contollo di qualit\u00e0 del <strong>cGMP<\/strong> (buone pratiche di fabbricazione), in pi\u00f9 \u00e8 assicurato anche il controllo continuo e la supervisione sistematica del FDA (US Food and Drug Administration). Collaboriamo strettamente anche con le autorit\u00e0 locali di autorizzazione per far arrivare sempre ai nostri consumatori i prodotti migliori.<\/li>\n<\/ul>\n","protected":false},"excerpt":{"rendered":"<p>Quantit\u00e0 in magazzino: 6 <\/p>\n","protected":false},"featured_media":9106,"comment_status":"closed","ping_status":"open","template":"","meta":[],"product_brand":[],"product_cat":[372],"product_tag":[],"class_list":{"0":"post-7634","1":"product","2":"type-product","3":"status-publish","4":"has-post-thumbnail","6":"product_cat-integratori-naturali","8":"first","9":"instock","10":"product-type-external"},"_links":{"self":[{"href":"https:\/\/vitashop.info\/it\/wp-json\/wp\/v2\/product\/7634","targetHints":{"allow":["GET"]}}],"collection":[{"href":"https:\/\/vitashop.info\/it\/wp-json\/wp\/v2\/product"}],"about":[{"href":"https:\/\/vitashop.info\/it\/wp-json\/wp\/v2\/types\/product"}],"replies":[{"embeddable":true,"href":"https:\/\/vitashop.info\/it\/wp-json\/wp\/v2\/comments?post=7634"}],"wp:featuredmedia":[{"embeddable":true,"href":"https:\/\/vitashop.info\/it\/wp-json\/wp\/v2\/media\/9106"}],"wp:attachment":[{"href":"https:\/\/vitashop.info\/it\/wp-json\/wp\/v2\/media?parent=7634"}],"wp:term":[{"taxonomy":"product_brand","embeddable":true,"href":"https:\/\/vitashop.info\/it\/wp-json\/wp\/v2\/product_brand?post=7634"},{"taxonomy":"product_cat","embeddable":true,"href":"https:\/\/vitashop.info\/it\/wp-json\/wp\/v2\/product_cat?post=7634"},{"taxonomy":"product_tag","embeddable":true,"href":"https:\/\/vitashop.info\/it\/wp-json\/wp\/v2\/product_tag?post=7634"}],"curies":[{"name":"wp","href":"https:\/\/api.w.org\/{rel}","templated":true}]}}