{"id":11921,"date":"2026-04-13T23:57:06","date_gmt":"2026-04-13T22:57:06","guid":{"rendered":"https:\/\/vitashop.info\/hu\/termek\/epsom-detox-caps-90-novenyi-kapszula-tiszta-magnezium-so\/"},"modified":"2026-04-13T23:59:12","modified_gmt":"2026-04-13T22:59:12","slug":"epsom-detox-caps-90-novenyi-kapszula-tiszta-magnezium-so","status":"publish","type":"product","link":"https:\/\/vitashop.info\/hu\/termek\/epsom-detox-caps-90-novenyi-kapszula-tiszta-magnezium-so\/","title":{"rendered":"Epsom Detox Caps 90 n\u00f6v\u00e9nyi kapszula &#8211; tiszta magn\u00e9zium s\u00f3"},"content":{"rendered":"<p>Adagol\u00e1s: 1 kapszula naponta. Az aj\u00e1nlott napi fogyaszt\u00e1si mennyis\u00e9get ne l\u00e9pd t\u00fal!<\/p>\n<p>&nbsp;<\/p>\n<p>Le\u00edr\u00e1s:<\/p>\n<p>Az Epsom Detox Caps a tiszta magn&eacute;zium-szulf&aacute;t s&oacute; term&eacute;szetes erej&eacute;vel seg&iacute;ti beind&iacute;tani a b&eacute;lmozg&aacute;st &eacute;s megind&iacute;tani a sz&eacute;kel&eacute;st. K&uacute;raszer\u0171 m&eacute;regtelen&iacute;t&eacute;sre is haszn&aacute;lhat&oacute; a b&eacute;lrendszer kitiszt&iacute;t&aacute;s&aacute;ra, a szervezet m&eacute;reganyagokt&oacute;l val&oacute; megszabad&iacute;t&aacute;s&aacute;nak t&aacute;mogat&aacute;s&aacute;ra. GMO-mentes, mesters&eacute;ges adal&eacute;kanyagokt&oacute;l mentes, veg&aacute;n term&eacute;k. Semleges &iacute;z\u0171 n&ouml;v&eacute;nyi kapszul&aacute;ban k&iacute;n&aacute;ljuk.<\/p>\n<p>&nbsp;<\/p>\n<p>Kinek aj\u00e1nljuk:<\/p>\n<p>&#8211; Sz&eacute;kreked&eacute;ssel k&uuml;zd\u0151k sz&aacute;m&aacute;ra a sz&eacute;kel&eacute;s el\u0151seg&iacute;t&eacute;s&eacute;re, a b&eacute;lmozg&aacute;s beind&iacute;t&aacute;s&aacute;ra.<\/p>\n<p>&#013;<\/p>\n<p>&#8211; M&eacute;regtelen&iacute;t\u0151 k&uacute;r&aacute;t v&eacute;gz\u0151knek, mert seg&iacute;t a b&eacute;lrendszer kitiszt&iacute;t&aacute;s&aacute;ban, a szervezet m&eacute;reganyagokt&oacute;l val&oacute; megszabad&iacute;t&aacute;s&aacute;ban.<\/p>\n<p>&#013;<\/p>\n<p>&#8211; Azoknak, akik az Epsom-s&oacute; keser\u0171 &iacute;ze miatt a semleges &iacute;z\u0171, kapszul&aacute;zott form&aacute;t prefer&aacute;lj&aacute;k.<\/p>\n<p>&nbsp;<\/p>\n<p>Hozz\u00e1val\u00f3k:<\/p>\n<p>Magn\u00e9zium-szulf\u00e1t 1000 mg<\/p>\n<p>&nbsp;<\/p>\n<p>Mi\u00e9rt \u00e9rdemes a calivita term\u00e9keit v\u00e1lasztanod?<\/p>\n<ul>\n<li>A Calivita 30 \u00e9ve k\u00edn\u00e1l a\u00a0legmagasabb min\u0151s\u00e9gi el\u0151\u00edr\u00e1soknak\u00a0is megfelel\u0151 term\u00e9keket.<\/li>\n<li>Mindig t\u00f6reksz\u00fcnk a\u00a0legjobb forr\u00e1sb\u00f3l sz\u00e1rmaz\u00f3 term\u00e9szetes alapanyagok\u00a0\u00e9s a\u00a0jobb felsz\u00edv\u00f3d\u00e1s\u00fa, pl. szerves form\u00e1k felhaszn\u00e1l\u00e1s\u00e1ra.<\/li>\n<li>\u00c9trend-kieg\u00e9sz\u00edt\u0151ink t\u00falnyom\u00f3 t\u00f6bbs\u00e9ge az USA-ban,\u00a0gy\u00f3gyszergy\u00e1ri k\u00f6r\u00fclm\u00e9nyek k\u00f6z\u00f6tt\u00a0k\u00e9sz\u00fcl.<\/li>\n<li>A gy\u00e1rt\u00e1s a cGMP szigor\u00fa min\u0151s\u00e9gellen\u0151rz\u00e9si elveinek megfelel\u0151en,\u00a0az FDA folyamatos ellen\u0151rz\u00e9se mellett t\u00f6rt\u00e9nik, mindemellett term\u00e9keink t\u00f6bbsz\u00f6r\u00f6s bevizsg\u00e1l\u00e1si folyamaton\u00a0esnek \u00e1t.<\/li>\n<li>Valamennyi\u00a0Magyarorsz\u00e1gon forgalmazott\u00a0\u00e9trend-kieg\u00e9sz\u00edt\u0151nk \u00e9rv\u00e9nyes OGY\u00c9I\u00a0notifik\u00e1ci\u00f3val rendelkezik.<\/li>\n<\/ul>\n","protected":false},"excerpt":{"rendered":"<p>Quantity in stock: 112 <\/p>\n","protected":false},"featured_media":12847,"comment_status":"closed","ping_status":"open","template":"","meta":[],"product_brand":[],"product_cat":[425],"product_tag":[],"class_list":{"0":"post-11921","1":"product","2":"type-product","3":"status-publish","4":"has-post-thumbnail","6":"product_cat-termeszetes-kiegeszitok","8":"first","9":"instock","10":"product-type-external"},"_links":{"self":[{"href":"https:\/\/vitashop.info\/hu\/wp-json\/wp\/v2\/product\/11921","targetHints":{"allow":["GET"]}}],"collection":[{"href":"https:\/\/vitashop.info\/hu\/wp-json\/wp\/v2\/product"}],"about":[{"href":"https:\/\/vitashop.info\/hu\/wp-json\/wp\/v2\/types\/product"}],"replies":[{"embeddable":true,"href":"https:\/\/vitashop.info\/hu\/wp-json\/wp\/v2\/comments?post=11921"}],"wp:featuredmedia":[{"embeddable":true,"href":"https:\/\/vitashop.info\/hu\/wp-json\/wp\/v2\/media\/12847"}],"wp:attachment":[{"href":"https:\/\/vitashop.info\/hu\/wp-json\/wp\/v2\/media?parent=11921"}],"wp:term":[{"taxonomy":"product_brand","embeddable":true,"href":"https:\/\/vitashop.info\/hu\/wp-json\/wp\/v2\/product_brand?post=11921"},{"taxonomy":"product_cat","embeddable":true,"href":"https:\/\/vitashop.info\/hu\/wp-json\/wp\/v2\/product_cat?post=11921"},{"taxonomy":"product_tag","embeddable":true,"href":"https:\/\/vitashop.info\/hu\/wp-json\/wp\/v2\/product_tag?post=11921"}],"curies":[{"name":"wp","href":"https:\/\/api.w.org\/{rel}","templated":true}]}}