{"id":11915,"date":"2025-11-04T00:57:14","date_gmt":"2025-11-03T23:57:14","guid":{"rendered":"https:\/\/vitashop.info\/hu\/termek\/super-soya-lecithin-100-lagyzselatin-kapszula-szojalecitin\/"},"modified":"2026-04-20T23:59:05","modified_gmt":"2026-04-20T22:59:05","slug":"super-soya-lecithin-100-lagyzselatin-kapszula-szojalecitin","status":"publish","type":"product","link":"https:\/\/vitashop.info\/hu\/termek\/super-soya-lecithin-100-lagyzselatin-kapszula-szojalecitin\/","title":{"rendered":"Super Soya Lecithin 100 l\u00e1gyzselatin-kapszula &#8211; Sz\u00f3jalecitin"},"content":{"rendered":"<p>Adagol\u00e1s: 1-2 l\u00e1gyzselatin-kapszula naponta<\/p>\n<p>&nbsp;<\/p>\n<p>Le\u00edr\u00e1s:<\/p>\n<p>A sz&oacute;jalecitin seg&iacute;t fenntartani az eg&eacute;szs&eacute;ges v&eacute;rzs&iacute;rszintet &eacute;s kering&eacute;st, m&aacute;jv&eacute;d\u0151 hat&aacute;s&uacute;, t&aacute;mogatja annak munk&aacute;j&aacute;t. A lecitineknek rendk&iacute;v&uuml;li jelent\u0151s&eacute;g&uuml;k van a szellemi frissess&eacute;g, a koncentr&aacute;ci&oacute; &eacute;s a tanul&aacute;si folyamatok t&aacute;mogat&aacute;s&aacute;ban, tov&aacute;bb&aacute; a szellemi hanyatl&aacute;s elleni k&uuml;zdelemben, de zs&iacute;rbont&oacute; anyagk&eacute;nt is sz&aacute;mon tartj&aacute;k.<\/p>\n<p>&#013;<\/p>\n<p>&nbsp;<\/p>\n<p>&nbsp;<\/p>\n<p>Kinek aj\u00e1nljuk:<\/p>\n<ul>&#013;<\/p>\n<li>&Iacute;z&uuml;leti probl&eacute;m&aacute;kkal k&uuml;zd\u0151knek.<\/li>\n<p>&#013;<\/p>\n<li>Id\u0151seknek a szellemi frissess&eacute;g meg\u0151rz&eacute;s&eacute;re.<\/li>\n<p>&#013;<\/p>\n<li>Sportol&oacute;knak &eacute;s neh&eacute;z fizikai munk&aacute;t v&eacute;gz\u0151knek a kering&eacute;s &eacute;s az &iacute;z&uuml;letek t&aacute;mogat&aacute;s&aacute;&eacute;rt.<\/li>\n<p>&#013;<\/p>\n<li>Koleszterinszint cs&ouml;kkent&eacute;s&eacute;nek t&aacute;mogat&aacute;s&aacute;hoz.<\/li>\n<p>&#013;\n<\/ul>\n<p>&nbsp;<\/p>\n<p>Hozz\u00e1val\u00f3k:<\/p>\n<p>Sz\u00f3jalecitin* 1200 mg<\/p>\n<p>&nbsp;<\/p>\n<p>Mi\u00e9rt \u00e9rdemes a calivita term\u00e9keit v\u00e1lasztanod?<\/p>\n<ul>\n<li>A Calivita 30 \u00e9ve k\u00edn\u00e1l a\u00a0legmagasabb min\u0151s\u00e9gi el\u0151\u00edr\u00e1soknak\u00a0is megfelel\u0151 term\u00e9keket.<\/li>\n<li>Mindig t\u00f6reksz\u00fcnk a\u00a0legjobb forr\u00e1sb\u00f3l sz\u00e1rmaz\u00f3 term\u00e9szetes alapanyagok\u00a0\u00e9s a\u00a0jobb felsz\u00edv\u00f3d\u00e1s\u00fa, pl. szerves form\u00e1k felhaszn\u00e1l\u00e1s\u00e1ra.<\/li>\n<li>\u00c9trend-kieg\u00e9sz\u00edt\u0151ink t\u00falnyom\u00f3 t\u00f6bbs\u00e9ge az USA-ban,\u00a0gy\u00f3gyszergy\u00e1ri k\u00f6r\u00fclm\u00e9nyek k\u00f6z\u00f6tt\u00a0k\u00e9sz\u00fcl.<\/li>\n<li>A gy\u00e1rt\u00e1s a cGMP szigor\u00fa min\u0151s\u00e9gellen\u0151rz\u00e9si elveinek megfelel\u0151en,\u00a0az FDA folyamatos ellen\u0151rz\u00e9se mellett t\u00f6rt\u00e9nik, mindemellett term\u00e9keink t\u00f6bbsz\u00f6r\u00f6s bevizsg\u00e1l\u00e1si folyamaton\u00a0esnek \u00e1t.<\/li>\n<li>Valamennyi\u00a0Magyarorsz\u00e1gon forgalmazott\u00a0\u00e9trend-kieg\u00e9sz\u00edt\u0151nk \u00e9rv\u00e9nyes OGY\u00c9I\u00a0notifik\u00e1ci\u00f3val rendelkezik.<\/li>\n<\/ul>\n","protected":false},"excerpt":{"rendered":"<p>Quantity in stock: 12 <\/p>\n","protected":false},"featured_media":11990,"comment_status":"closed","ping_status":"open","template":"","meta":[],"product_brand":[],"product_cat":[425],"product_tag":[],"class_list":{"0":"post-11915","1":"product","2":"type-product","3":"status-publish","4":"has-post-thumbnail","6":"product_cat-termeszetes-kiegeszitok","8":"first","9":"instock","10":"product-type-external"},"_links":{"self":[{"href":"https:\/\/vitashop.info\/hu\/wp-json\/wp\/v2\/product\/11915","targetHints":{"allow":["GET"]}}],"collection":[{"href":"https:\/\/vitashop.info\/hu\/wp-json\/wp\/v2\/product"}],"about":[{"href":"https:\/\/vitashop.info\/hu\/wp-json\/wp\/v2\/types\/product"}],"replies":[{"embeddable":true,"href":"https:\/\/vitashop.info\/hu\/wp-json\/wp\/v2\/comments?post=11915"}],"wp:featuredmedia":[{"embeddable":true,"href":"https:\/\/vitashop.info\/hu\/wp-json\/wp\/v2\/media\/11990"}],"wp:attachment":[{"href":"https:\/\/vitashop.info\/hu\/wp-json\/wp\/v2\/media?parent=11915"}],"wp:term":[{"taxonomy":"product_brand","embeddable":true,"href":"https:\/\/vitashop.info\/hu\/wp-json\/wp\/v2\/product_brand?post=11915"},{"taxonomy":"product_cat","embeddable":true,"href":"https:\/\/vitashop.info\/hu\/wp-json\/wp\/v2\/product_cat?post=11915"},{"taxonomy":"product_tag","embeddable":true,"href":"https:\/\/vitashop.info\/hu\/wp-json\/wp\/v2\/product_tag?post=11915"}],"curies":[{"name":"wp","href":"https:\/\/api.w.org\/{rel}","templated":true}]}}