{"id":11181,"date":"2026-03-10T00:57:08","date_gmt":"2026-03-09T23:57:08","guid":{"rendered":"https:\/\/vitashop.info\/hu\/produkt\/one-diet-shaker-szurke-szinben-1-darab\/"},"modified":"2026-03-10T00:57:09","modified_gmt":"2026-03-09T23:57:09","slug":"one-diet-shaker-szurke-szinben-1-darab","status":"publish","type":"product","link":"https:\/\/vitashop.info\/hu\/termek\/one-diet-shaker-szurke-szinben-1-darab\/","title":{"rendered":"one diet shaker sz\u00fcrke sz\u00ednben 1 darab &#8211;"},"content":{"rendered":"\n<p>&nbsp;<\/p>\n<p>Le\u00edr\u00e1s:<\/p>\n<p>350 ml-es min\u0151s&eacute;gi, &aacute;tl&aacute;tsz&oacute; shaker sz&uuml;rke sz&iacute;nben.<\/p>\n<p>&#013;<\/p>\n<p>Jellemz\u0151i:<\/p>\n<p>&#013;<\/p>\n<ul>&#013;<\/p>\n<li>BPA-mentes anyag<\/li>\n<p>&#013;<\/p>\n<li>DEHP-mentes anyag<\/li>\n<p>&#013;<\/p>\n<li>Sziv&aacute;rg&aacute;smentes technol&oacute;gia<\/li>\n<p>&#013;<\/p>\n<li>M&eacute;r\u0151s&aacute;vval ell&aacute;tva<\/li>\n<p>&#013;<\/p>\n<li>Elk&uuml;l&ouml;n&iacute;tett alr&eacute;sz a por vagy tabletta r&eacute;sz&eacute;re<\/li>\n<p>&#013;<\/p>\n<li>Mosogat&oacute;g&eacute;pben moshat&oacute;<\/li>\n<p>&#013;<\/p>\n<li>Az als&oacute; &eacute;s fels\u0151r&eacute;sz lecsavarhat&oacute;, &iacute;gy a k&uuml;l&ouml;nb&ouml;z\u0151 sz&iacute;n\u0171 shaker-ekkel &ouml;sszeilleszthet\u0151<\/li>\n<p>&#013;<\/p>\n<li>az elej&eacute;n &rsquo;shake one&rsquo; le&iacute;r&aacute;ssal, m&iacute;g a h&aacute;toldal&aacute;n &rsquo;CaliVita International&rsquo; log&oacute;val ell&aacute;tott term&eacute;k.<\/li>\n<p>&#013;\n<\/ul>\n<p>&nbsp;<\/p>\n<p>&nbsp;<\/p>\n","protected":false},"excerpt":{"rendered":"<p>Quantity in stock: 22 <\/p>\n","protected":false},"featured_media":11182,"comment_status":"closed","ping_status":"open","template":"","meta":[],"product_brand":[],"product_cat":[429],"product_tag":[],"class_list":{"0":"post-11181","1":"product","2":"type-product","3":"status-publish","4":"has-post-thumbnail","6":"product_cat-mas-termekek","8":"first","9":"instock","10":"product-type-external"},"_links":{"self":[{"href":"https:\/\/vitashop.info\/hu\/wp-json\/wp\/v2\/product\/11181","targetHints":{"allow":["GET"]}}],"collection":[{"href":"https:\/\/vitashop.info\/hu\/wp-json\/wp\/v2\/product"}],"about":[{"href":"https:\/\/vitashop.info\/hu\/wp-json\/wp\/v2\/types\/product"}],"replies":[{"embeddable":true,"href":"https:\/\/vitashop.info\/hu\/wp-json\/wp\/v2\/comments?post=11181"}],"wp:featuredmedia":[{"embeddable":true,"href":"https:\/\/vitashop.info\/hu\/wp-json\/wp\/v2\/media\/11182"}],"wp:attachment":[{"href":"https:\/\/vitashop.info\/hu\/wp-json\/wp\/v2\/media?parent=11181"}],"wp:term":[{"taxonomy":"product_brand","embeddable":true,"href":"https:\/\/vitashop.info\/hu\/wp-json\/wp\/v2\/product_brand?post=11181"},{"taxonomy":"product_cat","embeddable":true,"href":"https:\/\/vitashop.info\/hu\/wp-json\/wp\/v2\/product_cat?post=11181"},{"taxonomy":"product_tag","embeddable":true,"href":"https:\/\/vitashop.info\/hu\/wp-json\/wp\/v2\/product_tag?post=11181"}],"curies":[{"name":"wp","href":"https:\/\/api.w.org\/{rel}","templated":true}]}}