{"id":11158,"date":"2026-04-13T23:57:11","date_gmt":"2026-04-13T22:57:11","guid":{"rendered":"https:\/\/vitashop.info\/hu\/produkt\/vein-care-75-ml-visszerkrem\/"},"modified":"2026-04-13T23:59:10","modified_gmt":"2026-04-13T22:59:10","slug":"vein-care-75-ml-visszerkrem","status":"publish","type":"product","link":"https:\/\/vitashop.info\/hu\/termek\/vein-care-75-ml-visszerkrem\/","title":{"rendered":"vein care 75 ml &#8211; vissz\u00e9rkr\u00e9m"},"content":{"rendered":"<p> napi 2-3 alkalommal, k\u00fcls\u0151leg<\/p>\n<p>&nbsp;<\/p>\n<p>Le\u00edr\u00e1s:<\/p>\n<p><span class=\"blacktext\" style=\"background-color: #ffffff;color: #000000\"><span style=\"font-family: Calibri;font-size: 12pt\">A<\/span><\/span><span class=\"blacktext\" style=\"background-color: #ffffff\"><span style=\"font-family: Calibri;font-size: 12pt\"> Vein Care a v&ouml;r&ouml;s sz\u0151l\u0151lev&eacute;l kivonat&aacute;val, &eacute;s az indiai t&ouml;mj&eacute;nfa gyant&aacute;j&aacute;t tartalmaz&oacute; Soothex&reg; formul&aacute;val seg&iacute;t enyh&iacute;teni az elnehez&uuml;lt l&aacute;b &eacute;rz&eacute;s&eacute;n.&nbsp; <\/span><\/span><span class=\"blacktext\" style=\"background-color: #ffffff\"><span style=\"font-size: 12pt\"><span style=\"font-family: Calibri\">Hat&oacute;anyagai kedvez\u0151en hatnak<\/span><span class=\"graytext\" style=\"color: #000000;font-family: Calibri\"> az erek &aacute;llapot&aacute;ra, cs&ouml;kkenthetik azok l&aacute;that&oacute;s&aacute;g&aacute;t, felfriss&iacute;tik &eacute;s nyugtatj&aacute;k a b\u0151rt.<\/span><\/span><\/span><\/p>\n<p>&#013;<\/p>\n<p>&nbsp;<\/p>\n<p>&#013;<\/p>\n<p>&nbsp;<\/p>\n<p>&nbsp;<\/p>\n<p>Kinek aj\u00e1nljuk:<\/p>\n<ul>&#013;<\/p>\n<li>Azoknak, akik vissz&eacute;rbetegs&eacute;geik komplex kezel&eacute;s&eacute;t szeretn&eacute;k hathat&oacute;san kieg&eacute;sz&iacute;teni.<\/li>\n<p>&#013;<\/p>\n<li>Azoknak, akik szeretn&eacute;nek tenni a visszerek kialakul&aacute;sa ellen.<\/li>\n<p>&#013;<\/p>\n<li>Azoknak, akik hossz&uacute; ideig tart&oacute; &aacute;ll&oacute;- vagy &eacute;ppen &uuml;l\u0151munk&aacute;t v&eacute;geznek, &eacute;s ez megviseli l&aacute;bukat.<\/li>\n<p>&#013;<\/p>\n<li>Azoknak, akik s\u0171r\u0171n viselnek szoros, k&eacute;nyelmetlen l&aacute;bbelit.<\/li>\n<p>&#013;<\/p>\n<li>Azoknak, akiknek s&uacute;lyfelesleg&uuml;k vagy mozg&aacute;sszeg&eacute;ny &eacute;letm&oacute;djuk hat ki l&aacute;buk eg&eacute;szs&eacute;g&eacute;re.<\/li>\n<p>&#013;<\/p>\n<li>Mindenkinek, akinek l&aacute;b&aacute;t a ny&aacute;ri meleg megviseli.<\/li>\n<p>&#013;\n<\/ul>\n<p>&nbsp;<\/p>\n<p>Hozz\u00e1val\u00f3k:<\/p>\n<p>V\u00f6r\u00f6ssz\u0151l\u0151-kivonat  <\/p>\n<p>Indiai t\u00f6mj\u00e9nfa  <\/p>\n","protected":false},"excerpt":{"rendered":"<p>Quantity in stock: 87 <\/p>\n","protected":false},"featured_media":12212,"comment_status":"closed","ping_status":"open","template":"","meta":[],"product_brand":[],"product_cat":[428],"product_tag":[],"class_list":{"0":"post-11158","1":"product","2":"type-product","3":"status-publish","4":"has-post-thumbnail","6":"product_cat-kozmetikumok","8":"first","9":"instock","10":"product-type-external"},"_links":{"self":[{"href":"https:\/\/vitashop.info\/hu\/wp-json\/wp\/v2\/product\/11158","targetHints":{"allow":["GET"]}}],"collection":[{"href":"https:\/\/vitashop.info\/hu\/wp-json\/wp\/v2\/product"}],"about":[{"href":"https:\/\/vitashop.info\/hu\/wp-json\/wp\/v2\/types\/product"}],"replies":[{"embeddable":true,"href":"https:\/\/vitashop.info\/hu\/wp-json\/wp\/v2\/comments?post=11158"}],"wp:featuredmedia":[{"embeddable":true,"href":"https:\/\/vitashop.info\/hu\/wp-json\/wp\/v2\/media\/12212"}],"wp:attachment":[{"href":"https:\/\/vitashop.info\/hu\/wp-json\/wp\/v2\/media?parent=11158"}],"wp:term":[{"taxonomy":"product_brand","embeddable":true,"href":"https:\/\/vitashop.info\/hu\/wp-json\/wp\/v2\/product_brand?post=11158"},{"taxonomy":"product_cat","embeddable":true,"href":"https:\/\/vitashop.info\/hu\/wp-json\/wp\/v2\/product_cat?post=11158"},{"taxonomy":"product_tag","embeddable":true,"href":"https:\/\/vitashop.info\/hu\/wp-json\/wp\/v2\/product_tag?post=11158"}],"curies":[{"name":"wp","href":"https:\/\/api.w.org\/{rel}","templated":true}]}}