{"id":11140,"date":"2026-04-13T23:57:11","date_gmt":"2026-04-13T22:57:11","guid":{"rendered":"https:\/\/vitashop.info\/hu\/produkt\/stress-management-100-tabletta-b-vitamin-komplex-a-kiegyensulyozott-mindennapokert\/"},"modified":"2026-04-13T23:59:07","modified_gmt":"2026-04-13T22:59:07","slug":"stress-management-100-tabletta-b-vitamin-komplex-a-kiegyensulyozott-mindennapokert","status":"publish","type":"product","link":"https:\/\/vitashop.info\/hu\/termek\/stress-management-100-tabletta-b-vitamin-komplex-a-kiegyensulyozott-mindennapokert\/","title":{"rendered":"Stress Management 100 tabletta &#8211; B-vitamin-komplex a kiegyens\u00falyozott mindennapok\u00e9rt"},"content":{"rendered":"<p>Adagol\u00e1s: 1-3 tabletta naponta<\/p>\n<p>&nbsp;<\/p>\n<p>Le\u00edr\u00e1s:<\/p>\n<p>A stressz &eacute;let&uuml;nk r&eacute;sze. Am&iacute;g pozit&iacute;v stresszre sz&uuml;ks&eacute;g&uuml;nk van, mert motiv&aacute;l &eacute;s produkt&iacute;vv&aacute; tesz, addig a negat&iacute;v stressz megkeser&iacute;theti &eacute;let&uuml;nket &eacute;s hosszabb t&aacute;von betegs&eacute;gekhez is vezethet. El\u0151zd meg a stresszt megfelel\u0151 &eacute;letm&oacute;ddal, helyes t&aacute;pl&aacute;lkoz&aacute;ssal! Ehhez ny&uacute;jthat seg&iacute;ts&eacute;get a&nbsp;<strong>Stress Management<\/strong>-ben tal&aacute;lhat&oacute; &#8211; C-vitaminnal &eacute;s magn&eacute;ziummal kieg&eacute;sz&iacute;tett &#8211; B-vitamin-csal&aacute;d, amely nem csak az idegrendszer m\u0171k&ouml;d&eacute;s&eacute;t t&aacute;mogatja, de a test energia-h&aacute;ztart&aacute;s&aacute;t &eacute;s az immunrendszer m\u0171k&ouml;d&eacute;s&eacute;t is pozit&iacute;van befoly&aacute;solja.<\/p>\n<p>&#013;<\/p>\n<p>&nbsp;<\/p>\n<p>&nbsp;<\/p>\n<p>Kinek aj\u00e1nljuk:<\/p>\n<ul>&#013;<\/p>\n<li>Azoknak, akik mindennapi stressznek vannak kit&eacute;ve munk&aacute;juk vagy &eacute;letm&oacute;djuk miatt.<\/li>\n<p>&#013;<\/p>\n<li>Fokozott fizikai megterhel&eacute;s eset&eacute;n.<\/li>\n<p>&#013;<\/p>\n<li>Az immunrendszer er\u0151s&iacute;t&eacute;s&eacute;re mindenkinek.<\/li>\n<p>&#013;\n<\/ul>\n<p>&nbsp;<\/p>\n<p>Hozz\u00e1val\u00f3k:<\/p>\n<p>Inozitol 100 mg<\/p>\n<p>Kolin 100 mg<\/p>\n<p>C-vitamin 60 mg<\/p>\n<p>Magn\u00e9zium 30 mg<\/p>\n<p>Niacin 15 mg<\/p>\n<p>Pantot\u00e9nsav 5 mg<\/p>\n<p>B6-vitamin 2 mg<\/p>\n<p>B2-vitamin 1.8 mg<\/p>\n<p>B1-vitamin 1.3 mg<\/p>\n<p>Folsav 100 mcg<\/p>\n<p>B12-vitamin 2 mcg<\/p>\n<p>&nbsp;<\/p>\n<p>Mi\u00e9rt \u00e9rdemes a calivita term\u00e9keit v\u00e1lasztanod?<\/p>\n<ul>\n<li>A Calivita 30 \u00e9ve k\u00edn\u00e1l a\u00a0legmagasabb min\u0151s\u00e9gi el\u0151\u00edr\u00e1soknak\u00a0is megfelel\u0151 term\u00e9keket.<\/li>\n<li>Mindig t\u00f6reksz\u00fcnk a\u00a0legjobb forr\u00e1sb\u00f3l sz\u00e1rmaz\u00f3 term\u00e9szetes alapanyagok\u00a0\u00e9s a\u00a0jobb felsz\u00edv\u00f3d\u00e1s\u00fa, pl. szerves form\u00e1k felhaszn\u00e1l\u00e1s\u00e1ra.<\/li>\n<li>\u00c9trend-kieg\u00e9sz\u00edt\u0151ink t\u00falnyom\u00f3 t\u00f6bbs\u00e9ge az USA-ban,\u00a0gy\u00f3gyszergy\u00e1ri k\u00f6r\u00fclm\u00e9nyek k\u00f6z\u00f6tt\u00a0k\u00e9sz\u00fcl.<\/li>\n<li>A gy\u00e1rt\u00e1s a cGMP szigor\u00fa min\u0151s\u00e9gellen\u0151rz\u00e9si elveinek megfelel\u0151en,\u00a0az FDA folyamatos ellen\u0151rz\u00e9se mellett t\u00f6rt\u00e9nik, mindemellett term\u00e9keink t\u00f6bbsz\u00f6r\u00f6s bevizsg\u00e1l\u00e1si folyamaton\u00a0esnek \u00e1t.<\/li>\n<li>Valamennyi\u00a0Magyarorsz\u00e1gon forgalmazott\u00a0\u00e9trend-kieg\u00e9sz\u00edt\u0151nk \u00e9rv\u00e9nyes OGY\u00c9I\u00a0notifik\u00e1ci\u00f3val rendelkezik.<\/li>\n<\/ul>\n","protected":false},"excerpt":{"rendered":"<p>Quantity in stock: 95 <\/p>\n","protected":false},"featured_media":12170,"comment_status":"closed","ping_status":"open","template":"","meta":[],"product_brand":[],"product_cat":[425],"product_tag":[],"class_list":{"0":"post-11140","1":"product","2":"type-product","3":"status-publish","4":"has-post-thumbnail","6":"product_cat-termeszetes-kiegeszitok","8":"first","9":"instock","10":"product-type-external"},"_links":{"self":[{"href":"https:\/\/vitashop.info\/hu\/wp-json\/wp\/v2\/product\/11140","targetHints":{"allow":["GET"]}}],"collection":[{"href":"https:\/\/vitashop.info\/hu\/wp-json\/wp\/v2\/product"}],"about":[{"href":"https:\/\/vitashop.info\/hu\/wp-json\/wp\/v2\/types\/product"}],"replies":[{"embeddable":true,"href":"https:\/\/vitashop.info\/hu\/wp-json\/wp\/v2\/comments?post=11140"}],"wp:featuredmedia":[{"embeddable":true,"href":"https:\/\/vitashop.info\/hu\/wp-json\/wp\/v2\/media\/12170"}],"wp:attachment":[{"href":"https:\/\/vitashop.info\/hu\/wp-json\/wp\/v2\/media?parent=11140"}],"wp:term":[{"taxonomy":"product_brand","embeddable":true,"href":"https:\/\/vitashop.info\/hu\/wp-json\/wp\/v2\/product_brand?post=11140"},{"taxonomy":"product_cat","embeddable":true,"href":"https:\/\/vitashop.info\/hu\/wp-json\/wp\/v2\/product_cat?post=11140"},{"taxonomy":"product_tag","embeddable":true,"href":"https:\/\/vitashop.info\/hu\/wp-json\/wp\/v2\/product_tag?post=11140"}],"curies":[{"name":"wp","href":"https:\/\/api.w.org\/{rel}","templated":true}]}}