{"id":11138,"date":"2026-04-13T23:57:11","date_gmt":"2026-04-13T22:57:11","guid":{"rendered":"https:\/\/vitashop.info\/hu\/produkt\/spirulina-chlorella-plus-100-tabletta-komplex-lugosito-keszitmeny\/"},"modified":"2026-04-13T23:59:07","modified_gmt":"2026-04-13T22:59:07","slug":"spirulina-chlorella-plus-100-tabletta-komplex-lugosito-keszitmeny","status":"publish","type":"product","link":"https:\/\/vitashop.info\/hu\/termek\/spirulina-chlorella-plus-100-tabletta-komplex-lugosito-keszitmeny\/","title":{"rendered":"Spirulina Chlorella Plus 100 tabletta &#8211; Komplex l\u00fagos\u00edt\u00f3 k\u00e9sz\u00edtm\u00e9ny"},"content":{"rendered":"<p>Adagol\u00e1s: 1 -3 tabletta naponta<\/p>\n<p>&nbsp;<\/p>\n<p>Le\u00edr\u00e1s:<\/p>\n<p class=\"Norml1\"><span style=\"font-size: 12pt\">A spirulina &eacute;s chlorella alg&aacute;k kombin&aacute;ci&oacute;j&aacute;t a <strong>Spirulina Chlorella PLUS<\/strong> k&eacute;sz&iacute;tm&eacute;nyben lucern&aacute;val &eacute;s b&uacute;zaf\u0171vel eg&eacute;sz&iacute;tett&uuml;k ki. A n&ouml;v&eacute;nyekben megtal&aacute;lhat&oacute; klorofill j&oacute;t&eacute;konyan befoly&aacute;solhatja a szervezet sav-b&aacute;zis egyens&uacute;ly&aacute;t, &iacute;gy k&iacute;m&eacute;letesen m&eacute;regtelen&iacute;t, l&uacute;gos&iacute;t. A tabletta r&eacute;sze egy olyan szabadalmaztatott kever&eacute;k is, melyben ritk&aacute;n fogyasztott z&ouml;lds&eacute;gek &eacute;s n&ouml;v&eacute;nyek hasznos anyagait s\u0171r&iacute;tett&uuml;k egybe. A term&eacute;k a szabad gy&ouml;k&ouml;k ellen is hat&aacute;sos v&eacute;delmet ny&uacute;jt a likopin- &eacute;s luteinkivonatnak k&ouml;sz&ouml;nhet\u0151en.<\/span><\/p>\n<p>&nbsp;<\/p>\n<p>Kinek aj\u00e1nljuk:<\/p>\n<p class=\"Norml1\"><span style=\"font-size: 12pt\"><strong>Mire aj&aacute;nljuk?<\/strong><\/span><\/p>\n<p>&#013;<\/p>\n<ul>&#013;<\/p>\n<li><span style=\"font-size: 12pt\">L&uacute;gos&iacute;t&oacute; k&uacute;r&aacute;k kieg&eacute;sz&iacute;t&eacute;s&eacute;re.<\/span><\/li>\n<p>&#013;<\/p>\n<li><span style=\"font-size: 12pt\">Savas&iacute;t&oacute; &eacute;telek (p&eacute;ld&aacute;ul h&uacute;s, &aacute;llati zs&iacute;r, nem hidegen sajtolt olaj, finom&iacute;tott liszt, cukor) t&uacute;lzott fogyaszt&aacute;sa eset&eacute;n.<\/span><\/li>\n<p>&#013;<\/p>\n<li><span style=\"font-size: 12pt\">Esszenci&aacute;lis aminosavak p&oacute;tl&aacute;s&aacute;ra.<\/span><\/li>\n<p>&#013;\n<\/ul>\n<p>&nbsp;<\/p>\n<p>Hozz\u00e1val\u00f3k:<\/p>\n<p>Chlorella algapor 250 mg<\/p>\n<p>Spirulina algapor 250 mg<\/p>\n<p>Szabadalmaztatott kever\u00e9k (ebb\u0151l zellergum\u00f3por 15 mg)** 140 mg<\/p>\n<p>B\u00fazaf\u0171por** 100 mg<\/p>\n<p>Lucernalev\u00e9lpor 100 mg<\/p>\n<p>&nbsp;<\/p>\n<p>Mi\u00e9rt \u00e9rdemes a calivita term\u00e9keit v\u00e1lasztanod?<\/p>\n<ul>\n<li>A Calivita 30 \u00e9ve k\u00edn\u00e1l a\u00a0legmagasabb min\u0151s\u00e9gi el\u0151\u00edr\u00e1soknak\u00a0is megfelel\u0151 term\u00e9keket.<\/li>\n<li>Mindig t\u00f6reksz\u00fcnk a\u00a0legjobb forr\u00e1sb\u00f3l sz\u00e1rmaz\u00f3 term\u00e9szetes alapanyagok\u00a0\u00e9s a\u00a0jobb felsz\u00edv\u00f3d\u00e1s\u00fa, pl. szerves form\u00e1k felhaszn\u00e1l\u00e1s\u00e1ra.<\/li>\n<li>\u00c9trend-kieg\u00e9sz\u00edt\u0151ink t\u00falnyom\u00f3 t\u00f6bbs\u00e9ge az USA-ban,\u00a0gy\u00f3gyszergy\u00e1ri k\u00f6r\u00fclm\u00e9nyek k\u00f6z\u00f6tt\u00a0k\u00e9sz\u00fcl.<\/li>\n<li>A gy\u00e1rt\u00e1s a cGMP szigor\u00fa min\u0151s\u00e9gellen\u0151rz\u00e9si elveinek megfelel\u0151en,\u00a0az FDA folyamatos ellen\u0151rz\u00e9se mellett t\u00f6rt\u00e9nik, mindemellett term\u00e9keink t\u00f6bbsz\u00f6r\u00f6s bevizsg\u00e1l\u00e1si folyamaton\u00a0esnek \u00e1t.<\/li>\n<li>Valamennyi\u00a0Magyarorsz\u00e1gon forgalmazott\u00a0\u00e9trend-kieg\u00e9sz\u00edt\u0151nk \u00e9rv\u00e9nyes OGY\u00c9I\u00a0notifik\u00e1ci\u00f3val rendelkezik.<\/li>\n<\/ul>\n","protected":false},"excerpt":{"rendered":"<p>Quantity in stock: 207 <\/p>\n","protected":false},"featured_media":12169,"comment_status":"closed","ping_status":"open","template":"","meta":[],"product_brand":[],"product_cat":[425],"product_tag":[],"class_list":{"0":"post-11138","1":"product","2":"type-product","3":"status-publish","4":"has-post-thumbnail","6":"product_cat-termeszetes-kiegeszitok","8":"first","9":"instock","10":"product-type-external"},"_links":{"self":[{"href":"https:\/\/vitashop.info\/hu\/wp-json\/wp\/v2\/product\/11138","targetHints":{"allow":["GET"]}}],"collection":[{"href":"https:\/\/vitashop.info\/hu\/wp-json\/wp\/v2\/product"}],"about":[{"href":"https:\/\/vitashop.info\/hu\/wp-json\/wp\/v2\/types\/product"}],"replies":[{"embeddable":true,"href":"https:\/\/vitashop.info\/hu\/wp-json\/wp\/v2\/comments?post=11138"}],"wp:featuredmedia":[{"embeddable":true,"href":"https:\/\/vitashop.info\/hu\/wp-json\/wp\/v2\/media\/12169"}],"wp:attachment":[{"href":"https:\/\/vitashop.info\/hu\/wp-json\/wp\/v2\/media?parent=11138"}],"wp:term":[{"taxonomy":"product_brand","embeddable":true,"href":"https:\/\/vitashop.info\/hu\/wp-json\/wp\/v2\/product_brand?post=11138"},{"taxonomy":"product_cat","embeddable":true,"href":"https:\/\/vitashop.info\/hu\/wp-json\/wp\/v2\/product_cat?post=11138"},{"taxonomy":"product_tag","embeddable":true,"href":"https:\/\/vitashop.info\/hu\/wp-json\/wp\/v2\/product_tag?post=11138"}],"curies":[{"name":"wp","href":"https:\/\/api.w.org\/{rel}","templated":true}]}}